{"id":103818,"date":"2026-02-01T16:51:14","date_gmt":"2026-02-01T16:51:14","guid":{"rendered":"https:\/\/e.kosmolat.eu\/product\/gp-dizdadzu-ella-un-sark-piparu-ella-matu-augsanas-stimul-100-ml\/"},"modified":"2026-05-09T01:03:40","modified_gmt":"2026-05-09T01:03:40","slug":"gp-dizdadzu-ella-un-sark-piparu-ella-matu-augsanas-stimul-100-ml","status":"publish","type":"product","link":"https:\/\/e.kosmolat.eu\/lt\/produktas\/gp-dizdadzu-ella-un-sark-piparu-ella-matu-augsanas-stimul-100-ml\/","title":{"rendered":"GP Varnale\u0161u aliejus su raudonaisiais pipirais, skatinantis plauk\u016b augima, 100 ml"},"content":{"rendered":"<p>\u0160ildantis plauk\u0173 aliejus su varnal\u0117\u0161\u0173 aliejumi ir raudonaisiais pipirais, skatina plauk\u0173 augim\u0105 ir stiprina juos.<\/p>\n<p>Dermatolog\u0173 patikrinta.<br \/>\nNaudojimas: pa\u0161ildyt\u0105 aliej\u0173 \u012fmasa\u017euoti \u012f galvos od\u0105, palaikyti 20\u201330 minu\u010di\u0173, po to i\u0161plauti plaukus \u0161amp\u016bnu. Naudoti 1\u20132 kartus per savait\u0119.<\/p>\n<p>Saugumo priemon\u0117s: patekus \u012f akis, praskalauti vandeniu.<br \/>\nLaikyti nuo +5 \u00b0C iki +25 \u00b0C temperat\u016broje.<\/p>\n","protected":false},"excerpt":{"rendered":"<p>\u0160ildantis plauk\u0173 aliejus su varnal\u0117\u0161\u0173 aliejumi ir raudonaisiais pipirais, skatina plauk\u0173 augim\u0105 ir stiprina juos. Dermatolog\u0173 patikrinta. Naudojimas: pa\u0161ildyt\u0105 aliej\u0173 \u012fmasa\u017euoti \u012f galvos od\u0105, palaikyti 20\u201330 minu\u010di\u0173, po to i\u0161plauti plaukus \u0161amp\u016bnu. Naudoti 1\u20132 kartus per savait\u0119. Saugumo priemon\u0117s: patekus \u012f akis, praskalauti vandeniu. Laikyti nuo +5 \u00b0C iki +25 \u00b0C temperat\u016broje.<\/p>\n","protected":false},"featured_media":105096,"template":"","meta":[],"product_cat":[1345],"product_tag":[],"class_list":{"0":"post-103818","1":"product","2":"type-product","3":"status-publish","4":"has-post-thumbnail","6":"product_brand-elfa_ua-lt","7":"product_cat-kitos-plauku-prieziuros-priemones","9":"first","10":"instock","11":"taxable","12":"shipping-taxable","13":"product-type-simple"},"_links":{"self":[{"href":"https:\/\/e.kosmolat.eu\/lt\/wp-json\/wp\/v2\/product\/103818","targetHints":{"allow":["GET"]}}],"collection":[{"href":"https:\/\/e.kosmolat.eu\/lt\/wp-json\/wp\/v2\/product"}],"about":[{"href":"https:\/\/e.kosmolat.eu\/lt\/wp-json\/wp\/v2\/types\/product"}],"wp:featuredmedia":[{"embeddable":true,"href":"https:\/\/e.kosmolat.eu\/lt\/wp-json\/wp\/v2\/media\/105096"}],"wp:attachment":[{"href":"https:\/\/e.kosmolat.eu\/lt\/wp-json\/wp\/v2\/media?parent=103818"}],"wp:term":[{"taxonomy":"product_cat","embeddable":true,"href":"https:\/\/e.kosmolat.eu\/lt\/wp-json\/wp\/v2\/product_cat?post=103818"},{"taxonomy":"product_tag","embeddable":true,"href":"https:\/\/e.kosmolat.eu\/lt\/wp-json\/wp\/v2\/product_tag?post=103818"}],"curies":[{"name":"wp","href":"https:\/\/api.w.org\/{rel}","templated":true}]}}