{"id":103814,"date":"2026-02-01T16:51:01","date_gmt":"2026-02-01T16:51:01","guid":{"rendered":"https:\/\/e.kosmolat.eu\/product\/gp-cukura-kafijas-kerm-skrubis-ar-zalo-kafiju-un-ingv-ellu-200-ml\/"},"modified":"2026-05-08T15:39:59","modified_gmt":"2026-05-08T15:39:59","slug":"gp-cukura-kafijas-kerm-skrubis-ar-zalo-kafiju-un-ingv-ellu-200-ml","status":"publish","type":"product","link":"https:\/\/e.kosmolat.eu\/lt\/produktas\/gp-cukura-kafijas-kerm-skrubis-ar-zalo-kafiju-un-ingv-ellu-200-ml\/","title":{"rendered":"GP Cukraus ir kavos k\u016bno \u0161veitiklis su \u017ealia kava ir imbieru aliejumi, 200 ml"},"content":{"rendered":"<p>Gaivinantis k\u016bno \u0161veitiklis su cukrumi, kava, \u017eali\u0105ja kava ir imbier\u0173 aliejumi, kuris palieka od\u0105 lygi\u0105 ir gaivi\u0105.<\/p>\n<p>Dermatolog\u0173 patikrinta.<br \/>\nNaudojimas: nedidel\u012f kiek\u012f paskirstyti ant dr\u0117gnos odos, \u012fmasa\u017euoti, nuplauti \u0161iltu vandeniu. Naudoti 1\u20132 kartus per savait\u0119.<br \/>\nLaikyti nuo +5 \u00b0C iki +25 \u00b0C temperat\u016broje.<\/p>\n","protected":false},"excerpt":{"rendered":"<p>Gaivinantis k\u016bno \u0161veitiklis su cukrumi, kava, \u017eali\u0105ja kava ir imbier\u0173 aliejumi, kuris palieka od\u0105 lygi\u0105 ir gaivi\u0105. Dermatolog\u0173 patikrinta. Naudojimas: nedidel\u012f kiek\u012f paskirstyti ant dr\u0117gnos odos, \u012fmasa\u017euoti, nuplauti \u0161iltu vandeniu. Naudoti 1\u20132 kartus per savait\u0119. Laikyti nuo +5 \u00b0C iki +25 \u00b0C temperat\u016broje.<\/p>\n","protected":false},"featured_media":104608,"template":"","meta":[],"product_cat":[1359],"product_tag":[],"class_list":{"0":"post-103814","1":"product","2":"type-product","3":"status-publish","4":"has-post-thumbnail","6":"product_brand-elfa_ua-lt","7":"product_cat-kuno-sveitikliai-ir-pilingai","9":"first","10":"instock","11":"taxable","12":"shipping-taxable","13":"product-type-simple"},"_links":{"self":[{"href":"https:\/\/e.kosmolat.eu\/lt\/wp-json\/wp\/v2\/product\/103814","targetHints":{"allow":["GET"]}}],"collection":[{"href":"https:\/\/e.kosmolat.eu\/lt\/wp-json\/wp\/v2\/product"}],"about":[{"href":"https:\/\/e.kosmolat.eu\/lt\/wp-json\/wp\/v2\/types\/product"}],"wp:featuredmedia":[{"embeddable":true,"href":"https:\/\/e.kosmolat.eu\/lt\/wp-json\/wp\/v2\/media\/104608"}],"wp:attachment":[{"href":"https:\/\/e.kosmolat.eu\/lt\/wp-json\/wp\/v2\/media?parent=103814"}],"wp:term":[{"taxonomy":"product_cat","embeddable":true,"href":"https:\/\/e.kosmolat.eu\/lt\/wp-json\/wp\/v2\/product_cat?post=103814"},{"taxonomy":"product_tag","embeddable":true,"href":"https:\/\/e.kosmolat.eu\/lt\/wp-json\/wp\/v2\/product_tag?post=103814"}],"curies":[{"name":"wp","href":"https:\/\/api.w.org\/{rel}","templated":true}]}}