{"id":103810,"date":"2026-02-01T16:36:12","date_gmt":"2026-02-01T16:36:12","guid":{"rendered":"https:\/\/e.kosmolat.eu\/product\/gp-cukura-kerm-skrubis-ar-damaskas-rozi-un-si-sv-200-ml\/"},"modified":"2026-05-08T15:39:45","modified_gmt":"2026-05-08T15:39:45","slug":"gp-cukura-kerm-skrubis-ar-damaskas-rozi-un-si-sv-200-ml","status":"publish","type":"product","link":"https:\/\/e.kosmolat.eu\/lt\/produktas\/gp-cukura-kerm-skrubis-ar-damaskas-rozi-un-si-sv-200-ml\/","title":{"rendered":"GP Cukraus k\u016bno \u0161veitiklis su damasko ro\u017eemis ir taukmed\u017eiu sviestu, 200 ml"},"content":{"rendered":"<p>\u0160is \u0161velnus cukraus k\u016bno \u0161veitiklis su Damasko ro\u017e\u0117mis ir taukmed\u017ei\u0173 sviestu \u0161velniai nu\u0161vei\u010dia od\u0105, palikdamas j\u0105 lygi\u0105, pamaitint\u0105 ir kvapni\u0105.<br \/>\nDermatologi\u0161kai patikrintas.<\/p>\n<p>Dermatolog\u0173 patikrinta.<br \/>\nNaudojimas: nedidel\u012f kiek\u012f paskirstyti ant dr\u0117gnos odos, \u012fmasa\u017euoti, nuplauti \u0161iltu vandeniu. Naudoti 1\u20132 kartus per savait\u0119.<br \/>\nLaikyti nuo +5 \u00b0C iki +25 \u00b0C temperat\u016broje.<\/p>\n","protected":false},"excerpt":{"rendered":"<p>\u0160is \u0161velnus cukraus k\u016bno \u0161veitiklis su Damasko ro\u017e\u0117mis ir taukmed\u017ei\u0173 sviestu \u0161velniai nu\u0161vei\u010dia od\u0105, palikdamas j\u0105 lygi\u0105, pamaitint\u0105 ir kvapni\u0105. Dermatologi\u0161kai patikrintas. Dermatolog\u0173 patikrinta. Naudojimas: nedidel\u012f kiek\u012f paskirstyti ant dr\u0117gnos odos, \u012fmasa\u017euoti, nuplauti \u0161iltu vandeniu. Naudoti 1\u20132 kartus per savait\u0119. Laikyti nuo +5 \u00b0C iki +25 \u00b0C temperat\u016broje.<\/p>\n","protected":false},"featured_media":104604,"template":"","meta":[],"product_cat":[1359],"product_tag":[],"class_list":{"0":"post-103810","1":"product","2":"type-product","3":"status-publish","4":"has-post-thumbnail","6":"product_brand-elfa_ua-lt","7":"product_cat-kuno-sveitikliai-ir-pilingai","9":"first","10":"instock","11":"taxable","12":"shipping-taxable","13":"product-type-simple"},"_links":{"self":[{"href":"https:\/\/e.kosmolat.eu\/lt\/wp-json\/wp\/v2\/product\/103810","targetHints":{"allow":["GET"]}}],"collection":[{"href":"https:\/\/e.kosmolat.eu\/lt\/wp-json\/wp\/v2\/product"}],"about":[{"href":"https:\/\/e.kosmolat.eu\/lt\/wp-json\/wp\/v2\/types\/product"}],"wp:featuredmedia":[{"embeddable":true,"href":"https:\/\/e.kosmolat.eu\/lt\/wp-json\/wp\/v2\/media\/104604"}],"wp:attachment":[{"href":"https:\/\/e.kosmolat.eu\/lt\/wp-json\/wp\/v2\/media?parent=103810"}],"wp:term":[{"taxonomy":"product_cat","embeddable":true,"href":"https:\/\/e.kosmolat.eu\/lt\/wp-json\/wp\/v2\/product_cat?post=103810"},{"taxonomy":"product_tag","embeddable":true,"href":"https:\/\/e.kosmolat.eu\/lt\/wp-json\/wp\/v2\/product_tag?post=103810"}],"curies":[{"name":"wp","href":"https:\/\/api.w.org\/{rel}","templated":true}]}}