{"id":103806,"date":"2026-02-01T16:35:57","date_gmt":"2026-02-01T16:35:57","guid":{"rendered":"https:\/\/e.kosmolat.eu\/product\/gp-cukura-sals-kerm-skrubis-ar-lavandu-un-linu-ellu-200-ml\/"},"modified":"2026-05-08T15:39:32","modified_gmt":"2026-05-08T15:39:32","slug":"gp-cukura-sals-kerm-skrubis-ar-lavandu-un-linu-ellu-200-ml","status":"publish","type":"product","link":"https:\/\/e.kosmolat.eu\/lt\/produktas\/gp-cukura-sals-kerm-skrubis-ar-lavandu-un-linu-ellu-200-ml\/","title":{"rendered":"GP Cukraus ir druskos k\u016bno \u0161veitiklis su levandu ir linu aliejumi, 200 ml"},"content":{"rendered":"<p>Gaivinantis cukraus ir druskos \u0161veitiklis su levand\u0173 ir lin\u0173 s\u0117men\u0173 aliejumi \u0161vei\u010dia od\u0105 ir padeda atkurti lygum\u0105 bei komfort\u0105.<\/p>\n<p>Dermatolog\u0173 patikrinta.<br \/>\nNaudojimas: nedidel\u012f kiek\u012f paskirstyti ant dr\u0117gnos odos, \u012fmasa\u017euoti, nuplauti \u0161iltu vandeniu. Naudoti 1\u20132 kartus per savait\u0119.<br \/>\nLaikyti nuo +5 \u00b0C iki +25 \u00b0C temperat\u016broje.<\/p>\n","protected":false},"excerpt":{"rendered":"<p>Gaivinantis cukraus ir druskos \u0161veitiklis su levand\u0173 ir lin\u0173 s\u0117men\u0173 aliejumi \u0161vei\u010dia od\u0105 ir padeda atkurti lygum\u0105 bei komfort\u0105. Dermatolog\u0173 patikrinta. Naudojimas: nedidel\u012f kiek\u012f paskirstyti ant dr\u0117gnos odos, \u012fmasa\u017euoti, nuplauti \u0161iltu vandeniu. Naudoti 1\u20132 kartus per savait\u0119. Laikyti nuo +5 \u00b0C iki +25 \u00b0C temperat\u016broje.<\/p>\n","protected":false},"featured_media":104600,"template":"","meta":[],"product_cat":[1359],"product_tag":[],"class_list":{"0":"post-103806","1":"product","2":"type-product","3":"status-publish","4":"has-post-thumbnail","6":"product_brand-elfa_ua-lt","7":"product_cat-kuno-sveitikliai-ir-pilingai","9":"first","10":"instock","11":"taxable","12":"shipping-taxable","13":"product-type-simple"},"_links":{"self":[{"href":"https:\/\/e.kosmolat.eu\/lt\/wp-json\/wp\/v2\/product\/103806","targetHints":{"allow":["GET"]}}],"collection":[{"href":"https:\/\/e.kosmolat.eu\/lt\/wp-json\/wp\/v2\/product"}],"about":[{"href":"https:\/\/e.kosmolat.eu\/lt\/wp-json\/wp\/v2\/types\/product"}],"wp:featuredmedia":[{"embeddable":true,"href":"https:\/\/e.kosmolat.eu\/lt\/wp-json\/wp\/v2\/media\/104600"}],"wp:attachment":[{"href":"https:\/\/e.kosmolat.eu\/lt\/wp-json\/wp\/v2\/media?parent=103806"}],"wp:term":[{"taxonomy":"product_cat","embeddable":true,"href":"https:\/\/e.kosmolat.eu\/lt\/wp-json\/wp\/v2\/product_cat?post=103806"},{"taxonomy":"product_tag","embeddable":true,"href":"https:\/\/e.kosmolat.eu\/lt\/wp-json\/wp\/v2\/product_tag?post=103806"}],"curies":[{"name":"wp","href":"https:\/\/api.w.org\/{rel}","templated":true}]}}