{"id":103802,"date":"2026-01-28T06:11:04","date_gmt":"2026-01-28T06:11:04","guid":{"rendered":"https:\/\/e.kosmolat.eu\/product\/gp-dusas-zeleja-zala-kafija-un-ingvera-ella-500-ml\/"},"modified":"2026-05-08T15:41:59","modified_gmt":"2026-05-08T15:41:59","slug":"gp-dusas-zeleja-zala-kafija-un-ingvera-ella-500-ml","status":"publish","type":"product","link":"https:\/\/e.kosmolat.eu\/lt\/produktas\/gp-dusas-zeleja-zala-kafija-un-ingvera-ella-500-ml\/","title":{"rendered":"GP Du\u0161o \u017eele \u017ealioji kava ir imbieru aliejus, 500 ml"},"content":{"rendered":"<p>\u017daliosios kavos ekstraktas tonizuoja, stangrina ir prailgina odos jaunatvi\u0161kum\u0105 bei elastingum\u0105. Jis turi anticeliulitin\u012f poveik\u012f. Imbiero aliejus valo ir ma\u017eina problemin\u0117s odos u\u017edegim\u0105. Jis gerina riebios odos tonus\u0105, padeda i\u0161valyti ir sutraukti poras.<\/p>\n<p>Dermatolog\u0173 patikrinta.<\/p>\n<p>Naudojimas: masa\u017euojamaisiais judesiais paskirstyti ant dr\u0117gnos odos, nuskalauti vandeniu.<\/p>\n<p>Laikyti nuo +5 \u00b0C iki +25 \u00b0C temperat\u016broje.<\/p>\n","protected":false},"excerpt":{"rendered":"<p>\u017daliosios kavos ekstraktas tonizuoja, stangrina ir prailgina odos jaunatvi\u0161kum\u0105 bei elastingum\u0105. Jis turi anticeliulitin\u012f poveik\u012f. Imbiero aliejus valo ir ma\u017eina problemin\u0117s odos u\u017edegim\u0105. Jis gerina riebios odos tonus\u0105, padeda i\u0161valyti ir sutraukti poras. Dermatolog\u0173 patikrinta. Naudojimas: masa\u017euojamaisiais judesiais paskirstyti ant dr\u0117gnos odos, nuskalauti vandeniu. Laikyti nuo +5 \u00b0C iki +25 \u00b0C temperat\u016broje.<\/p>\n","protected":false},"featured_media":104640,"template":"","meta":[],"product_cat":[1282],"product_tag":[],"class_list":{"0":"post-103802","1":"product","2":"type-product","3":"status-publish","4":"has-post-thumbnail","6":"product_brand-elfa_ua-lt","7":"product_cat-duso-geliai-ir-duso-aliejai","9":"first","10":"instock","11":"taxable","12":"shipping-taxable","13":"product-type-simple"},"_links":{"self":[{"href":"https:\/\/e.kosmolat.eu\/lt\/wp-json\/wp\/v2\/product\/103802","targetHints":{"allow":["GET"]}}],"collection":[{"href":"https:\/\/e.kosmolat.eu\/lt\/wp-json\/wp\/v2\/product"}],"about":[{"href":"https:\/\/e.kosmolat.eu\/lt\/wp-json\/wp\/v2\/types\/product"}],"wp:featuredmedia":[{"embeddable":true,"href":"https:\/\/e.kosmolat.eu\/lt\/wp-json\/wp\/v2\/media\/104640"}],"wp:attachment":[{"href":"https:\/\/e.kosmolat.eu\/lt\/wp-json\/wp\/v2\/media?parent=103802"}],"wp:term":[{"taxonomy":"product_cat","embeddable":true,"href":"https:\/\/e.kosmolat.eu\/lt\/wp-json\/wp\/v2\/product_cat?post=103802"},{"taxonomy":"product_tag","embeddable":true,"href":"https:\/\/e.kosmolat.eu\/lt\/wp-json\/wp\/v2\/product_tag?post=103802"}],"curies":[{"name":"wp","href":"https:\/\/api.w.org\/{rel}","templated":true}]}}