{"id":103798,"date":"2026-01-28T06:10:49","date_gmt":"2026-01-28T06:10:49","guid":{"rendered":"https:\/\/e.kosmolat.eu\/product\/gp-dusas-zeleja-damaskas-roze-un-si-sviests-500-ml\/"},"modified":"2026-05-08T15:41:45","modified_gmt":"2026-05-08T15:41:45","slug":"gp-dusas-zeleja-damaskas-roze-un-si-sviests-500-ml","status":"publish","type":"product","link":"https:\/\/e.kosmolat.eu\/lt\/produktas\/gp-dusas-zeleja-damaskas-roze-un-si-sviests-500-ml\/","title":{"rendered":"GP Du\u0161o \u017eele damasko ro\u017eiu ir taukmed\u017eiu sviestas, 500 ml"},"content":{"rendered":"<p>Damasko ro\u017ei\u0173 ekstraktas gerina odos elastingum\u0105 ir tonizuoja. Taukmed\u017ei\u0173 sviestas aktyviai dr\u0117kina ir maitina od\u0105, j\u0105 lygina ir suteikia jauninant\u012f poveik\u012f.<\/p>\n<p>Dermatolog\u0173 patikrinta.<\/p>\n<p>Naudojimas: masa\u017euojamaisiais judesiais paskirstyti ant dr\u0117gnos odos, nuskalauti vandeniu.<\/p>\n<p>Laikyti nuo +5 \u00b0C iki +25 \u00b0C temperat\u016broje.<\/p>\n","protected":false},"excerpt":{"rendered":"<p>Damasko ro\u017ei\u0173 ekstraktas gerina odos elastingum\u0105 ir tonizuoja. Taukmed\u017ei\u0173 sviestas aktyviai dr\u0117kina ir maitina od\u0105, j\u0105 lygina ir suteikia jauninant\u012f poveik\u012f. Dermatolog\u0173 patikrinta. Naudojimas: masa\u017euojamaisiais judesiais paskirstyti ant dr\u0117gnos odos, nuskalauti vandeniu. Laikyti nuo +5 \u00b0C iki +25 \u00b0C temperat\u016broje.<\/p>\n","protected":false},"featured_media":104636,"template":"","meta":[],"product_cat":[1282],"product_tag":[],"class_list":{"0":"post-103798","1":"product","2":"type-product","3":"status-publish","4":"has-post-thumbnail","6":"product_brand-elfa_ua-lt","7":"product_cat-duso-geliai-ir-duso-aliejai","9":"first","10":"instock","11":"taxable","12":"shipping-taxable","13":"product-type-simple"},"_links":{"self":[{"href":"https:\/\/e.kosmolat.eu\/lt\/wp-json\/wp\/v2\/product\/103798","targetHints":{"allow":["GET"]}}],"collection":[{"href":"https:\/\/e.kosmolat.eu\/lt\/wp-json\/wp\/v2\/product"}],"about":[{"href":"https:\/\/e.kosmolat.eu\/lt\/wp-json\/wp\/v2\/types\/product"}],"wp:featuredmedia":[{"embeddable":true,"href":"https:\/\/e.kosmolat.eu\/lt\/wp-json\/wp\/v2\/media\/104636"}],"wp:attachment":[{"href":"https:\/\/e.kosmolat.eu\/lt\/wp-json\/wp\/v2\/media?parent=103798"}],"wp:term":[{"taxonomy":"product_cat","embeddable":true,"href":"https:\/\/e.kosmolat.eu\/lt\/wp-json\/wp\/v2\/product_cat?post=103798"},{"taxonomy":"product_tag","embeddable":true,"href":"https:\/\/e.kosmolat.eu\/lt\/wp-json\/wp\/v2\/product_tag?post=103798"}],"curies":[{"name":"wp","href":"https:\/\/api.w.org\/{rel}","templated":true}]}}