{"id":103794,"date":"2026-01-28T06:10:35","date_gmt":"2026-01-28T06:10:35","guid":{"rendered":"https:\/\/e.kosmolat.eu\/product\/gp-dusas-zeleja-lavanda-un-linu-ella-500-ml\/"},"modified":"2026-04-22T07:16:53","modified_gmt":"2026-04-22T07:16:53","slug":"gp-dusas-zeleja-lavanda-un-linu-ella-500-ml","status":"publish","type":"product","link":"https:\/\/e.kosmolat.eu\/lt\/produktas\/gp-dusas-zeleja-lavanda-un-linu-ella-500-ml\/","title":{"rendered":"GP Du\u0161o \u017eele levandos ir linu smenu aliejus, 500 ml"},"content":{"rendered":"<p>Levand\u0173 ekstraktas \u0161velniai pri\u017ei\u016bri od\u0105, gerina mikrocirkuliacij\u0105, veikia kaip antioksidantas ir skatina odos atsinaujinim\u0105. Lin\u0173 s\u0117men\u0173 aliejus maitina, mink\u0161tina ir atjaunina od\u0105.<\/p>\n<p>Dermatolog\u0173 patikrinta.<\/p>\n<p>Naudojimas: masa\u017euojamaisiais judesiais paskirstyti ant dr\u0117gnos odos, nuskalauti vandeniu.<\/p>\n<p>Laikyti nuo +5 \u00b0C iki +25 \u00b0C temperat\u016broje.<\/p>\n","protected":false},"excerpt":{"rendered":"<p>Levand\u0173 ekstraktas \u0161velniai pri\u017ei\u016bri od\u0105, gerina mikrocirkuliacij\u0105, veikia kaip antioksidantas ir skatina odos atsinaujinim\u0105. Lin\u0173 s\u0117men\u0173 aliejus maitina, mink\u0161tina ir atjaunina od\u0105. Dermatolog\u0173 patikrinta. Naudojimas: masa\u017euojamaisiais judesiais paskirstyti ant dr\u0117gnos odos, nuskalauti vandeniu. Laikyti nuo +5 \u00b0C iki +25 \u00b0C temperat\u016broje.<\/p>\n","protected":false},"featured_media":104632,"template":"","meta":[],"product_cat":[2181],"product_tag":[],"class_list":{"0":"post-103794","1":"product","2":"type-product","3":"status-publish","4":"has-post-thumbnail","6":"product_brand-elfa_ua-lt","7":"product_cat-bez-kategorijas-lt","9":"first","10":"instock","11":"taxable","12":"shipping-taxable","13":"product-type-simple"},"_links":{"self":[{"href":"https:\/\/e.kosmolat.eu\/lt\/wp-json\/wp\/v2\/product\/103794","targetHints":{"allow":["GET"]}}],"collection":[{"href":"https:\/\/e.kosmolat.eu\/lt\/wp-json\/wp\/v2\/product"}],"about":[{"href":"https:\/\/e.kosmolat.eu\/lt\/wp-json\/wp\/v2\/types\/product"}],"wp:featuredmedia":[{"embeddable":true,"href":"https:\/\/e.kosmolat.eu\/lt\/wp-json\/wp\/v2\/media\/104632"}],"wp:attachment":[{"href":"https:\/\/e.kosmolat.eu\/lt\/wp-json\/wp\/v2\/media?parent=103794"}],"wp:term":[{"taxonomy":"product_cat","embeddable":true,"href":"https:\/\/e.kosmolat.eu\/lt\/wp-json\/wp\/v2\/product_cat?post=103794"},{"taxonomy":"product_tag","embeddable":true,"href":"https:\/\/e.kosmolat.eu\/lt\/wp-json\/wp\/v2\/product_tag?post=103794"}],"curies":[{"name":"wp","href":"https:\/\/api.w.org\/{rel}","templated":true}]}}