{"id":103763,"date":"2026-01-22T06:06:22","date_gmt":"2026-01-22T06:06:22","guid":{"rendered":"https:\/\/e.kosmolat.eu\/product\/ekel-cucumber-auduma-sejas-maska-25-ml\/"},"modified":"2026-04-22T08:55:35","modified_gmt":"2026-04-22T08:55:35","slug":"ekel-cucumber-auduma-sejas-maska-25-ml","status":"publish","type":"product","link":"https:\/\/e.kosmolat.eu\/lt\/produktas\/ekel-cucumber-auduma-sejas-maska-25-ml\/","title":{"rendered":"EKEL Cucumber itin dr\u0117kinamoji veido kauk\u0117 su agurk\u0173 ekstraktu, 25 ml"},"content":{"rendered":"<p>Agurkuose gausu dr\u0117gm\u0117s ir kalio, kurie padeda nuraminti nuo UV spinduli\u0173 sudirgusi\u0105 od\u0105, taip pat intensyviai dr\u0117kina ir stiprina odos barjer\u0105.<\/p>\n<p>Kauk\u0117 suteikia pakankamai dr\u0117gm\u0117s ir maitinimo odai, veikiamai i\u0161orini\u0173 dirgikli\u0173, o jos veiklioji med\u017eiaga Suformuoja apsaugin\u012f sluoksn\u012f ir padeda i\u0161laikyti dr\u0117gm\u0119, apsaugo nuo i\u0161garavimo ir u\u017etikrina ilgalaik\u012f dr\u0117kinim\u0105. Dr\u0117kinamieji ir mink\u0161tinamieji ingredientai palieka od\u0105 sveik\u0105, gaivi\u0105 ir \u0161vari\u0105, suteikdami jai reikiam\u0105 dr\u0117kinimo ir maitinimo lyg\u012f.<\/p>\n<p>Naudojimas:<br \/>\n1. Nuval\u0119 od\u0105, pa\u0161alinkite likusi\u0105 dr\u0117gm\u0119 ir paruo\u0161kite od\u0105 toniko pagalba. (Nenaudokite losjono ar kremo.)<br \/>\n2. I\u0161skleiskite lak\u0161tin\u0119 kauk\u0119 su esencija, \u0161velniai j\u0105 i\u0161lyginkite ir u\u017ed\u0117kite ant veido, sulygiuodami j\u0105 su aki\u0173 sritimi, tvirtai priglauskite, kad nesusirauk\u0161l\u0117t\u0173.<br \/>\n3. Palaikykite 20\u201330 minu\u010di\u0173, tada nuimkite kauk\u0119, kai esencija i\u0161 dalies \u012fsigers.<br \/>\n4. Lengvais tap\u0161nojan\u010diais judesiais paskirstykite ir leiskite \u012fsigerti \u012f od\u0105 likusiai esencijai.<br \/>\n5. Jei pageidaujate, u\u017ebaikite kremu.<\/p>\n<p>Atsargumo priemon\u0117s:<br \/>\n1. Jei naudojimo metu arba po saul\u0117s poveikio atsiranda paraudimas, patinimas, nie\u017eulys ar kitos ne\u012fprastos reakcijos, nutraukite naudojim\u0105 ir pasitarkite su odos prie\u017ei\u016bros specialistu.<br \/>\n2. Netepkite ant pa\u017eeistos odos.<br \/>\n3. Venkite patekimo \u012f akis.<\/p>\n<p>Laikyti vaikams nepasiekiamoje vietoje, toliau nuo tiesiogini\u0173 saul\u0117s spinduli\u0173 ir \u0161ilumos \u0161altini\u0173, +5\u2013+25 \u00b0C temperat\u016broje.<\/p>\n","protected":false},"excerpt":{"rendered":"<p>Agurkuose gausu dr\u0117gm\u0117s ir kalio, kurie padeda nuraminti nuo UV spinduli\u0173 sudirgusi\u0105 od\u0105, taip pat intensyviai dr\u0117kina ir stiprina odos barjer\u0105. Kauk\u0117 suteikia pakankamai dr\u0117gm\u0117s ir maitinimo odai, veikiamai i\u0161orini\u0173 dirgikli\u0173, o jos veiklioji med\u017eiaga Suformuoja apsaugin\u012f sluoksn\u012f ir padeda i\u0161laikyti dr\u0117gm\u0119, apsaugo nuo i\u0161garavimo ir u\u017etikrina ilgalaik\u012f dr\u0117kinim\u0105. Dr\u0117kinamieji ir mink\u0161tinamieji ingredientai palieka od\u0105 [&#8230;]\n","protected":false},"featured_media":104808,"template":"","meta":[],"product_cat":[2181],"product_tag":[],"class_list":{"0":"post-103763","1":"product","2":"type-product","3":"status-publish","4":"has-post-thumbnail","6":"product_brand-replay_kr-lt","7":"product_cat-bez-kategorijas-lt","9":"first","10":"outofstock","11":"taxable","12":"shipping-taxable","13":"product-type-simple"},"_links":{"self":[{"href":"https:\/\/e.kosmolat.eu\/lt\/wp-json\/wp\/v2\/product\/103763","targetHints":{"allow":["GET"]}}],"collection":[{"href":"https:\/\/e.kosmolat.eu\/lt\/wp-json\/wp\/v2\/product"}],"about":[{"href":"https:\/\/e.kosmolat.eu\/lt\/wp-json\/wp\/v2\/types\/product"}],"wp:featuredmedia":[{"embeddable":true,"href":"https:\/\/e.kosmolat.eu\/lt\/wp-json\/wp\/v2\/media\/104808"}],"wp:attachment":[{"href":"https:\/\/e.kosmolat.eu\/lt\/wp-json\/wp\/v2\/media?parent=103763"}],"wp:term":[{"taxonomy":"product_cat","embeddable":true,"href":"https:\/\/e.kosmolat.eu\/lt\/wp-json\/wp\/v2\/product_cat?post=103763"},{"taxonomy":"product_tag","embeddable":true,"href":"https:\/\/e.kosmolat.eu\/lt\/wp-json\/wp\/v2\/product_tag?post=103763"}],"curies":[{"name":"wp","href":"https:\/\/api.w.org\/{rel}","templated":true}]}}