{"id":103759,"date":"2026-01-22T06:06:10","date_gmt":"2026-01-22T06:06:10","guid":{"rendered":"https:\/\/e.kosmolat.eu\/product\/ekel-collagen-auduma-sejas-maska-25-ml\/"},"modified":"2026-04-23T07:56:00","modified_gmt":"2026-04-23T07:56:00","slug":"ekel-collagen-auduma-sejas-maska-25-ml","status":"publish","type":"product","link":"https:\/\/e.kosmolat.eu\/lt\/produktas\/ekel-collagen-auduma-sejas-maska-25-ml\/","title":{"rendered":"EKEL Collagen itin dr\u0117kinamoji lak\u0161tin\u0117 veido kauk\u0117 su kolageno ekstraktu, 25 ml"},"content":{"rendered":"<p>Kolagenas, pasi\u017eymintis puikiu odos toleravimu, suteikia ry\u0161k\u0173 kosmetin\u012f poveik\u012f pavargusiai ir \u0161iurk\u0161\u010diai odai, skatindamas jos elastingum\u0105 ir nat\u016bral\u0173 spindes\u012f. Jis taip pat stiprina od\u0105 ir padeda palaikyti optimal\u0173 dr\u0117gm\u0117s lyg\u012f.<\/p>\n<p>Kauk\u0117 suteikia pakankamai dr\u0117gm\u0117s ir maitinimo odai, veikiamai i\u0161orini\u0173 dirgikli\u0173, o jos veiklioji med\u017eiaga Suformuoja apsaugin\u012f sluoksn\u012f ir padeda i\u0161laikyti dr\u0117gm\u0119, apsaugo nuo i\u0161garavimo ir u\u017etikrina ilgalaik\u012f dr\u0117kinim\u0105. Dr\u0117kinamieji ir mink\u0161tinamieji ingredientai palieka od\u0105 sveik\u0105, gaivi\u0105 ir \u0161vari\u0105, suteikdami jai reikiam\u0105 dr\u0117kinimo ir maitinimo lyg\u012f.<\/p>\n<p>Naudojimas:<br \/>\n1. Nuval\u0119 od\u0105, pa\u0161alinkite likusi\u0105 dr\u0117gm\u0119 ir paruo\u0161kite od\u0105 toniko pagalba. (Nenaudokite losjono ar kremo.)<br \/>\n2. I\u0161skleiskite lak\u0161tin\u0119 kauk\u0119 su esencija, \u0161velniai j\u0105 i\u0161lyginkite ir u\u017ed\u0117kite ant veido, sulygiuodami j\u0105 su aki\u0173 sritimi, tvirtai priglauskite, kad nesusirauk\u0161l\u0117t\u0173.<br \/>\n3. Palaikykite 20\u201330 minu\u010di\u0173, tada nuimkite kauk\u0119, kai esencija i\u0161 dalies \u012fsigers.<br \/>\n4. Lengvais tap\u0161nojan\u010diais judesiais paskirstykite ir leiskite \u012fsigerti \u012f od\u0105 likusiai esencijai.<br \/>\n5. Jei pageidaujate, u\u017ebaikite kremu.<\/p>\n<p>Atsargumo priemon\u0117s:<br \/>\n1. Jei naudojimo metu arba po saul\u0117s poveikio atsiranda paraudimas, patinimas, nie\u017eulys ar kitos ne\u012fprastos reakcijos, nutraukite naudojim\u0105 ir pasitarkite su odos prie\u017ei\u016bros specialistu.<br \/>\n2. Netepkite ant pa\u017eeistos odos.<br \/>\n3. Venkite patekimo \u012f akis.<\/p>\n<p>Laikyti vaikams nepasiekiamoje vietoje, toliau nuo tiesiogini\u0173 saul\u0117s spinduli\u0173 ir \u0161ilumos \u0161altini\u0173, +5\u2013+25 \u00b0C temperat\u016broje.<\/p>\n","protected":false},"excerpt":{"rendered":"<p>Kolagenas, pasi\u017eymintis puikiu odos toleravimu, suteikia ry\u0161k\u0173 kosmetin\u012f poveik\u012f pavargusiai ir \u0161iurk\u0161\u010diai odai, skatindamas jos elastingum\u0105 ir nat\u016bral\u0173 spindes\u012f. Jis taip pat stiprina od\u0105 ir padeda palaikyti optimal\u0173 dr\u0117gm\u0117s lyg\u012f. Kauk\u0117 suteikia pakankamai dr\u0117gm\u0117s ir maitinimo odai, veikiamai i\u0161orini\u0173 dirgikli\u0173, o jos veiklioji med\u017eiaga Suformuoja apsaugin\u012f sluoksn\u012f ir padeda i\u0161laikyti dr\u0117gm\u0119, apsaugo nuo i\u0161garavimo ir [&#8230;]\n","protected":false},"featured_media":104804,"template":"","meta":[],"product_cat":[1369],"product_tag":[],"class_list":{"0":"post-103759","1":"product","2":"type-product","3":"status-publish","4":"has-post-thumbnail","6":"product_brand-replay_kr-lt","7":"product_cat-veido-kaukes","9":"first","10":"outofstock","11":"taxable","12":"shipping-taxable","13":"product-type-simple"},"_links":{"self":[{"href":"https:\/\/e.kosmolat.eu\/lt\/wp-json\/wp\/v2\/product\/103759","targetHints":{"allow":["GET"]}}],"collection":[{"href":"https:\/\/e.kosmolat.eu\/lt\/wp-json\/wp\/v2\/product"}],"about":[{"href":"https:\/\/e.kosmolat.eu\/lt\/wp-json\/wp\/v2\/types\/product"}],"wp:featuredmedia":[{"embeddable":true,"href":"https:\/\/e.kosmolat.eu\/lt\/wp-json\/wp\/v2\/media\/104804"}],"wp:attachment":[{"href":"https:\/\/e.kosmolat.eu\/lt\/wp-json\/wp\/v2\/media?parent=103759"}],"wp:term":[{"taxonomy":"product_cat","embeddable":true,"href":"https:\/\/e.kosmolat.eu\/lt\/wp-json\/wp\/v2\/product_cat?post=103759"},{"taxonomy":"product_tag","embeddable":true,"href":"https:\/\/e.kosmolat.eu\/lt\/wp-json\/wp\/v2\/product_tag?post=103759"}],"curies":[{"name":"wp","href":"https:\/\/api.w.org\/{rel}","templated":true}]}}