{"id":103738,"date":"2026-01-20T11:00:47","date_gmt":"2026-01-20T11:00:47","guid":{"rendered":"https:\/\/e.kosmolat.eu\/product\/lady-caramel-vasks-sejas-epilacijai-argana-12-gab\/"},"modified":"2026-04-11T18:28:56","modified_gmt":"2026-04-11T18:28:56","slug":"lady-caramel-vasks-sejas-epilacijai-argana-12-gab","status":"publish","type":"product","link":"https:\/\/e.kosmolat.eu\/lt\/produktas\/lady-caramel-vasks-sejas-epilacijai-argana-12-gab\/","title":{"rendered":"LADY CARAMEL Veido plauk\u0173 \u0161alinimo va\u0161kas Argan, 12 vnt."},"content":{"rendered":"<p>Pakuot\u0117je yra: va\u0161ko juostel\u0117s plauk\u0173 \u0161alinimui &#8211; 12 vnt. servet\u0117l\u0117s po epiliavimo &#8211; 2 vnt. Va\u0161kas veiksmingas plaukams, kuri\u0173 ilgis ne ma\u017eesnis kaip 2-5 mm.<\/p>\n<p>Naudojimas:<br \/>\nDien\u0105 prie\u0161 proced\u016br\u0105 naudokite \u0161veitikl\u012f \u2013 atnaujinsite od\u0105 ir i\u0161valysite poras, tod\u0117l proced\u016bros efektyvumas \u017eenkliai padid\u0117s. Prie\u0161 epiliuojant, oda turi b\u016bti sausa ir nuriebalinta Geresniampoveikiui, galite u\u017etepti nedidel\u012f kiek\u012f kosmetinio talko. <\/p>\n<p>1. Atsargiai padalinkite plok\u0161teless \u012f dvi dalis. Abi plok\u0161teles yra naudokite tolesnei proced\u016brai.<br \/>\n2. Kiekvien\u0105 plok\u0161tel\u0119 atsargiai priklijuokite prie odos grie\u017etai plauk\u0173 augimo kryptimi ir prispauskite.<br \/>\n3. Vienu staigiu judesiu  nupl\u0117\u0161kite prie\u0161inga plauk\u0173 augimo kryptimi!<br \/>\n4. Likus\u012f va\u0161k\u0105 pa\u0161alinkite specialiu aliejaus-va\u0161ko valikliu. Po proced\u016bros rekomenduojama naudoti dr\u0117kinam\u0105j\u012f krem\u0105.<\/p>\n<p>Atsargumo priemon\u0117s: laikykit\u0117s naudojimo instrukcij\u0173 ir perskaitykite atsargumo priemones. Prie\u0161 kiekvien\u0105 proced\u016br\u0105 patikrinkite odos reakcij\u0105, u\u017etepdami va\u0161ko ant nedidelio ploto. Jei po 24 valand\u0173 n\u0117ra joki\u0173 nepageidaujam\u0173 reakcij\u0173, galite t\u0119sti naudojim\u0105. Nenaudoti ant galvos, aki\u0173, antaki\u0173, nosies, aus\u0173, kr\u016btin\u0117s, speneli\u0173 ar gretim\u0173 sri\u010di\u0173, lytini\u0173 organ\u0173 ar perianalini\u0173 sri\u010di\u0173. Proced\u016bra netinka vyresnio am\u017eiaus \u017emon\u0117ms, sergantiems cukriniu diabetu ar vartojantiems vaistus nuo spuog\u0173. Netepti ant \u017eaizd\u0173, i\u0161sipl\u0117tusi\u0173 ven\u0173, spuog\u0173, sudirgusios ar nudegusios odos, odos, kuri anks\u010diau buvo tur\u0117jusi neigiam\u0105 reakcij\u0105 \u012f plauk\u0173 \u0161alinimo va\u0161k\u0105. 24 valandas prie\u0161 ir po va\u0161kavimo venkite saul\u0117s voni\u0173, maudyni\u0173, dezodorant\u0173 ar kit\u0173 alkoholio turin\u010di\u0173 produkt\u0173, kvepal\u0173. Esant auk\u0161tai temperat\u016brai (+30 \u00baC ir auk\u0161tesn\u0117), prie\u0161 naudojim\u0105 juosteles 30 minu\u010di\u0173 \u012fd\u0117kite \u012f \u0161aldytuv\u0105. Nenuryti.<\/p>\n<p>Laikyti horizontalioje pad\u0117tyje. Laikyti vaikams ir gyv\u016bnams nepasiekiamoje vietoje. Laikyti nuo +15 \u00b0C iki +35 \u00b0C temperat\u016broje.<\/p>\n","protected":false},"excerpt":{"rendered":"<p>Pakuot\u0117je yra: va\u0161ko juostel\u0117s plauk\u0173 \u0161alinimui &#8211; 12 vnt. servet\u0117l\u0117s po epiliavimo &#8211; 2 vnt. Va\u0161kas veiksmingas plaukams, kuri\u0173 ilgis ne ma\u017eesnis kaip 2-5 mm. Naudojimas: Dien\u0105 prie\u0161 proced\u016br\u0105 naudokite \u0161veitikl\u012f \u2013 atnaujinsite od\u0105 ir i\u0161valysite poras, tod\u0117l proced\u016bros efektyvumas \u017eenkliai padid\u0117s. Prie\u0161 epiliuojant, oda turi b\u016bti sausa ir nuriebalinta Geresniampoveikiui, galite u\u017etepti nedidel\u012f kiek\u012f [&#8230;]\n","protected":false},"featured_media":103740,"template":"","meta":[],"product_cat":[1583],"product_tag":[],"class_list":{"0":"post-103738","1":"product","2":"type-product","3":"status-publish","4":"has-post-thumbnail","6":"product_brand-elfa_ua-lt","7":"product_cat-depiliacija","9":"first","10":"instock","11":"taxable","12":"shipping-taxable","13":"product-type-simple"},"_links":{"self":[{"href":"https:\/\/e.kosmolat.eu\/lt\/wp-json\/wp\/v2\/product\/103738","targetHints":{"allow":["GET"]}}],"collection":[{"href":"https:\/\/e.kosmolat.eu\/lt\/wp-json\/wp\/v2\/product"}],"about":[{"href":"https:\/\/e.kosmolat.eu\/lt\/wp-json\/wp\/v2\/types\/product"}],"wp:featuredmedia":[{"embeddable":true,"href":"https:\/\/e.kosmolat.eu\/lt\/wp-json\/wp\/v2\/media\/103740"}],"wp:attachment":[{"href":"https:\/\/e.kosmolat.eu\/lt\/wp-json\/wp\/v2\/media?parent=103738"}],"wp:term":[{"taxonomy":"product_cat","embeddable":true,"href":"https:\/\/e.kosmolat.eu\/lt\/wp-json\/wp\/v2\/product_cat?post=103738"},{"taxonomy":"product_tag","embeddable":true,"href":"https:\/\/e.kosmolat.eu\/lt\/wp-json\/wp\/v2\/product_tag?post=103738"}],"curies":[{"name":"wp","href":"https:\/\/api.w.org\/{rel}","templated":true}]}}