{"id":103730,"date":"2026-01-20T09:25:45","date_gmt":"2026-01-20T09:25:45","guid":{"rendered":"https:\/\/e.kosmolat.eu\/product\/gp-samp-jut-galvas-adai-zens-un-marokas-piparm-ella-350-ml\/"},"modified":"2026-04-15T13:27:38","modified_gmt":"2026-04-15T13:27:38","slug":"gp-samp-jut-galvas-adai-zens-un-marokas-piparm-ella-350-ml","status":"publish","type":"product","link":"https:\/\/e.kosmolat.eu\/lt\/produktas\/gp-samp-jut-galvas-adai-zens-un-marokas-piparm-ella-350-ml\/","title":{"rendered":"GREEN PHARMACY \u0160amp\u016bnas jautriai galvos odai su \u017een\u0161eniu ir marokieti\u0161k\u0173 m\u0117t\u0173 aliejumi, 350 ml"},"content":{"rendered":"<p>Naudojimas: Tepkite ant dr\u0117gn\u0173 plauk\u0173, suputokite  ir nuplaukite vandeniu.<\/p>\n<p>Atsargumo priemon\u0117s: Tik i\u0161oriniam naudojimui. Patekus \u012f akis, praplaukite vandeniu. Galimas individualus jautrumas atskiroms sudedamosioms dalims.<\/p>\n<p>Galiojimo laikas: 30 m\u0117nesi\u0173 nuo pagaminimo datos.<\/p>\n<p>Laikymo s\u0105lygos: nuo +5 \u00b0C iki +25 \u00b0C.<\/p>\n","protected":false},"excerpt":{"rendered":"<p>Naudojimas: Tepkite ant dr\u0117gn\u0173 plauk\u0173, suputokite ir nuplaukite vandeniu. Atsargumo priemon\u0117s: Tik i\u0161oriniam naudojimui. Patekus \u012f akis, praplaukite vandeniu. Galimas individualus jautrumas atskiroms sudedamosioms dalims. Galiojimo laikas: 30 m\u0117nesi\u0173 nuo pagaminimo datos. Laikymo s\u0105lygos: nuo +5 \u00b0C iki +25 \u00b0C.<\/p>\n","protected":false},"featured_media":0,"template":"","meta":[],"product_cat":[1251],"product_tag":[],"class_list":{"0":"post-103730","1":"product","2":"type-product","3":"status-publish","5":"product_brand-elfa_ua-lt","6":"product_cat-sampunai","8":"first","9":"instock","10":"taxable","11":"shipping-taxable","12":"product-type-simple"},"_links":{"self":[{"href":"https:\/\/e.kosmolat.eu\/lt\/wp-json\/wp\/v2\/product\/103730","targetHints":{"allow":["GET"]}}],"collection":[{"href":"https:\/\/e.kosmolat.eu\/lt\/wp-json\/wp\/v2\/product"}],"about":[{"href":"https:\/\/e.kosmolat.eu\/lt\/wp-json\/wp\/v2\/types\/product"}],"wp:attachment":[{"href":"https:\/\/e.kosmolat.eu\/lt\/wp-json\/wp\/v2\/media?parent=103730"}],"wp:term":[{"taxonomy":"product_cat","embeddable":true,"href":"https:\/\/e.kosmolat.eu\/lt\/wp-json\/wp\/v2\/product_cat?post=103730"},{"taxonomy":"product_tag","embeddable":true,"href":"https:\/\/e.kosmolat.eu\/lt\/wp-json\/wp\/v2\/product_tag?post=103730"}],"curies":[{"name":"wp","href":"https:\/\/api.w.org\/{rel}","templated":true}]}}