{"id":103675,"date":"2026-01-08T15:52:44","date_gmt":"2026-01-08T15:52:44","guid":{"rendered":"https:\/\/e.kosmolat.eu\/?post_type=product&#038;p=103675"},"modified":"2026-05-08T15:42:13","modified_gmt":"2026-05-08T15:42:13","slug":"gp-dusas-zeleja-viges-un-argana-ella-500-ml","status":"publish","type":"product","link":"https:\/\/e.kosmolat.eu\/lt\/produktas\/gp-dusas-zeleja-viges-un-argana-ella-500-ml\/","title":{"rendered":"GP Du\u0161o \u017eele figu ir argano aliejus, 500 ml"},"content":{"rendered":"<p>Argano aliejus prailgina odos jaunatvi\u0161kum\u0105, dr\u0117kina, maitina ir suteikia energijos bei gyvybingumo. Fig\u0173 vaisi\u0173 ekstraktas palieka od\u0105 \u0161velni\u0105 ir aksomin\u0119.<\/p>\n<p>Dermatolog\u0173 patikrinta.<\/p>\n<p>Naudojimas: masa\u017euojamaisiais judesiais paskirstyti ant dr\u0117gnos odos, nuskalauti vandeniu.<\/p>\n<p>Laikyti nuo +5 \u00b0C iki +25 \u00b0C temperat\u016broje.<\/p>\n","protected":false},"excerpt":{"rendered":"<p>Argano aliejus prailgina odos jaunatvi\u0161kum\u0105, dr\u0117kina, maitina ir suteikia energijos bei gyvybingumo. Fig\u0173 vaisi\u0173 ekstraktas palieka od\u0105 \u0161velni\u0105 ir aksomin\u0119. Dermatolog\u0173 patikrinta. Naudojimas: masa\u017euojamaisiais judesiais paskirstyti ant dr\u0117gnos odos, nuskalauti vandeniu. Laikyti nuo +5 \u00b0C iki +25 \u00b0C temperat\u016broje.<\/p>\n","protected":false},"featured_media":104644,"template":"","meta":[],"product_cat":[1282],"product_tag":[],"class_list":{"0":"post-103675","1":"product","2":"type-product","3":"status-publish","4":"has-post-thumbnail","6":"product_brand-elfa_ua-lt","7":"product_cat-duso-geliai-ir-duso-aliejai","9":"first","10":"instock","11":"taxable","12":"shipping-taxable","13":"product-type-simple"},"_links":{"self":[{"href":"https:\/\/e.kosmolat.eu\/lt\/wp-json\/wp\/v2\/product\/103675","targetHints":{"allow":["GET"]}}],"collection":[{"href":"https:\/\/e.kosmolat.eu\/lt\/wp-json\/wp\/v2\/product"}],"about":[{"href":"https:\/\/e.kosmolat.eu\/lt\/wp-json\/wp\/v2\/types\/product"}],"wp:featuredmedia":[{"embeddable":true,"href":"https:\/\/e.kosmolat.eu\/lt\/wp-json\/wp\/v2\/media\/104644"}],"wp:attachment":[{"href":"https:\/\/e.kosmolat.eu\/lt\/wp-json\/wp\/v2\/media?parent=103675"}],"wp:term":[{"taxonomy":"product_cat","embeddable":true,"href":"https:\/\/e.kosmolat.eu\/lt\/wp-json\/wp\/v2\/product_cat?post=103675"},{"taxonomy":"product_tag","embeddable":true,"href":"https:\/\/e.kosmolat.eu\/lt\/wp-json\/wp\/v2\/product_tag?post=103675"}],"curies":[{"name":"wp","href":"https:\/\/api.w.org\/{rel}","templated":true}]}}