{"id":103508,"date":"2025-12-19T10:09:03","date_gmt":"2025-12-19T10:09:03","guid":{"rendered":"https:\/\/e.kosmolat.eu\/?post_type=product&#038;p=103508"},"modified":"2026-04-20T05:47:47","modified_gmt":"2026-04-20T05:47:47","slug":"7d-mbw-krems-adai-ap-ac-ar-retinolu-mitrin-un-liftings-18-ml","status":"publish","type":"product","link":"https:\/\/e.kosmolat.eu\/lt\/produktas\/7d-mbw-krems-adai-ap-ac-ar-retinolu-mitrin-un-liftings-18-ml\/","title":{"rendered":"7DAYS My Beauty Week Dr\u0117kinamasis ir stangrinamasis paaki\u0173 kremas su retinoliu, 18 ml"},"content":{"rendered":"<p>\u0160is dvigubo poveikio paaki\u0173 kremas suteikia gil\u0173 dr\u0117kinim\u0105 ir stangrina, ma\u017eina patinim\u0105, tamsius ratilus ir mai\u0161elius po akimis. Retinolis lygina smulkias rauk\u0161leles ir rauk\u0161les, skatina l\u0105steli\u0173 atsinaujinim\u0105, jaunina, kovoja su pigmentacija ir suvienodina odos tekst\u016br\u0105 bei tonus\u0105. Hialurono r\u016bg\u0161tis intensyviai dr\u0117kina, gaivina, gerina elastingum\u0105, lygina ir atkuria odos dr\u0117gm\u0117s balans\u0105. Vitaminas E ir vaisi\u0173 ekstraktai ramina, tonizuoja ir padeda sul\u0117tinti odos sen\u0117jimo proces\u0105. V\u0117sinamasis keraminis aplikatorius RE-FRESH pagerina veikli\u0173j\u0173 med\u017eiag\u0173 \u012fsiskverbim\u0105 \u012f epiderm\u012f. padeda suma\u017einti patinim\u0105, i\u0161lyginti rauk\u0161les ir atgaivinti i\u0161vaizd\u0105.<\/p>\n<p>\u012esp\u0117jimas: sud\u0117tyje yra vitamino A. Prie\u0161 naudojant atsi\u017evelgti \u012f paros doz\u0119.<\/p>\n<p>Naudojimas: Nuvalykite od\u0105 \u012fprastu prausikliu. U\u017etepkite krem\u0105 ir masa\u017euokite j\u012f aplink akis 10\u201315 minu\u010di\u0173 naudodami masa\u017ein\u012f aplikatori\u0173. Palaukite, kol jis visi\u0161kai \u012fsigers. Nor\u0117dami gauti geriausius rezultatus, krem\u0105 naudokite du kartus per dien\u0105 \u2013 ryte ir vakare. <\/p>\n<p>Atsargumo priemon\u0117s: Tik i\u0161oriniam naudojimui. Venkite patekimo \u012f akis. Patekus \u012f akis, nedelsiant praplaukite dideliu kiekiu vandens ir kreipkit\u0117s \u012f gydytoj\u0105. Nenaudokite ant pa\u017eeistos odos. Nustokite naudoti, jei atsiranda dirginimas. Nenaudokite, jei yra padid\u0117j\u0119s jautrumas bet kuriai i\u0161 sudedam\u0173j\u0173 dali\u0173. Laikyti vaikams nepasiekiamoje vietoje, +5\u2013+25 \u00b0C temperat\u016broje. Saugoti nuo tiesiogini\u0173 saul\u0117s spinduli\u0173.<\/p>\n","protected":false},"excerpt":{"rendered":"<p>\u0160is dvigubo poveikio paaki\u0173 kremas suteikia gil\u0173 dr\u0117kinim\u0105 ir stangrina, ma\u017eina patinim\u0105, tamsius ratilus ir mai\u0161elius po akimis. Retinolis lygina smulkias rauk\u0161leles ir rauk\u0161les, skatina l\u0105steli\u0173 atsinaujinim\u0105, jaunina, kovoja su pigmentacija ir suvienodina odos tekst\u016br\u0105 bei tonus\u0105. Hialurono r\u016bg\u0161tis intensyviai dr\u0117kina, gaivina, gerina elastingum\u0105, lygina ir atkuria odos dr\u0117gm\u0117s balans\u0105. Vitaminas E ir vaisi\u0173 ekstraktai [&#8230;]\n","protected":false},"featured_media":104652,"template":"","meta":[],"product_cat":[1590],"product_tag":[],"class_list":{"0":"post-103508","1":"product","2":"type-product","3":"status-publish","4":"has-post-thumbnail","6":"product_brand-7days_it-lt","7":"product_cat-paakiu-kremai","9":"first","10":"instock","11":"taxable","12":"shipping-taxable","13":"product-type-simple"},"_links":{"self":[{"href":"https:\/\/e.kosmolat.eu\/lt\/wp-json\/wp\/v2\/product\/103508","targetHints":{"allow":["GET"]}}],"collection":[{"href":"https:\/\/e.kosmolat.eu\/lt\/wp-json\/wp\/v2\/product"}],"about":[{"href":"https:\/\/e.kosmolat.eu\/lt\/wp-json\/wp\/v2\/types\/product"}],"wp:featuredmedia":[{"embeddable":true,"href":"https:\/\/e.kosmolat.eu\/lt\/wp-json\/wp\/v2\/media\/104652"}],"wp:attachment":[{"href":"https:\/\/e.kosmolat.eu\/lt\/wp-json\/wp\/v2\/media?parent=103508"}],"wp:term":[{"taxonomy":"product_cat","embeddable":true,"href":"https:\/\/e.kosmolat.eu\/lt\/wp-json\/wp\/v2\/product_cat?post=103508"},{"taxonomy":"product_tag","embeddable":true,"href":"https:\/\/e.kosmolat.eu\/lt\/wp-json\/wp\/v2\/product_tag?post=103508"}],"curies":[{"name":"wp","href":"https:\/\/api.w.org\/{rel}","templated":true}]}}