{"id":103487,"date":"2025-12-17T14:50:51","date_gmt":"2025-12-17T14:50:51","guid":{"rendered":"https:\/\/e.kosmolat.eu\/product\/famirel-hs-dus-pilings-losj-auzas-un-dateles-225-ml\/"},"modified":"2026-04-01T05:43:09","modified_gmt":"2026-04-01T05:43:09","slug":"famirel-hs-dusas-pilings-losj-auzas-un-dateles-225-ml","status":"publish","type":"product","link":"https:\/\/e.kosmolat.eu\/lt\/produktas\/famirel-hs-dusas-pilings-losj-auzas-un-dateles-225-ml\/","title":{"rendered":"FAMIREL Home Spa avi\u017e\u0173 ir datuli\u0173 \u0161vei\u010diamasis du\u0161o losjonas, 225 ml"},"content":{"rendered":"<p>\u0160is \u0161vei\u010diamasis du\u0161o losjonas su avi\u017e\u0173 ir datuli\u0173 ekstraktais \u0161velniai \u0161vei\u010dia, valo ir ramina od\u0105. Dr\u0117kinamosios ir maitinamosios savyb\u0117s suteikia odai mink\u0161tumo, komforto ir pamaitinimo poj\u016bt\u012f.<\/p>\n<p>Naudojimo instrukcijos ir atsargumo priemon\u0117s: U\u017etepkite \u0161vei\u010diam\u0105j\u012f losjon\u0105 ant dr\u0117gnos odos du\u0161e ir \u012fmasa\u017euokite sukamaisiais judesiais. Kruop\u0161\u010diai nuplaukite \u0161iltu vandeniu. Be kenksming\u0173 ingredient\u0173, paraben\u0173 ir SLS. Naudokite pagal instrukcijas. Tik i\u0161oriniam naudojimui. Venkite patekimo \u012f akis. Nerekomenduojama naudoti, jei esate jautrus bet kuriai produkto sudedamajai daliai.<\/p>\n<p>Laikymo s\u0105lygos: laikyti +5\u2013+39 \u00b0C temperat\u016broje, esant 55\u201370 % santykinei oro dr\u0117gmei.<\/p>\n","protected":false},"excerpt":{"rendered":"<p>\u0160is \u0161vei\u010diamasis du\u0161o losjonas su avi\u017e\u0173 ir datuli\u0173 ekstraktais \u0161velniai \u0161vei\u010dia, valo ir ramina od\u0105. Dr\u0117kinamosios ir maitinamosios savyb\u0117s suteikia odai mink\u0161tumo, komforto ir pamaitinimo poj\u016bt\u012f. Naudojimo instrukcijos ir atsargumo priemon\u0117s: U\u017etepkite \u0161vei\u010diam\u0105j\u012f losjon\u0105 ant dr\u0117gnos odos du\u0161e ir \u012fmasa\u017euokite sukamaisiais judesiais. Kruop\u0161\u010diai nuplaukite \u0161iltu vandeniu. Be kenksming\u0173 ingredient\u0173, paraben\u0173 ir SLS. Naudokite pagal instrukcijas. [&#8230;]\n","protected":false},"featured_media":104592,"template":"","meta":[],"product_cat":[1359],"product_tag":[],"class_list":{"0":"post-103487","1":"product","2":"type-product","3":"status-publish","4":"has-post-thumbnail","6":"product_brand-famirel-il-lt","7":"product_cat-kuno-sveitikliai-ir-pilingai","9":"first","10":"instock","11":"taxable","12":"shipping-taxable","13":"product-type-simple"},"_links":{"self":[{"href":"https:\/\/e.kosmolat.eu\/lt\/wp-json\/wp\/v2\/product\/103487","targetHints":{"allow":["GET"]}}],"collection":[{"href":"https:\/\/e.kosmolat.eu\/lt\/wp-json\/wp\/v2\/product"}],"about":[{"href":"https:\/\/e.kosmolat.eu\/lt\/wp-json\/wp\/v2\/types\/product"}],"wp:featuredmedia":[{"embeddable":true,"href":"https:\/\/e.kosmolat.eu\/lt\/wp-json\/wp\/v2\/media\/104592"}],"wp:attachment":[{"href":"https:\/\/e.kosmolat.eu\/lt\/wp-json\/wp\/v2\/media?parent=103487"}],"wp:term":[{"taxonomy":"product_cat","embeddable":true,"href":"https:\/\/e.kosmolat.eu\/lt\/wp-json\/wp\/v2\/product_cat?post=103487"},{"taxonomy":"product_tag","embeddable":true,"href":"https:\/\/e.kosmolat.eu\/lt\/wp-json\/wp\/v2\/product_tag?post=103487"}],"curies":[{"name":"wp","href":"https:\/\/api.w.org\/{rel}","templated":true}]}}