{"id":103483,"date":"2025-12-17T13:34:28","date_gmt":"2025-12-17T13:34:28","guid":{"rendered":"https:\/\/e.kosmolat.eu\/product\/exfoliation-body-lotion-kiwipearapple\/"},"modified":"2026-04-01T05:42:52","modified_gmt":"2026-04-01T05:42:52","slug":"famirel-hs-dusas-pilings-losj-kivi-bumb-un-abols-225-ml","status":"publish","type":"product","link":"https:\/\/e.kosmolat.eu\/lt\/produktas\/famirel-hs-dusas-pilings-losj-kivi-bumb-un-abols-225-ml\/","title":{"rendered":"FAMIREL Home Spa kivi\u0173, kriau\u0161i\u0173 ir obuoli\u0173 \u0161vei\u010diamasis du\u0161o losjonas, 225 ml"},"content":{"rendered":"<p>\u0160is \u0161vei\u010diamasis du\u0161o losjonas su kivi\u0173, kriau\u0161i\u0173 ir obuoli\u0173 ekstraktais \u0161velniai valo od\u0105, \u0161velniai pa\u0161alindamas negyvas odos l\u0105steles ir suteikdamas jai gaivumo poj\u016bt\u012f. Aktyv\u016bs ingredientai dr\u0117kina, mink\u0161tina ir tonizuoja od\u0105, apgaubdami j\u0105 sultingu, vaisi\u0173 aromatu.<\/p>\n<p>Naudojimo instrukcijos ir atsargumo priemon\u0117s:<br \/>\nU\u017etepkite \u0161vei\u010diam\u0105j\u012f losjon\u0105 ant dr\u0117gnos odos du\u0161e ir \u012fmasa\u017euokite sukamaisiais judesiais. Kruop\u0161\u010diai nuplaukite \u0161iltu vandeniu. Be kenksming\u0173 ingredient\u0173, paraben\u0173 ir SLS. Naudokite pagal instrukcijas. Tik i\u0161oriniam naudojimui. Venkite patekimo \u012f akis. Nerekomenduojama naudoti, jei esate jautrus bet kuriai produkto sudedamajai daliai.<\/p>\n<p>Laikymo s\u0105lygos: laikyti +5\u2013+39 \u00b0C temperat\u016broje, esant 55\u201370 % santykinei oro dr\u0117gmei.<\/p>\n","protected":false},"excerpt":{"rendered":"<p>\u0160is \u0161vei\u010diamasis du\u0161o losjonas su kivi\u0173, kriau\u0161i\u0173 ir obuoli\u0173 ekstraktais \u0161velniai valo od\u0105, \u0161velniai pa\u0161alindamas negyvas odos l\u0105steles ir suteikdamas jai gaivumo poj\u016bt\u012f. Aktyv\u016bs ingredientai dr\u0117kina, mink\u0161tina ir tonizuoja od\u0105, apgaubdami j\u0105 sultingu, vaisi\u0173 aromatu. Naudojimo instrukcijos ir atsargumo priemon\u0117s: U\u017etepkite \u0161vei\u010diam\u0105j\u012f losjon\u0105 ant dr\u0117gnos odos du\u0161e ir \u012fmasa\u017euokite sukamaisiais judesiais. Kruop\u0161\u010diai nuplaukite \u0161iltu vandeniu. [&#8230;]\n","protected":false},"featured_media":104588,"template":"","meta":[],"product_cat":[1359],"product_tag":[],"class_list":{"0":"post-103483","1":"product","2":"type-product","3":"status-publish","4":"has-post-thumbnail","6":"product_brand-famirel-il-lt","7":"product_cat-kuno-sveitikliai-ir-pilingai","9":"first","10":"instock","11":"taxable","12":"shipping-taxable","13":"product-type-simple"},"_links":{"self":[{"href":"https:\/\/e.kosmolat.eu\/lt\/wp-json\/wp\/v2\/product\/103483","targetHints":{"allow":["GET"]}}],"collection":[{"href":"https:\/\/e.kosmolat.eu\/lt\/wp-json\/wp\/v2\/product"}],"about":[{"href":"https:\/\/e.kosmolat.eu\/lt\/wp-json\/wp\/v2\/types\/product"}],"wp:featuredmedia":[{"embeddable":true,"href":"https:\/\/e.kosmolat.eu\/lt\/wp-json\/wp\/v2\/media\/104588"}],"wp:attachment":[{"href":"https:\/\/e.kosmolat.eu\/lt\/wp-json\/wp\/v2\/media?parent=103483"}],"wp:term":[{"taxonomy":"product_cat","embeddable":true,"href":"https:\/\/e.kosmolat.eu\/lt\/wp-json\/wp\/v2\/product_cat?post=103483"},{"taxonomy":"product_tag","embeddable":true,"href":"https:\/\/e.kosmolat.eu\/lt\/wp-json\/wp\/v2\/product_tag?post=103483"}],"curies":[{"name":"wp","href":"https:\/\/api.w.org\/{rel}","templated":true}]}}