{"id":103479,"date":"2025-12-17T12:28:07","date_gmt":"2025-12-17T12:28:07","guid":{"rendered":"https:\/\/e.kosmolat.eu\/product\/exfoliation-body-lotion-melonpapaya\/"},"modified":"2026-05-08T23:52:20","modified_gmt":"2026-05-08T23:52:20","slug":"famirel-hs-dusas-pilings-losj-papaija-un-melone-225-ml","status":"publish","type":"product","link":"https:\/\/e.kosmolat.eu\/lt\/produktas\/famirel-hs-dusas-pilings-losj-papaija-un-melone-225-ml\/","title":{"rendered":"FAMIREL Home Spa Papaj\u0173 ir melion\u0173 \u0161vei\u010diamasis du\u0161o losjonas, 225 ml"},"content":{"rendered":"<p>\u0160is \u0161vei\u010diamasis du\u0161o losjonas su melion\u0173 ir papaj\u0173 ekstraktais \u0161velniai pa\u0161alina negyvas odos l\u0105steles, valo ne\u0161varumus ir suteikia odai gaivumo poj\u016bt\u012f. Maitinamoji formul\u0117 dr\u0117kina, mink\u0161tina ir palieka od\u0105 \u0161ilkin\u0119, su subtiliu tropiniu kvapu.<\/p>\n<p>Naudojimo instrukcijos ir atsargumo priemon\u0117s:<br \/>\nU\u017etepkite \u0161vei\u010diam\u0105j\u012f losjon\u0105 ant dr\u0117gnos odos du\u0161e ir \u012fmasa\u017euokite sukamaisiais judesiais. Kruop\u0161\u010diai nuplaukite \u0161iltu vandeniu. Be kenksming\u0173 ingredient\u0173, paraben\u0173 ir SLS. Naudokite pagal instrukcijas. Tik i\u0161oriniam naudojimui. Venkite patekimo \u012f akis. Nerekomenduojama naudoti, jei esate jautrus bet kuriai produkto sudedamajai daliai.<\/p>\n<p>Laikymo s\u0105lygos: laikyti +5\u2013+39 \u00b0C temperat\u016broje, esant 55\u201370 % santykinei oro dr\u0117gmei.<\/p>\n","protected":false},"excerpt":{"rendered":"<p>\u0160is \u0161vei\u010diamasis du\u0161o losjonas su melion\u0173 ir papaj\u0173 ekstraktais \u0161velniai pa\u0161alina negyvas odos l\u0105steles, valo ne\u0161varumus ir suteikia odai gaivumo poj\u016bt\u012f. Maitinamoji formul\u0117 dr\u0117kina, mink\u0161tina ir palieka od\u0105 \u0161ilkin\u0119, su subtiliu tropiniu kvapu. Naudojimo instrukcijos ir atsargumo priemon\u0117s: U\u017etepkite \u0161vei\u010diam\u0105j\u012f losjon\u0105 ant dr\u0117gnos odos du\u0161e ir \u012fmasa\u017euokite sukamaisiais judesiais. Kruop\u0161\u010diai nuplaukite \u0161iltu vandeniu. Be kenksming\u0173 [&#8230;]\n","protected":false},"featured_media":104584,"template":"","meta":[],"product_cat":[1282],"product_tag":[],"class_list":{"0":"post-103479","1":"product","2":"type-product","3":"status-publish","4":"has-post-thumbnail","6":"product_brand-famirel-il-lt","7":"product_cat-duso-geliai-ir-duso-aliejai","9":"first","10":"instock","11":"taxable","12":"shipping-taxable","13":"product-type-simple"},"_links":{"self":[{"href":"https:\/\/e.kosmolat.eu\/lt\/wp-json\/wp\/v2\/product\/103479","targetHints":{"allow":["GET"]}}],"collection":[{"href":"https:\/\/e.kosmolat.eu\/lt\/wp-json\/wp\/v2\/product"}],"about":[{"href":"https:\/\/e.kosmolat.eu\/lt\/wp-json\/wp\/v2\/types\/product"}],"wp:featuredmedia":[{"embeddable":true,"href":"https:\/\/e.kosmolat.eu\/lt\/wp-json\/wp\/v2\/media\/104584"}],"wp:attachment":[{"href":"https:\/\/e.kosmolat.eu\/lt\/wp-json\/wp\/v2\/media?parent=103479"}],"wp:term":[{"taxonomy":"product_cat","embeddable":true,"href":"https:\/\/e.kosmolat.eu\/lt\/wp-json\/wp\/v2\/product_cat?post=103479"},{"taxonomy":"product_tag","embeddable":true,"href":"https:\/\/e.kosmolat.eu\/lt\/wp-json\/wp\/v2\/product_tag?post=103479"}],"curies":[{"name":"wp","href":"https:\/\/api.w.org\/{rel}","templated":true}]}}