{"id":103475,"date":"2025-12-17T11:52:27","date_gmt":"2025-12-17T11:52:27","guid":{"rendered":"https:\/\/e.kosmolat.eu\/product\/exfoliation-body-lotion-figpomegranate\/"},"modified":"2026-04-01T05:42:19","modified_gmt":"2026-04-01T05:42:19","slug":"famirel-hs-dusas-pilings-losj-vige-un-granatab-225-ml","status":"publish","type":"product","link":"https:\/\/e.kosmolat.eu\/lt\/produktas\/famirel-hs-dusas-pilings-losj-vige-un-granatab-225-ml\/","title":{"rendered":"FAMIREL Home Spa \u0161vei\u010diamasis du\u0161o losjonas su granatais ir figomis, 225 ml"},"content":{"rendered":"<p>\u0160is \u0161vei\u010diamasis du\u0161o losjonas su fig\u0173 ir granat\u0173 ekstraktais \u0161velniai valo ir \u0161velniai \u0161vei\u010dia. Jis atnaujina, dr\u0117kina, maitina ir palieka od\u0105 nat\u016braliai lygi\u0105, \u0161velni\u0105 bei suteikia subtil\u0173 vaisi\u0173 kvap\u0105.<\/p>\n<p>Naudojimo instrukcijos ir atsargumo priemon\u0117s:<br \/>\n\u0160vei\u010diam\u0105j\u012f losjon\u0105 tepkite ant dr\u0117gnos odos. Tepkite ant odos prausiantis du\u0161e ir tolygiai masa\u017euokite sukamaisiais judesiais. Kruop\u0161\u010diai nuplaukite \u0161iltu vandeniu. Be kenksming\u0173 ingredient\u0173, paraben\u0173 ir SLS. Naudokite pagal nurodymus.<br \/>\nTik i\u0161oriniam naudojimui. Venkite patekimo \u012f akis. Nerekomenduojama naudoti esant individualiam jautrumui. bet kuriai produkto sudedamajai daliai.<\/p>\n<p>Laikymo s\u0105lygos: laikyti +5\u2013+39 \u00b0C temperat\u016broje, esant 55\u201370 % santykinei oro dr\u0117gmei.<\/p>\n","protected":false},"excerpt":{"rendered":"<p>\u0160is \u0161vei\u010diamasis du\u0161o losjonas su fig\u0173 ir granat\u0173 ekstraktais \u0161velniai valo ir \u0161velniai \u0161vei\u010dia. Jis atnaujina, dr\u0117kina, maitina ir palieka od\u0105 nat\u016braliai lygi\u0105, \u0161velni\u0105 bei suteikia subtil\u0173 vaisi\u0173 kvap\u0105. Naudojimo instrukcijos ir atsargumo priemon\u0117s: \u0160vei\u010diam\u0105j\u012f losjon\u0105 tepkite ant dr\u0117gnos odos. Tepkite ant odos prausiantis du\u0161e ir tolygiai masa\u017euokite sukamaisiais judesiais. Kruop\u0161\u010diai nuplaukite \u0161iltu vandeniu. Be [&#8230;]\n","protected":false},"featured_media":104580,"template":"","meta":[],"product_cat":[1359],"product_tag":[],"class_list":{"0":"post-103475","1":"product","2":"type-product","3":"status-publish","4":"has-post-thumbnail","6":"product_brand-famirel-il-lt","7":"product_cat-kuno-sveitikliai-ir-pilingai","9":"first","10":"instock","11":"taxable","12":"shipping-taxable","13":"product-type-simple"},"_links":{"self":[{"href":"https:\/\/e.kosmolat.eu\/lt\/wp-json\/wp\/v2\/product\/103475","targetHints":{"allow":["GET"]}}],"collection":[{"href":"https:\/\/e.kosmolat.eu\/lt\/wp-json\/wp\/v2\/product"}],"about":[{"href":"https:\/\/e.kosmolat.eu\/lt\/wp-json\/wp\/v2\/types\/product"}],"wp:featuredmedia":[{"embeddable":true,"href":"https:\/\/e.kosmolat.eu\/lt\/wp-json\/wp\/v2\/media\/104580"}],"wp:attachment":[{"href":"https:\/\/e.kosmolat.eu\/lt\/wp-json\/wp\/v2\/media?parent=103475"}],"wp:term":[{"taxonomy":"product_cat","embeddable":true,"href":"https:\/\/e.kosmolat.eu\/lt\/wp-json\/wp\/v2\/product_cat?post=103475"},{"taxonomy":"product_tag","embeddable":true,"href":"https:\/\/e.kosmolat.eu\/lt\/wp-json\/wp\/v2\/product_tag?post=103475"}],"curies":[{"name":"wp","href":"https:\/\/api.w.org\/{rel}","templated":true}]}}