{"id":103470,"date":"2025-12-16T15:05:33","date_gmt":"2025-12-16T15:05:33","guid":{"rendered":"https:\/\/e.kosmolat.eu\/product\/silky-shower-milk-dragon-fruitstrawbery\/"},"modified":"2026-05-08T23:53:03","modified_gmt":"2026-05-08T23:53:03","slug":"famirel-hs-zid-dusas-pienins-pitaija-un-zemenes-225-ml","status":"publish","type":"product","link":"https:\/\/e.kosmolat.eu\/lt\/produktas\/famirel-hs-zid-dusas-pienins-pitaija-un-zemenes-225-ml\/","title":{"rendered":"Silky shower milk Dragon Fruit&#038;Strawbery"},"content":{"rendered":"<p>\u0160is \u0161ilkinis du\u0161o pienelis \u0161velniai valo od\u0105. Jo formul\u0117 su botaniniais ekstraktais maitina ir dr\u0117kina, tod\u0117l ji tampa \u0161velni ir mink\u0161ta kaip aksomas.<\/p>\n<p>Naudojimas: Tepkite ant dr\u0117gnos odos arba kempin\u0117l\u0117s, \u012fmasa\u017euokite \u012f k\u016bn\u0105, tada nuplaukite vandeniu.<\/p>\n<p>Atsargumo priemon\u0117s:<br \/>\n\u2022 Naudokite tik pagal paskirt\u012f.<br \/>\n\u2022 Neprarykite.<br \/>\n\u2022 Venkite patekimo \u012f akis.<br \/>\n\u2022 Laikyti vaikams nepasiekiamoje vietoje.<br \/>\n\u2022 Nenaudokite, jei yra individualus jautrumas komponentams.<br \/>\n\u2022 Jei atsiranda dirginimas, nedelsiant nutraukite naudojim\u0105.<br \/>\n\u2022 Tik i\u0161oriniam naudojimui<br \/>\n\u2022 Sud\u0117tyje n\u0117ra paraben\u0173.<\/p>\n<p>Laikymo s\u0105lygos: laikyti nuo +5 iki +39 \u00b0C temperat\u016broje, o santykin\u0117 oro dr\u0117gm\u0117 55-70%.<\/p>\n","protected":false},"excerpt":{"rendered":"<p>\u0160is \u0161ilkinis du\u0161o pienelis \u0161velniai valo od\u0105. Jo formul\u0117 su botaniniais ekstraktais maitina ir dr\u0117kina, tod\u0117l ji tampa \u0161velni ir mink\u0161ta kaip aksomas. Naudojimas: Tepkite ant dr\u0117gnos odos arba kempin\u0117l\u0117s, \u012fmasa\u017euokite \u012f k\u016bn\u0105, tada nuplaukite vandeniu. Atsargumo priemon\u0117s: \u2022 Naudokite tik pagal paskirt\u012f. \u2022 Neprarykite. \u2022 Venkite patekimo \u012f akis. \u2022 Laikyti vaikams nepasiekiamoje vietoje. [&#8230;]\n","protected":false},"featured_media":104596,"template":"","meta":[],"product_cat":[1282],"product_tag":[],"class_list":{"0":"post-103470","1":"product","2":"type-product","3":"status-publish","4":"has-post-thumbnail","6":"product_brand-famirel-il-lt","7":"product_cat-duso-geliai-ir-duso-aliejai","9":"first","10":"instock","11":"taxable","12":"shipping-taxable","13":"product-type-simple"},"_links":{"self":[{"href":"https:\/\/e.kosmolat.eu\/lt\/wp-json\/wp\/v2\/product\/103470","targetHints":{"allow":["GET"]}}],"collection":[{"href":"https:\/\/e.kosmolat.eu\/lt\/wp-json\/wp\/v2\/product"}],"about":[{"href":"https:\/\/e.kosmolat.eu\/lt\/wp-json\/wp\/v2\/types\/product"}],"wp:featuredmedia":[{"embeddable":true,"href":"https:\/\/e.kosmolat.eu\/lt\/wp-json\/wp\/v2\/media\/104596"}],"wp:attachment":[{"href":"https:\/\/e.kosmolat.eu\/lt\/wp-json\/wp\/v2\/media?parent=103470"}],"wp:term":[{"taxonomy":"product_cat","embeddable":true,"href":"https:\/\/e.kosmolat.eu\/lt\/wp-json\/wp\/v2\/product_cat?post=103470"},{"taxonomy":"product_tag","embeddable":true,"href":"https:\/\/e.kosmolat.eu\/lt\/wp-json\/wp\/v2\/product_tag?post=103470"}],"curies":[{"name":"wp","href":"https:\/\/api.w.org\/{rel}","templated":true}]}}