{"id":103450,"date":"2025-12-16T13:05:32","date_gmt":"2025-12-16T13:05:32","guid":{"rendered":"https:\/\/e.kosmolat.eu\/product\/famirel-essence-no-2-mikst-parf-kermena-krems-250-ml\/"},"modified":"2025-12-16T14:21:37","modified_gmt":"2025-12-16T14:21:37","slug":"famirel-essence-no-2-parf-roku-kr-velvety-smoothing-100-ml","status":"publish","type":"product","link":"https:\/\/e.kosmolat.eu\/lt\/produktas\/famirel-essence-no-2-parf-roku-kr-velvety-smoothing-100-ml\/","title":{"rendered":"FAMIREL Essence No 2 Parfumuotas rank\u0173 kremas Velvety-smoothing, 100 ml"},"content":{"rendered":"<p>Atsisveikinkite su sausomis rankomis ir m\u0117gaukit\u0117s aksominiu \u0161velnumu, hidratuotu poj\u016b\u010diu.<br \/>\nKvepian\u010dio rank\u0173 kremo formul\u0117 atkuria od\u0105, papildydama dr\u0117gme ir sugr\u0105\u017eindama nat\u016bral\u0173, sveik\u0105 spindes\u012f, nepalikdama riebios pl\u0117vel\u0117s. \u0160i od\u0105 mylinti formul\u0117 apima maitinam\u0105sias aktyvi\u0173 aliej\u0173 ir sviest\u0173 savybes, kurios yra \u017einomos d\u0117l savo geb\u0117jimo giliai dr\u0117kinti ir nuraminti od\u0105.<\/p>\n<p>Naudojimas: Tepkite ant \u0161vari\u0173 rank\u0173 ir masa\u017euokite, kol visi\u0161kai \u012fsigers. Rekomenduojamas kasdieniniam naudojimui.<\/p>\n<p>Atsargumo priemon\u0117s:<br \/>\n\u2022 Naudokite tik pagal paskirt\u012f.<br \/>\n\u2022 Neprarykite.<br \/>\n\u2022 Venkite patekimo \u012f akis.<br \/>\n\u2022 Laikyti vaikams nepasiekiamoje vietoje.<br \/>\n\u2022 Nenaudokite, jei yra individualus jautrumas komponentams.<br \/>\n\u2022 Jei atsiranda dirginimas, nedelsiant nutraukite naudojim\u0105.<br \/>\n\u2022 Tik i\u0161oriniam naudojimui<br \/>\n\u2022 Sud\u0117tyje n\u0117ra paraben\u0173.<\/p>\n<p>Laikymo s\u0105lygos: laikyti nuo +5 iki +39 \u00b0C temperat\u016broje, o santykin\u0117 oro dr\u0117gm\u0117 55-70%.<\/p>\n","protected":false},"excerpt":{"rendered":"<p>Atsisveikinkite su sausomis rankomis ir m\u0117gaukit\u0117s aksominiu \u0161velnumu, hidratuotu poj\u016b\u010diu. Kvepian\u010dio rank\u0173 kremo formul\u0117 atkuria od\u0105, papildydama dr\u0117gme ir sugr\u0105\u017eindama nat\u016bral\u0173, sveik\u0105 spindes\u012f, nepalikdama riebios pl\u0117vel\u0117s. \u0160i od\u0105 mylinti formul\u0117 apima maitinam\u0105sias aktyvi\u0173 aliej\u0173 ir sviest\u0173 savybes, kurios yra \u017einomos d\u0117l savo geb\u0117jimo giliai dr\u0117kinti ir nuraminti od\u0105. Naudojimas: Tepkite ant \u0161vari\u0173 rank\u0173 ir masa\u017euokite, [&#8230;]\n","protected":false},"featured_media":0,"template":"","meta":[],"product_cat":[1910],"product_tag":[],"class_list":{"0":"post-103450","1":"product","2":"type-product","3":"status-publish","5":"product_brand-famirel-il-lt","6":"product_cat-new-lt","8":"first","9":"instock","10":"taxable","11":"shipping-taxable","12":"product-type-simple"},"_links":{"self":[{"href":"https:\/\/e.kosmolat.eu\/lt\/wp-json\/wp\/v2\/product\/103450","targetHints":{"allow":["GET"]}}],"collection":[{"href":"https:\/\/e.kosmolat.eu\/lt\/wp-json\/wp\/v2\/product"}],"about":[{"href":"https:\/\/e.kosmolat.eu\/lt\/wp-json\/wp\/v2\/types\/product"}],"wp:attachment":[{"href":"https:\/\/e.kosmolat.eu\/lt\/wp-json\/wp\/v2\/media?parent=103450"}],"wp:term":[{"taxonomy":"product_cat","embeddable":true,"href":"https:\/\/e.kosmolat.eu\/lt\/wp-json\/wp\/v2\/product_cat?post=103450"},{"taxonomy":"product_tag","embeddable":true,"href":"https:\/\/e.kosmolat.eu\/lt\/wp-json\/wp\/v2\/product_tag?post=103450"}],"curies":[{"name":"wp","href":"https:\/\/api.w.org\/{rel}","templated":true}]}}