{"id":103343,"date":"2025-12-03T11:35:53","date_gmt":"2025-12-03T11:35:53","guid":{"rendered":"https:\/\/e.kosmolat.eu\/product\/med-b-%d0%bca%d1%81%d0%baa-%d1%82%d0%baa%d0%bdc%d0%bd%d0%bda-ae%d1%8f-%d0%beiec%d1%87%d1%87%d1%8f-1-day-%d0%b7-%d0%b5%d0%ba%d1%81%d1%82sa%d0%ba%d1%82%d0%be%d0%bc-%d0%b7%d0%bcnz%d0%bd%d0%bez-%d0%be\/"},"modified":"2026-04-20T12:27:56","modified_gmt":"2026-04-20T12:27:56","slug":"med-b-1-day-aud-sejas-maska-ar-syn-ake-pept-27-ml","status":"publish","type":"product","link":"https:\/\/e.kosmolat.eu\/lt\/produktas\/med-b-1-day-aud-sejas-maska-ar-syn-ake-pept-27-ml\/","title":{"rendered":"MED B 1 Day lak\u0161tin\u0117 veido kauk\u0117 su Syn-Ake peptidu, 27 ml"},"content":{"rendered":"<p>Sud\u0117tyje yra \u201eSyn-Ake\u201c \u2013 sintetinio gyva\u010di\u0173 nuod\u0173 analogo, kuris ma\u017eina rauk\u0161les. \u0160i hipoalergin\u0117 celiulioz\u0117s kauk\u0117 \u0161velniai prilimpa prie odos ir palieka \u0161ilkin\u012f poj\u016bt\u012f. Tinka net jautriai odai.<\/p>\n<p>Naudojimo instrukcijos:<br \/>\n1. Nuvalykite od\u0105, nusausinkite ir, jei norite, naudokite toner\u012f.<br \/>\n2. I\u0161skleiskite kauk\u0119 ir tolygiai paskirstykite j\u0105 ant viso veido, vengdami srities aplink akis ir l\u016bpas.<br \/>\n3. Palaikykite 10\u201320 minu\u010di\u0173, kad veikliosios med\u017eiagos \u012fsigert\u0173.<br \/>\n4. Nuimkite kauk\u0119 ir \u0161velniai \u012ftap\u0161nokite pir\u0161t\u0173 galiukais \u012f od\u0105, kad esencija \u012fsigert\u0173.<\/p>\n<p>Patarimai:<br \/>\n1. Jei kauk\u0119 norite naudoti at\u0161aldyt\u0105, galite j\u0105 \u012fd\u0117ti \u012f \u0161aldytuv\u0105, kad b\u016bt\u0173 v\u0117sinantis poveikis.<br \/>\n2. Jei kauk\u0119 norite naudoti \u0161ilt\u0105, prie\u0161 naudojim\u0105 pakuot\u0119 2\u20133 minut\u0117ms pamirkykite \u0161iltame vandenyje.<\/p>\n<p>Atsargumo priemon\u0117s: Tik i\u0161oriniam naudojimui. Venkite patekimo \u012f akis. Patekus \u012f akis, kruop\u0161\u010diai praplaukite vandeniu. Jei atsiranda dirginimas, nutraukite naudojim\u0105 ir kreipkit\u0117s \u012f gydytoj\u0105. Laikyti vaikams nepasiekiamoje vietoje.<\/p>\n<p>Laikyti +5\u2013+25 \u00b0C temperat\u016broje.<br \/>\nGeriausias: 36 m\u0117nesiai.<\/p>\n","protected":false},"excerpt":{"rendered":"<p>Sud\u0117tyje yra \u201eSyn-Ake\u201c \u2013 sintetinio gyva\u010di\u0173 nuod\u0173 analogo, kuris ma\u017eina rauk\u0161les. \u0160i hipoalergin\u0117 celiulioz\u0117s kauk\u0117 \u0161velniai prilimpa prie odos ir palieka \u0161ilkin\u012f poj\u016bt\u012f. Tinka net jautriai odai. Naudojimo instrukcijos: 1. Nuvalykite od\u0105, nusausinkite ir, jei norite, naudokite toner\u012f. 2. I\u0161skleiskite kauk\u0119 ir tolygiai paskirstykite j\u0105 ant viso veido, vengdami srities aplink akis ir l\u016bpas. 3. [&#8230;]\n","protected":false},"featured_media":104936,"template":"","meta":[],"product_cat":[1369],"product_tag":[],"class_list":{"0":"post-103343","1":"product","2":"type-product","3":"status-publish","4":"has-post-thumbnail","6":"product_brand-replay_kr-lt","7":"product_cat-veido-kaukes","9":"first","10":"instock","11":"taxable","12":"shipping-taxable","13":"product-type-simple"},"_links":{"self":[{"href":"https:\/\/e.kosmolat.eu\/lt\/wp-json\/wp\/v2\/product\/103343","targetHints":{"allow":["GET"]}}],"collection":[{"href":"https:\/\/e.kosmolat.eu\/lt\/wp-json\/wp\/v2\/product"}],"about":[{"href":"https:\/\/e.kosmolat.eu\/lt\/wp-json\/wp\/v2\/types\/product"}],"wp:featuredmedia":[{"embeddable":true,"href":"https:\/\/e.kosmolat.eu\/lt\/wp-json\/wp\/v2\/media\/104936"}],"wp:attachment":[{"href":"https:\/\/e.kosmolat.eu\/lt\/wp-json\/wp\/v2\/media?parent=103343"}],"wp:term":[{"taxonomy":"product_cat","embeddable":true,"href":"https:\/\/e.kosmolat.eu\/lt\/wp-json\/wp\/v2\/product_cat?post=103343"},{"taxonomy":"product_tag","embeddable":true,"href":"https:\/\/e.kosmolat.eu\/lt\/wp-json\/wp\/v2\/product_tag?post=103343"}],"curies":[{"name":"wp","href":"https:\/\/api.w.org\/{rel}","templated":true}]}}