{"id":103335,"date":"2025-12-03T10:21:55","date_gmt":"2025-12-03T10:21:55","guid":{"rendered":"https:\/\/e.kosmolat.eu\/product\/med-b-%d0%bca%d1%81%d0%baa-%d1%82%d0%baa%d0%bdc%d0%bd%d0%bda-ae%d1%8f-%d0%beiec%d1%87%d1%87%d1%8f-1-day-%d0%b7-%d0%b5%d0%ba%d1%81%d1%82sa%d0%ba%d1%82%d0%be%d0%bc-%d0%bc%d1%83oc%d0%bd%d1%83-sa%d0%b2ec\/"},"modified":"2026-04-09T05:44:30","modified_gmt":"2026-04-09T05:44:30","slug":"med-b-1-day-aud-sejas-maska-ar-gliemezu-muc-27-ml","status":"publish","type":"product","link":"https:\/\/e.kosmolat.eu\/lt\/produktas\/med-b-1-day-aud-sejas-maska-ar-gliemezu-muc-27-ml\/","title":{"rendered":"MED B 1 Day lak\u0161tin\u0117 veido kauk\u0117 su sraigi\u0173 mucinu, 27 ml"},"content":{"rendered":"<p>Sraigi\u0173 mucinas veikia kaip dr\u0117kinamasis komponentas. Gerina pavargusios ir sausos, i\u0161orini\u0173 veiksni\u0173 paveiktos odos i\u0161vaizd\u0105, tod\u0117l ji tampa labiau sudr\u0117kinta ir elastinga. Hipoalergin\u0117 celiulioz\u0117s kauk\u0117 \u0161velniai prilimpa prie odos, palikdama \u0161ilkin\u012f poj\u016bt\u012f. Tinka net jautriai odai.<\/p>\n<p>Naudojimo instrukcijos:<br \/>\n1. Nuvalykite od\u0105, nusausinkite ir, jei norite, naudokite toner\u012f.<br \/>\n2. I\u0161skleiskite kauk\u0119 ir tolygiai paskirstykite j\u0105 ant viso veido, vengdami srities aplink akis ir l\u016bpas.<br \/>\n3. Palaikykite 10\u201320 minu\u010di\u0173, kad veikliosios med\u017eiagos \u012fsigert\u0173.<br \/>\n4. Nuimkite kauk\u0119 ir \u0161velniai \u012ftap\u0161nokite pir\u0161t\u0173 galiukais \u012f od\u0105, kad esencija \u012fsigert\u0173.<\/p>\n<p>Patarimai:<br \/>\n1. Jei kauk\u0119 norite naudoti at\u0161aldyt\u0105, galite j\u0105 \u012fd\u0117ti \u012f \u0161aldytuv\u0105, kad b\u016bt\u0173 v\u0117sinantis poveikis.<br \/>\n2. Jei kauk\u0119 norite naudoti \u0161ilt\u0105, prie\u0161 naudojim\u0105 pakuot\u0119 2\u20133 minut\u0117ms pamirkykite \u0161iltame vandenyje.<\/p>\n<p>Atsargumo priemon\u0117s: Tik i\u0161oriniam naudojimui. Venkite patekimo \u012f akis. Patekus \u012f akis, kruop\u0161\u010diai praplaukite vandeniu. Jei atsiranda dirginimas, nutraukite naudojim\u0105 ir kreipkit\u0117s \u012f gydytoj\u0105. Laikyti vaikams nepasiekiamoje vietoje.<\/p>\n<p>Laikyti +5\u2013+25 \u00b0C temperat\u016broje.<br \/>\nGeriausias: 36 m\u0117nesiai.<\/p>\n","protected":false},"excerpt":{"rendered":"<p>Sraigi\u0173 mucinas veikia kaip dr\u0117kinamasis komponentas. Gerina pavargusios ir sausos, i\u0161orini\u0173 veiksni\u0173 paveiktos odos i\u0161vaizd\u0105, tod\u0117l ji tampa labiau sudr\u0117kinta ir elastinga. Hipoalergin\u0117 celiulioz\u0117s kauk\u0117 \u0161velniai prilimpa prie odos, palikdama \u0161ilkin\u012f poj\u016bt\u012f. Tinka net jautriai odai. Naudojimo instrukcijos: 1. Nuvalykite od\u0105, nusausinkite ir, jei norite, naudokite toner\u012f. 2. I\u0161skleiskite kauk\u0119 ir tolygiai paskirstykite j\u0105 ant [&#8230;]\n","protected":false},"featured_media":105129,"template":"","meta":[],"product_cat":[2181],"product_tag":[],"class_list":{"0":"post-103335","1":"product","2":"type-product","3":"status-publish","4":"has-post-thumbnail","6":"product_brand-replay_kr-lt","7":"product_cat-bez-kategorijas-lt","9":"first","10":"outofstock","11":"taxable","12":"shipping-taxable","13":"product-type-simple"},"_links":{"self":[{"href":"https:\/\/e.kosmolat.eu\/lt\/wp-json\/wp\/v2\/product\/103335","targetHints":{"allow":["GET"]}}],"collection":[{"href":"https:\/\/e.kosmolat.eu\/lt\/wp-json\/wp\/v2\/product"}],"about":[{"href":"https:\/\/e.kosmolat.eu\/lt\/wp-json\/wp\/v2\/types\/product"}],"wp:featuredmedia":[{"embeddable":true,"href":"https:\/\/e.kosmolat.eu\/lt\/wp-json\/wp\/v2\/media\/105129"}],"wp:attachment":[{"href":"https:\/\/e.kosmolat.eu\/lt\/wp-json\/wp\/v2\/media?parent=103335"}],"wp:term":[{"taxonomy":"product_cat","embeddable":true,"href":"https:\/\/e.kosmolat.eu\/lt\/wp-json\/wp\/v2\/product_cat?post=103335"},{"taxonomy":"product_tag","embeddable":true,"href":"https:\/\/e.kosmolat.eu\/lt\/wp-json\/wp\/v2\/product_tag?post=103335"}],"curies":[{"name":"wp","href":"https:\/\/api.w.org\/{rel}","templated":true}]}}