{"id":103295,"date":"2025-12-01T16:10:50","date_gmt":"2025-12-01T16:10:50","guid":{"rendered":"https:\/\/e.kosmolat.eu\/product\/esfolio-pure-skin-%d0%bca%d1%81%d0%baa-%d1%82%d0%baa%d0%bdc%d0%bd%d0%bda-ae%d1%8f-%d0%beiec%d1%87%d1%87%d1%8f-%d0%b7-%d0%b7%d0%b5e%d0%b5%d0%bdc%d0%bc-%d1%87as%d0%bc-25%d0%bce\/"},"modified":"2026-04-23T07:07:49","modified_gmt":"2026-04-23T07:07:49","slug":"esfolio-aud-sejas-maska-ar-zal-tej-ekstr-25-ml","status":"publish","type":"product","link":"https:\/\/e.kosmolat.eu\/lt\/produktas\/esfolio-aud-sejas-maska-ar-zal-tej-ekstr-25-ml\/","title":{"rendered":"ESFOLIO Lak\u0161tin\u0117 kauk\u0117 su \u017ealiosios arbatos ekstraktu, 25 ml"},"content":{"rendered":"<p>Labai koncentruota esencija GREEN TEA ESSENCE MASK  Veido kauk\u0117je yra \u017ealiosios arbatos, kinini\u0173 svaraini\u0173 ir portulak\u0173 ekstrakt\u0173, kurie gaivina od\u0105 ir suteikia jai elastingumo.<\/p>\n<p>Naudojimas: 1. Nuvalykite veid\u0105 ir patepkite toniku. 2. U\u017ed\u0117kite kauk\u0119 ant veido. 3. Nuimkite kauk\u0119 po 15-20 minu\u010di\u0173 ir \u0161velniai \u012ftrinkite esencij\u0105 \u012f veid\u0105, kol ji visi\u0161kai susigers.<\/p>\n<p>\u012eSP\u0116JIMAS: 1. Jei naudojant produkt\u0105 atsiranda b\u0117rimas, patinimas, nie\u017eulys ar kitoks diskomfortas, nedelsiant nutraukite naudojim\u0105 ir kreipkit\u0117s \u012f dermatolog\u0105. 2. Nenaudoti ant pa\u017eeistos ar sudirgusios odos. 3. Nenaudoti ant odos aplink akis.<\/p>\n<p>Atsargumo priemon\u0117s: Laikyti vaikams nepasiekiamoje vietoje. Saugoti nuo tiesiogini\u0173 saul\u0117s spinduli\u0173.<\/p>\n<p>Laikyti nuo +5 \u00b0C iki +25 \u00b0C temperat\u016broje.<\/p>\n","protected":false},"excerpt":{"rendered":"<p>Labai koncentruota esencija GREEN TEA ESSENCE MASK Veido kauk\u0117je yra \u017ealiosios arbatos, kinini\u0173 svaraini\u0173 ir portulak\u0173 ekstrakt\u0173, kurie gaivina od\u0105 ir suteikia jai elastingumo. Naudojimas: 1. Nuvalykite veid\u0105 ir patepkite toniku. 2. U\u017ed\u0117kite kauk\u0119 ant veido. 3. Nuimkite kauk\u0119 po 15-20 minu\u010di\u0173 ir \u0161velniai \u012ftrinkite esencij\u0105 \u012f veid\u0105, kol ji visi\u0161kai susigers. \u012eSP\u0116JIMAS: 1. Jei [&#8230;]\n","protected":false},"featured_media":105125,"template":"","meta":[],"product_cat":[1369],"product_tag":[],"class_list":{"0":"post-103295","1":"product","2":"type-product","3":"status-publish","4":"has-post-thumbnail","6":"product_brand-replay_kr-lt","7":"product_cat-veido-kaukes","9":"first","10":"instock","11":"taxable","12":"shipping-taxable","13":"product-type-simple"},"_links":{"self":[{"href":"https:\/\/e.kosmolat.eu\/lt\/wp-json\/wp\/v2\/product\/103295","targetHints":{"allow":["GET"]}}],"collection":[{"href":"https:\/\/e.kosmolat.eu\/lt\/wp-json\/wp\/v2\/product"}],"about":[{"href":"https:\/\/e.kosmolat.eu\/lt\/wp-json\/wp\/v2\/types\/product"}],"wp:featuredmedia":[{"embeddable":true,"href":"https:\/\/e.kosmolat.eu\/lt\/wp-json\/wp\/v2\/media\/105125"}],"wp:attachment":[{"href":"https:\/\/e.kosmolat.eu\/lt\/wp-json\/wp\/v2\/media?parent=103295"}],"wp:term":[{"taxonomy":"product_cat","embeddable":true,"href":"https:\/\/e.kosmolat.eu\/lt\/wp-json\/wp\/v2\/product_cat?post=103295"},{"taxonomy":"product_tag","embeddable":true,"href":"https:\/\/e.kosmolat.eu\/lt\/wp-json\/wp\/v2\/product_tag?post=103295"}],"curies":[{"name":"wp","href":"https:\/\/api.w.org\/{rel}","templated":true}]}}