{"id":103271,"date":"2025-12-01T13:50:01","date_gmt":"2025-12-01T13:50:01","guid":{"rendered":"https:\/\/e.kosmolat.eu\/product\/doris-%d0%bca%d1%81%d0%baa-%d1%82%d0%baa%d0%bdc%d0%bd%d0%bda-ae%d1%8f-%d0%beiec%d1%87%d1%87%d1%8f-calamansi-real-essence-%d0%b7-%d0%b5%d0%ba%d1%81%d1%82sa%d0%ba%d1%82%d0%be%d0%bc-%d0%baaea%d0%bca\/"},"modified":"2026-04-22T07:08:08","modified_gmt":"2026-04-22T07:08:08","slug":"doris-aud-sejas-maska-ar-kalamond-ekstr-25-ml","status":"publish","type":"product","link":"https:\/\/e.kosmolat.eu\/lt\/produktas\/doris-aud-sejas-maska-ar-kalamond-ekstr-25-ml\/","title":{"rendered":"DORIS Lak\u0161tin\u0117 veido kauk\u0117 su kalamondino ekstraktu, 25 ml"},"content":{"rendered":"<p>CALAMANSI REAL ESSENCE MASK lak\u0161tin\u0117s veido kauk\u0117s sud\u0117tyje yra kalamondino ekstrakto (25 mg) ir levand\u0173 ekstrakto, kurie dr\u0117kina, maitina ir mink\u0161tina od\u0105, suteikdami jai \u0161vari\u0105 ir sveik\u0105 i\u0161vaizd\u0105.<\/p>\n<p>Naudojimas: naudokite ant \u0161varios ir sausos veido odos. Atidarykite pakuot\u0119 ir atsargiai u\u017ed\u0117kite kauk\u0119 ant veido. Palikite kauk\u0119 15-20 minu\u010di\u0173, tada atsargiai nuimkite. Likusi\u0105 kauk\u0119 lengvais judesiais \u012fmasa\u017euokite \u012f od\u0105. Kauk\u0117 skirta vienkartiniam naudojimui.<\/p>\n<p>Atsargumo priemon\u0117s: Jei atsiranda b\u0117rimas, patinimas, nie\u017eulys ar dirginimas, nustokite naudoti kauk\u0119 ir kreipkit\u0117s \u012f dermatolog\u0105. Patekus \u012f akis, kruop\u0161\u010diai nuplaukite vandeniu.<\/p>\n<p>Laikyti vaikams nepasiekiamoje vietoje, apsaugotoje nuo tiesiogini\u0173 saul\u0117s spinduli\u0173 ir \u0161ilumos \u0161altini\u0173, nuo +5 \u00b0C iki +25 \u00b0C temperat\u016broje.<\/p>\n","protected":false},"excerpt":{"rendered":"<p>CALAMANSI REAL ESSENCE MASK lak\u0161tin\u0117s veido kauk\u0117s sud\u0117tyje yra kalamondino ekstrakto (25 mg) ir levand\u0173 ekstrakto, kurie dr\u0117kina, maitina ir mink\u0161tina od\u0105, suteikdami jai \u0161vari\u0105 ir sveik\u0105 i\u0161vaizd\u0105. Naudojimas: naudokite ant \u0161varios ir sausos veido odos. Atidarykite pakuot\u0119 ir atsargiai u\u017ed\u0117kite kauk\u0119 ant veido. Palikite kauk\u0119 15-20 minu\u010di\u0173, tada atsargiai nuimkite. Likusi\u0105 kauk\u0119 lengvais judesiais [&#8230;]\n","protected":false},"featured_media":104920,"template":"","meta":[],"product_cat":[1369],"product_tag":[],"class_list":{"0":"post-103271","1":"product","2":"type-product","3":"status-publish","4":"has-post-thumbnail","6":"product_brand-replay_kr-lt","7":"product_cat-veido-kaukes","9":"first","10":"outofstock","11":"taxable","12":"shipping-taxable","13":"product-type-simple"},"_links":{"self":[{"href":"https:\/\/e.kosmolat.eu\/lt\/wp-json\/wp\/v2\/product\/103271","targetHints":{"allow":["GET"]}}],"collection":[{"href":"https:\/\/e.kosmolat.eu\/lt\/wp-json\/wp\/v2\/product"}],"about":[{"href":"https:\/\/e.kosmolat.eu\/lt\/wp-json\/wp\/v2\/types\/product"}],"wp:featuredmedia":[{"embeddable":true,"href":"https:\/\/e.kosmolat.eu\/lt\/wp-json\/wp\/v2\/media\/104920"}],"wp:attachment":[{"href":"https:\/\/e.kosmolat.eu\/lt\/wp-json\/wp\/v2\/media?parent=103271"}],"wp:term":[{"taxonomy":"product_cat","embeddable":true,"href":"https:\/\/e.kosmolat.eu\/lt\/wp-json\/wp\/v2\/product_cat?post=103271"},{"taxonomy":"product_tag","embeddable":true,"href":"https:\/\/e.kosmolat.eu\/lt\/wp-json\/wp\/v2\/product_tag?post=103271"}],"curies":[{"name":"wp","href":"https:\/\/api.w.org\/{rel}","templated":true}]}}