{"id":103267,"date":"2025-12-01T13:39:20","date_gmt":"2025-12-01T13:39:20","guid":{"rendered":"https:\/\/e.kosmolat.eu\/product\/doris-%d0%bca%d1%81%d0%baa-%d1%82%d0%baa%d0%bdc%d0%bd%d0%bda-ae%d1%8f-%d0%beiec%d1%87%d1%87%d1%8f-gr%d0%b5en-tea-real-essence-%d0%b7-%d0%b5%d0%ba%d1%81%d1%82sa%d0%ba%d1%82%d0%be%d0%bc-%d0%b7%d0%b5e\/"},"modified":"2026-03-02T08:22:27","modified_gmt":"2026-03-02T08:22:27","slug":"doris-aud-sejas-maska-ar-zal-tejas-ekstr-25-ml","status":"publish","type":"product","link":"https:\/\/e.kosmolat.eu\/lt\/produktas\/doris-aud-sejas-maska-ar-zal-tejas-ekstr-25-ml\/","title":{"rendered":"DORIS Lak\u0161tin\u0117 veido kauk\u0117 su \u017ealiosios arbatos ekstraktu, 25 ml"},"content":{"rendered":"<p>Lak\u0161tin\u0117 veido kauk\u0117 GREEN TEA REAL ESSENCE MASK sud\u0117tyje yra \u017ealiosios arbatos ekstrakto (25 mg), taip pat mirobalano ir alavij\u0173 ekstrakt\u0173, kurie dr\u0117kina, gaivina ir maitina od\u0105, suteikdami jai \u0161vari\u0105 ir sveik\u0105 i\u0161vaizd\u0105.<\/p>\n<p>Naudojimas: naudokite ant \u0161varios ir sausos veido odos. Atidarykite pakuot\u0119 ir atsargiai u\u017ed\u0117kite kauk\u0119 ant veido. Palikite kauk\u0119 15-20 minu\u010di\u0173, tada atsargiai nuimkite. Likusi\u0105 kauk\u0119 lengvais judesiais \u012fmasa\u017euokite \u012f od\u0105. Kauk\u0117 skirta vienkartiniam naudojimui.<\/p>\n<p>Atsargumo priemon\u0117s: Jei atsiranda b\u0117rimas, patinimas, nie\u017eulys ar dirginimas, nustokite naudoti kauk\u0119 ir kreipkit\u0117s \u012f dermatolog\u0105. Patekus \u012f akis, kruop\u0161\u010diai nuplaukite vandeniu.<\/p>\n<p>Laikyti vaikams nepasiekiamoje vietoje, apsaugotoje nuo tiesiogini\u0173 saul\u0117s spinduli\u0173 ir \u0161ilumos \u0161altini\u0173, nuo +5 \u00b0C iki +25 \u00b0C temperat\u016broje.<\/p>\n","protected":false},"excerpt":{"rendered":"<p>Lak\u0161tin\u0117 veido kauk\u0117 GREEN TEA REAL ESSENCE MASK sud\u0117tyje yra \u017ealiosios arbatos ekstrakto (25 mg), taip pat mirobalano ir alavij\u0173 ekstrakt\u0173, kurie dr\u0117kina, gaivina ir maitina od\u0105, suteikdami jai \u0161vari\u0105 ir sveik\u0105 i\u0161vaizd\u0105. Naudojimas: naudokite ant \u0161varios ir sausos veido odos. Atidarykite pakuot\u0119 ir atsargiai u\u017ed\u0117kite kauk\u0119 ant veido. Palikite kauk\u0119 15-20 minu\u010di\u0173, tada atsargiai [&#8230;]\n","protected":false},"featured_media":0,"template":"","meta":[],"product_cat":[2181],"product_tag":[],"class_list":{"0":"post-103267","1":"product","2":"type-product","3":"status-publish","5":"product_brand-replay_kr-lt","6":"product_cat-bez-kategorijas-lt","8":"first","9":"outofstock","10":"taxable","11":"shipping-taxable","12":"product-type-simple"},"_links":{"self":[{"href":"https:\/\/e.kosmolat.eu\/lt\/wp-json\/wp\/v2\/product\/103267","targetHints":{"allow":["GET"]}}],"collection":[{"href":"https:\/\/e.kosmolat.eu\/lt\/wp-json\/wp\/v2\/product"}],"about":[{"href":"https:\/\/e.kosmolat.eu\/lt\/wp-json\/wp\/v2\/types\/product"}],"wp:attachment":[{"href":"https:\/\/e.kosmolat.eu\/lt\/wp-json\/wp\/v2\/media?parent=103267"}],"wp:term":[{"taxonomy":"product_cat","embeddable":true,"href":"https:\/\/e.kosmolat.eu\/lt\/wp-json\/wp\/v2\/product_cat?post=103267"},{"taxonomy":"product_tag","embeddable":true,"href":"https:\/\/e.kosmolat.eu\/lt\/wp-json\/wp\/v2\/product_tag?post=103267"}],"curies":[{"name":"wp","href":"https:\/\/api.w.org\/{rel}","templated":true}]}}