{"id":103258,"date":"2025-11-28T08:05:37","date_gmt":"2025-11-28T08:05:37","guid":{"rendered":"https:\/\/e.kosmolat.eu\/?post_type=product&#038;p=103258"},"modified":"2026-04-15T11:09:50","modified_gmt":"2026-04-15T11:09:50","slug":"spkrug-revmoterm-kerm-kr-balz-ar-haiz-aknu-tauk-sark-pipar-rozm-un-ingv-100-ml","status":"publish","type":"product","link":"https:\/\/e.kosmolat.eu\/lt\/produktas\/spkrug-revmoterm-kerm-kr-balz-ar-haiz-aknu-tauk-sark-pipar-rozm-un-ingv-100-ml\/","title":{"rendered":"SPASATELNIJ KRUG REVMOTERM k\u016bno kremas-balzamas su rykli\u0173 taukais, raudonaisiais pipirais, imbierais"},"content":{"rendered":"<p>Kosmetinis k\u016bno kremas-balzamas. Tai n\u0117ra vaistas. Tepkite ant \u0161varios, sausos odos. Naudojimo da\u017enumas nustatomas individualiai. Laikyti 2\u201325 \u00b0C temperat\u016broje.<\/p>\n","protected":false},"excerpt":{"rendered":"<p>Kosmetinis k\u016bno kremas-balzamas. Tai n\u0117ra vaistas. Tepkite ant \u0161varios, sausos odos. Naudojimo da\u017enumas nustatomas individualiai. Laikyti 2\u201325 \u00b0C temperat\u016broje.<\/p>\n","protected":false},"featured_media":107116,"template":"","meta":[],"product_cat":[1304],"product_tag":[],"class_list":{"0":"post-103258","1":"product","2":"type-product","3":"status-publish","4":"has-post-thumbnail","6":"product_brand-elpis-lt","7":"product_cat-ranku-prieziuros-kosmetika","9":"first","10":"outofstock","11":"taxable","12":"shipping-taxable","13":"product-type-simple"},"_links":{"self":[{"href":"https:\/\/e.kosmolat.eu\/lt\/wp-json\/wp\/v2\/product\/103258","targetHints":{"allow":["GET"]}}],"collection":[{"href":"https:\/\/e.kosmolat.eu\/lt\/wp-json\/wp\/v2\/product"}],"about":[{"href":"https:\/\/e.kosmolat.eu\/lt\/wp-json\/wp\/v2\/types\/product"}],"wp:featuredmedia":[{"embeddable":true,"href":"https:\/\/e.kosmolat.eu\/lt\/wp-json\/wp\/v2\/media\/107116"}],"wp:attachment":[{"href":"https:\/\/e.kosmolat.eu\/lt\/wp-json\/wp\/v2\/media?parent=103258"}],"wp:term":[{"taxonomy":"product_cat","embeddable":true,"href":"https:\/\/e.kosmolat.eu\/lt\/wp-json\/wp\/v2\/product_cat?post=103258"},{"taxonomy":"product_tag","embeddable":true,"href":"https:\/\/e.kosmolat.eu\/lt\/wp-json\/wp\/v2\/product_tag?post=103258"}],"curies":[{"name":"wp","href":"https:\/\/api.w.org\/{rel}","templated":true}]}}