{"id":103254,"date":"2025-11-27T14:52:27","date_gmt":"2025-11-27T14:52:27","guid":{"rendered":"https:\/\/e.kosmolat.eu\/?post_type=product&#038;p=103254"},"modified":"2026-04-17T14:34:01","modified_gmt":"2026-04-17T14:34:01","slug":"spkrug-sustavital-kerm-kr-balz-ar-cagas-zelta-st-purva-varnk-un-tauks-ekstr-100-ml","status":"publish","type":"product","link":"https:\/\/e.kosmolat.eu\/lt\/produktas\/spkrug-sustavital-kerm-kr-balz-ar-cagas-zelta-st-purva-varnk-un-tauks-ekstr-100-ml\/","title":{"rendered":"SPASATELNIJ KRUG  SUSTAVITAL K\u016bno kremas-balzamas su \u010daga, auksiniais \u016bsais, tauk\u0117mis ir pievin\u0117mis"},"content":{"rendered":"<p>Kosmetinis k\u016bno kremas-balzamas. Tai n\u0117ra vaistas. Tepkite ant \u0161varios, sausos odos. Naudojimo da\u017enumas nustatomas individualiai. Laikyti 2\u201325 \u00b0C temperat\u016broje.<\/p>\n","protected":false},"excerpt":{"rendered":"<p>Kosmetinis k\u016bno kremas-balzamas. Tai n\u0117ra vaistas. Tepkite ant \u0161varios, sausos odos. Naudojimo da\u017enumas nustatomas individualiai. Laikyti 2\u201325 \u00b0C temperat\u016broje.<\/p>\n","protected":false},"featured_media":104568,"template":"","meta":[],"product_cat":[1390],"product_tag":[],"class_list":{"0":"post-103254","1":"product","2":"type-product","3":"status-publish","4":"has-post-thumbnail","6":"product_brand-elpis-lt","7":"product_cat-kremai-aliejai-kuno-pienelis","9":"first","10":"instock","11":"taxable","12":"shipping-taxable","13":"product-type-simple"},"_links":{"self":[{"href":"https:\/\/e.kosmolat.eu\/lt\/wp-json\/wp\/v2\/product\/103254","targetHints":{"allow":["GET"]}}],"collection":[{"href":"https:\/\/e.kosmolat.eu\/lt\/wp-json\/wp\/v2\/product"}],"about":[{"href":"https:\/\/e.kosmolat.eu\/lt\/wp-json\/wp\/v2\/types\/product"}],"wp:featuredmedia":[{"embeddable":true,"href":"https:\/\/e.kosmolat.eu\/lt\/wp-json\/wp\/v2\/media\/104568"}],"wp:attachment":[{"href":"https:\/\/e.kosmolat.eu\/lt\/wp-json\/wp\/v2\/media?parent=103254"}],"wp:term":[{"taxonomy":"product_cat","embeddable":true,"href":"https:\/\/e.kosmolat.eu\/lt\/wp-json\/wp\/v2\/product_cat?post=103254"},{"taxonomy":"product_tag","embeddable":true,"href":"https:\/\/e.kosmolat.eu\/lt\/wp-json\/wp\/v2\/product_tag?post=103254"}],"curies":[{"name":"wp","href":"https:\/\/api.w.org\/{rel}","templated":true}]}}