{"id":103250,"date":"2025-11-27T14:22:26","date_gmt":"2025-11-27T14:22:26","guid":{"rendered":"https:\/\/e.kosmolat.eu\/?post_type=product&#038;p=103250"},"modified":"2026-04-22T05:42:47","modified_gmt":"2026-04-22T05:42:47","slug":"spkrug-artroprofil-kerm-kr-balz-ar-haizivs-tauk-glikoz-lanol-un-bisof-100-ml","status":"publish","type":"product","link":"https:\/\/e.kosmolat.eu\/lt\/produktas\/spkrug-artroprofil-kerm-kr-balz-ar-haizivs-tauk-glikoz-lanol-un-bisof-100-ml\/","title":{"rendered":"SPASATELNIJ KRUG ARTHROPROFIL k\u016bno kremas-balzamas su rykli\u0173 taukais, gliukozaminu, lanolinu ir bi\u0161o"},"content":{"rendered":"<p>Kosmetinis k\u016bno kremas-balzamas. Tai n\u0117ra vaistas. Tepkite ant \u0161varios, sausos odos. Naudojimo da\u017enumas nustatomas individualiai. Laikyti 2\u201325 \u00b0C temperat\u016broje.<\/p>\n","protected":false},"excerpt":{"rendered":"<p>Kosmetinis k\u016bno kremas-balzamas. Tai n\u0117ra vaistas. Tepkite ant \u0161varios, sausos odos. Naudojimo da\u017enumas nustatomas individualiai. Laikyti 2\u201325 \u00b0C temperat\u016broje.<\/p>\n","protected":false},"featured_media":104564,"template":"","meta":[],"product_cat":[1390],"product_tag":[],"class_list":{"0":"post-103250","1":"product","2":"type-product","3":"status-publish","4":"has-post-thumbnail","6":"product_brand-elpis-lt","7":"product_cat-kremai-aliejai-kuno-pienelis","9":"first","10":"instock","11":"taxable","12":"shipping-taxable","13":"product-type-simple"},"_links":{"self":[{"href":"https:\/\/e.kosmolat.eu\/lt\/wp-json\/wp\/v2\/product\/103250","targetHints":{"allow":["GET"]}}],"collection":[{"href":"https:\/\/e.kosmolat.eu\/lt\/wp-json\/wp\/v2\/product"}],"about":[{"href":"https:\/\/e.kosmolat.eu\/lt\/wp-json\/wp\/v2\/types\/product"}],"wp:featuredmedia":[{"embeddable":true,"href":"https:\/\/e.kosmolat.eu\/lt\/wp-json\/wp\/v2\/media\/104564"}],"wp:attachment":[{"href":"https:\/\/e.kosmolat.eu\/lt\/wp-json\/wp\/v2\/media?parent=103250"}],"wp:term":[{"taxonomy":"product_cat","embeddable":true,"href":"https:\/\/e.kosmolat.eu\/lt\/wp-json\/wp\/v2\/product_cat?post=103250"},{"taxonomy":"product_tag","embeddable":true,"href":"https:\/\/e.kosmolat.eu\/lt\/wp-json\/wp\/v2\/product_tag?post=103250"}],"curies":[{"name":"wp","href":"https:\/\/api.w.org\/{rel}","templated":true}]}}