{"id":103234,"date":"2025-11-27T13:57:40","date_gmt":"2025-11-27T13:57:40","guid":{"rendered":"https:\/\/e.kosmolat.eu\/product\/pl-samp-apjoms-un-speks-uz-lins-un-zalu-novar-250-ml\/"},"modified":"2026-04-23T13:09:53","modified_gmt":"2026-04-23T13:09:53","slug":"pl-samp-apjoms-un-speks-uz-lins-un-zalu-novar-250-ml","status":"publish","type":"product","link":"https:\/\/e.kosmolat.eu\/lt\/produktas\/pl-samp-apjoms-un-speks-uz-lins-un-zalu-novar-250-ml\/","title":{"rendered":"PURE LINE \u0160amp\u016bnas Apimtis ir stiprumas lin\u0173 ir \u017eoleli\u0173 nuoviro pagrindu su kvie\u010di\u0173 gemal\u0173 ekstraktu"},"content":{"rendered":"<p>Skirtas ploniems ir silpniems plaukams. Sud\u0117tis i\u0161 5 ekstrakt\u0173 ir aliej\u0173 Nature Plus Essence (verben\u0173 ekstraktas, \u0161alavij\u0173 ekstraktas, er\u0161k\u0117tuogi\u0173 ekstraktas, migdol\u0173 aliejus ir lin\u0173 aliejus). Aktyv\u016bs nat\u016bral\u016bs ingredientai atkuria ir stiprina plaukus, saugo juos nuo pa\u017eeidim\u0173. <\/p>\n<p>Naudojimas: paskirstykite ant dr\u0117gn\u0173 plauk\u0173, masa\u017euokite galvos od\u0105 1 minut\u0119, gerai i\u0161skalaukite. Patekus \u012f akis, kruop\u0161\u010diai nuplaukite vandeniu. Tai n\u0117ra vaistas. Atidarius sunaudoti per 12 m\u0117nesi\u0173. <\/p>\n<p>Saugojimo temperat\u016bra: +5 \u00b0C &#8211; +25 \u00b0C.<\/p>\n","protected":false},"excerpt":{"rendered":"<p>Skirtas ploniems ir silpniems plaukams. Sud\u0117tis i\u0161 5 ekstrakt\u0173 ir aliej\u0173 Nature Plus Essence (verben\u0173 ekstraktas, \u0161alavij\u0173 ekstraktas, er\u0161k\u0117tuogi\u0173 ekstraktas, migdol\u0173 aliejus ir lin\u0173 aliejus). Aktyv\u016bs nat\u016bral\u016bs ingredientai atkuria ir stiprina plaukus, saugo juos nuo pa\u017eeidim\u0173. Naudojimas: paskirstykite ant dr\u0117gn\u0173 plauk\u0173, masa\u017euokite galvos od\u0105 1 minut\u0119, gerai i\u0161skalaukite. Patekus \u012f akis, kruop\u0161\u010diai nuplaukite vandeniu. Tai [&#8230;]\n","protected":false},"featured_media":103236,"template":"","meta":[],"product_cat":[1251],"product_tag":[],"class_list":{"0":"post-103234","1":"product","2":"type-product","3":"status-publish","4":"has-post-thumbnail","6":"product_brand-private-label-lt","7":"product_cat-sampunai","9":"first","10":"instock","11":"taxable","12":"shipping-taxable","13":"product-type-simple"},"_links":{"self":[{"href":"https:\/\/e.kosmolat.eu\/lt\/wp-json\/wp\/v2\/product\/103234","targetHints":{"allow":["GET"]}}],"collection":[{"href":"https:\/\/e.kosmolat.eu\/lt\/wp-json\/wp\/v2\/product"}],"about":[{"href":"https:\/\/e.kosmolat.eu\/lt\/wp-json\/wp\/v2\/types\/product"}],"wp:featuredmedia":[{"embeddable":true,"href":"https:\/\/e.kosmolat.eu\/lt\/wp-json\/wp\/v2\/media\/103236"}],"wp:attachment":[{"href":"https:\/\/e.kosmolat.eu\/lt\/wp-json\/wp\/v2\/media?parent=103234"}],"wp:term":[{"taxonomy":"product_cat","embeddable":true,"href":"https:\/\/e.kosmolat.eu\/lt\/wp-json\/wp\/v2\/product_cat?post=103234"},{"taxonomy":"product_tag","embeddable":true,"href":"https:\/\/e.kosmolat.eu\/lt\/wp-json\/wp\/v2\/product_tag?post=103234"}],"curies":[{"name":"wp","href":"https:\/\/api.w.org\/{rel}","templated":true}]}}