{"id":103226,"date":"2025-11-27T13:57:22","date_gmt":"2025-11-27T13:57:22","guid":{"rendered":"https:\/\/e.kosmolat.eu\/product\/pl-stiprin-samp-visiem-matu-tip-natre-250-ml\/"},"modified":"2026-04-23T11:57:21","modified_gmt":"2026-04-23T11:57:21","slug":"pl-stiprin-samp-visiem-matu-tip-natre-250-ml","status":"publish","type":"product","link":"https:\/\/e.kosmolat.eu\/lt\/produktas\/pl-stiprin-samp-visiem-matu-tip-natre-250-ml\/","title":{"rendered":"PURE LINE \u0160amp\u016bnas stiprinantis \u017eoleli\u0173 nuoviro pagrindu visiems plauk\u0173 tipams Dilg\u0117l\u0117, 250 ml"},"content":{"rendered":"<p>Nauja formul\u0117 su Nature Plus Essence 5 ekstraktais ir aliejais (verben\u0173, \u0161alavij\u0173  er\u0161k\u0117tuogi\u0173 ekstraktai, migdol\u0173 ir lin\u0173 aliejus). Aktyv\u016bs nat\u016bral\u016bs ingredientai apsaugo nuo plauk\u0173 slinkimo, maitina ir saugo plaukus nuo pa\u017eeidim\u0173. Dviguba dilg\u0117li\u0173 koncentracija, stiprina plauk\u0173 \u0161aknis, skatina j\u0173 augim\u0105, apsaugo nuo slinkimo. <\/p>\n<p>Naudojimo b\u016bdas: nu\u017etepkite ant dr\u0117gn\u0173 plauk\u0173, suputokites, tada nuskalaukite vandeniu. Patekus \u012f akis, kruop\u0161\u010diai nuplaukite vandeniu. Atidarius sunaudoti per 12 m\u0117nesi\u0173. <\/p>\n<p>Saugojimo temperat\u016bra: +5 \u00b0C &#8211; +25 \u00b0C.<\/p>\n","protected":false},"excerpt":{"rendered":"<p>Nauja formul\u0117 su Nature Plus Essence 5 ekstraktais ir aliejais (verben\u0173, \u0161alavij\u0173 er\u0161k\u0117tuogi\u0173 ekstraktai, migdol\u0173 ir lin\u0173 aliejus). Aktyv\u016bs nat\u016bral\u016bs ingredientai apsaugo nuo plauk\u0173 slinkimo, maitina ir saugo plaukus nuo pa\u017eeidim\u0173. Dviguba dilg\u0117li\u0173 koncentracija, stiprina plauk\u0173 \u0161aknis, skatina j\u0173 augim\u0105, apsaugo nuo slinkimo. Naudojimo b\u016bdas: nu\u017etepkite ant dr\u0117gn\u0173 plauk\u0173, suputokites, tada nuskalaukite vandeniu. Patekus \u012f [&#8230;]\n","protected":false},"featured_media":103228,"template":"","meta":[],"product_cat":[1251],"product_tag":[],"class_list":{"0":"post-103226","1":"product","2":"type-product","3":"status-publish","4":"has-post-thumbnail","6":"product_brand-private-label-lt","7":"product_cat-sampunai","9":"first","10":"instock","11":"taxable","12":"shipping-taxable","13":"product-type-simple"},"_links":{"self":[{"href":"https:\/\/e.kosmolat.eu\/lt\/wp-json\/wp\/v2\/product\/103226","targetHints":{"allow":["GET"]}}],"collection":[{"href":"https:\/\/e.kosmolat.eu\/lt\/wp-json\/wp\/v2\/product"}],"about":[{"href":"https:\/\/e.kosmolat.eu\/lt\/wp-json\/wp\/v2\/types\/product"}],"wp:featuredmedia":[{"embeddable":true,"href":"https:\/\/e.kosmolat.eu\/lt\/wp-json\/wp\/v2\/media\/103228"}],"wp:attachment":[{"href":"https:\/\/e.kosmolat.eu\/lt\/wp-json\/wp\/v2\/media?parent=103226"}],"wp:term":[{"taxonomy":"product_cat","embeddable":true,"href":"https:\/\/e.kosmolat.eu\/lt\/wp-json\/wp\/v2\/product_cat?post=103226"},{"taxonomy":"product_tag","embeddable":true,"href":"https:\/\/e.kosmolat.eu\/lt\/wp-json\/wp\/v2\/product_tag?post=103226"}],"curies":[{"name":"wp","href":"https:\/\/api.w.org\/{rel}","templated":true}]}}