{"id":103179,"date":"2025-11-26T08:39:00","date_gmt":"2025-11-26T08:39:00","guid":{"rendered":"https:\/\/e.kosmolat.eu\/product\/white-day-mitras-salvetes-ultra-sensitive-lavander-144-gab\/"},"modified":"2026-04-24T05:59:28","modified_gmt":"2026-04-24T05:59:28","slug":"white-day-sc-mitras-salvetes-bern-lavanda-144-gab","status":"publish","type":"product","link":"https:\/\/e.kosmolat.eu\/lt\/produktas\/white-day-sc-mitras-salvetes-bern-lavanda-144-gab\/","title":{"rendered":"WHITE DAY Soft Care servet\u0117l\u0117s k\u016bdikiams Levanda, 144 vnt."},"content":{"rendered":"<p>D\u0117l \u0161velnios tekst\u016bros ir specialiai j\u016bs\u0173 k\u016bdikiui sukurtos formul\u0117s dr\u0117gnos servet\u0117l\u0117s r\u016bpinasi rank\u0173, veido ir k\u016bno oda. Mink\u0161tos higienin\u0117s servet\u0117l\u0117s apsaugo od\u0105 sud\u0117tyje n\u0117ra  alkoholio ar da\u017eikli\u0173.<\/p>\n<p>Naudojimas: Atidarykite dangtel\u012f, atsargiai i\u0161imkite servet\u0117l\u0119, sandariai u\u017edarykite dangtel\u012f, kad i\u0161laikytum\u0117te dr\u0117gm\u0119.<\/p>\n<p>\u012esp\u0117jimas: Laikyti v\u0117sioje, sausoje vietoje. Saugoti nuo tiesiogini\u0173 saul\u0117s spinduli\u0173. Vengti patekimo \u012f akis. Patekus \u012f akis, plauti dideliu kiekiu vandens.<\/p>\n<p>D\u0117mesio: Nenuleiskite \u012f tualet\u0105. Kad i\u0161vengtum\u0117te u\u017edusimo, visus plastikinius mai\u0161elius laikykite vaikams ir naminiams gyv\u016bn\u0117liams nepasiekiamoje vietoje.<\/p>\n","protected":false},"excerpt":{"rendered":"<p>D\u0117l \u0161velnios tekst\u016bros ir specialiai j\u016bs\u0173 k\u016bdikiui sukurtos formul\u0117s dr\u0117gnos servet\u0117l\u0117s r\u016bpinasi rank\u0173, veido ir k\u016bno oda. Mink\u0161tos higienin\u0117s servet\u0117l\u0117s apsaugo od\u0105 sud\u0117tyje n\u0117ra alkoholio ar da\u017eikli\u0173. Naudojimas: Atidarykite dangtel\u012f, atsargiai i\u0161imkite servet\u0117l\u0119, sandariai u\u017edarykite dangtel\u012f, kad i\u0161laikytum\u0117te dr\u0117gm\u0119. \u012esp\u0117jimas: Laikyti v\u0117sioje, sausoje vietoje. Saugoti nuo tiesiogini\u0173 saul\u0117s spinduli\u0173. Vengti patekimo \u012f akis. Patekus \u012f [&#8230;]\n","protected":false},"featured_media":104916,"template":"","meta":[],"product_cat":[1796],"product_tag":[],"class_list":{"0":"post-103179","1":"product","2":"type-product","3":"status-publish","4":"has-post-thumbnail","6":"product_brand-salvor-wet-wiper-tr-lt","7":"product_cat-dregnos-serveteles-vaikams","9":"first","10":"instock","11":"taxable","12":"shipping-taxable","13":"product-type-simple"},"_links":{"self":[{"href":"https:\/\/e.kosmolat.eu\/lt\/wp-json\/wp\/v2\/product\/103179","targetHints":{"allow":["GET"]}}],"collection":[{"href":"https:\/\/e.kosmolat.eu\/lt\/wp-json\/wp\/v2\/product"}],"about":[{"href":"https:\/\/e.kosmolat.eu\/lt\/wp-json\/wp\/v2\/types\/product"}],"wp:featuredmedia":[{"embeddable":true,"href":"https:\/\/e.kosmolat.eu\/lt\/wp-json\/wp\/v2\/media\/104916"}],"wp:attachment":[{"href":"https:\/\/e.kosmolat.eu\/lt\/wp-json\/wp\/v2\/media?parent=103179"}],"wp:term":[{"taxonomy":"product_cat","embeddable":true,"href":"https:\/\/e.kosmolat.eu\/lt\/wp-json\/wp\/v2\/product_cat?post=103179"},{"taxonomy":"product_tag","embeddable":true,"href":"https:\/\/e.kosmolat.eu\/lt\/wp-json\/wp\/v2\/product_tag?post=103179"}],"curies":[{"name":"wp","href":"https:\/\/api.w.org\/{rel}","templated":true}]}}