{"id":103163,"date":"2025-11-25T09:51:59","date_gmt":"2025-11-25T09:51:59","guid":{"rendered":"https:\/\/e.kosmolat.eu\/product\/ip-pe-izgaism-sejas-ser-ar-6-fukog-un-efejas-ekstr-30-ml\/"},"modified":"2026-04-18T13:07:59","modified_gmt":"2026-04-18T13:07:59","slug":"ip-pe-izgaism-sejas-ser-ar-6-fukog-un-efejas-ekstr-30-ml","status":"publish","type":"product","link":"https:\/\/e.kosmolat.eu\/lt\/produktas\/ip-pe-izgaism-sejas-ser-ar-6-fukog-un-efejas-ekstr-30-ml\/","title":{"rendered":"INOPHARM PURE ELEMENTS skaistinamasis veido serumas su 6 % fukogeliu ir gebeni\u0173 ekstraktu, 30 ml"},"content":{"rendered":"<p>\u0160is veikli\u0173j\u0173 med\u017eiag\u0173 kompleksas veiksmingai padeda pa\u0161viesinti ir i\u0161lyginti odos atspalv\u012f. Jis padeda sul\u0117tinti smulki\u0173 rauk\u0161leli\u0173 atsiradim\u0105. Jis giliai dr\u0117kina ir ramina od\u0105.<\/p>\n<p>Naudojimas: serum\u0105 tepkite ant \u0161varios odos \u0161velniais masa\u017euojamaisiais judesiais ryte ir vakare. Tinka aki\u0173 sri\u010diai.<\/p>\n","protected":false},"excerpt":{"rendered":"<p>\u0160is veikli\u0173j\u0173 med\u017eiag\u0173 kompleksas veiksmingai padeda pa\u0161viesinti ir i\u0161lyginti odos atspalv\u012f. Jis padeda sul\u0117tinti smulki\u0173 rauk\u0161leli\u0173 atsiradim\u0105. Jis giliai dr\u0117kina ir ramina od\u0105. Naudojimas: serum\u0105 tepkite ant \u0161varios odos \u0161velniais masa\u017euojamaisiais judesiais ryte ir vakare. Tinka aki\u0173 sri\u010diai.<\/p>\n","protected":false},"featured_media":104572,"template":"","meta":[],"product_cat":[1327],"product_tag":[],"class_list":{"0":"post-103163","1":"product","2":"type-product","3":"status-publish","4":"has-post-thumbnail","6":"product_brand-sale-lt","7":"product_cat-serumai","9":"first","10":"instock","11":"taxable","12":"shipping-taxable","13":"product-type-simple"},"_links":{"self":[{"href":"https:\/\/e.kosmolat.eu\/lt\/wp-json\/wp\/v2\/product\/103163","targetHints":{"allow":["GET"]}}],"collection":[{"href":"https:\/\/e.kosmolat.eu\/lt\/wp-json\/wp\/v2\/product"}],"about":[{"href":"https:\/\/e.kosmolat.eu\/lt\/wp-json\/wp\/v2\/types\/product"}],"wp:featuredmedia":[{"embeddable":true,"href":"https:\/\/e.kosmolat.eu\/lt\/wp-json\/wp\/v2\/media\/104572"}],"wp:attachment":[{"href":"https:\/\/e.kosmolat.eu\/lt\/wp-json\/wp\/v2\/media?parent=103163"}],"wp:term":[{"taxonomy":"product_cat","embeddable":true,"href":"https:\/\/e.kosmolat.eu\/lt\/wp-json\/wp\/v2\/product_cat?post=103163"},{"taxonomy":"product_tag","embeddable":true,"href":"https:\/\/e.kosmolat.eu\/lt\/wp-json\/wp\/v2\/product_tag?post=103163"}],"curies":[{"name":"wp","href":"https:\/\/api.w.org\/{rel}","templated":true}]}}