{"id":102803,"date":"2025-11-05T14:51:09","date_gmt":"2025-11-05T14:51:09","guid":{"rendered":"https:\/\/e.kosmolat.eu\/product\/dsc-kompl-rosemary-mineralu-samp-un-balzams-ar-naves-juras-mineral-un-biotinu-1-l\/"},"modified":"2026-03-31T05:39:05","modified_gmt":"2026-03-31T05:39:05","slug":"dsc-rosemary-mint-matu-kops-kompl-samp-1-l-kondic-907-ml","status":"publish","type":"product","link":"https:\/\/e.kosmolat.eu\/lt\/produktas\/dsc-rosemary-mint-matu-kops-kompl-samp-1-l-kondic-907-ml\/","title":{"rendered":"DEAD SEA COLLECTION plauk\u0173 prie\u017ei\u016bros rinkinys \u201eRozmarinas ir m\u0117ta\u201c (\u0161amp\u016bnas, 1 l + kondicionierius"},"content":{"rendered":"<p>1. ROSEMARY &#038; MINT \u0160AMP\u016aNAS SU ROZMARINAIS, M\u0116TOMIS IR NEGYVOSIOS J\u016aROS MINERALAIS<br \/>\nDr\u0117kinamasis ir atkuriamasis. Praturtintas Negyvosios j\u016bros mineralais, gars\u0117jan\u010diais gydomosiomis savyb\u0117mis, \u0161is \u0161amp\u016bnas yra papildytas stimuliuojan\u010diu rozmarinu ir raminan\u010dia m\u0117ta. \u0160i pa\u017eangi formul\u0117 padeda stiprinti plaukus, padaryti juos storesnius ir sveikesnius, atkurti blizges\u012f ir spindes\u012f, stimuliuoja plauk\u0173 folikulus ir suteikia apimties.<\/p>\n<p>Naudojimas: u\u017etepkite pakankam\u0105 kiek\u012f \u0161amp\u016bno ant dr\u0117gn\u0173 plauk\u0173, \u012ftrinkite, \u012fmasa\u017euokite galvos od\u0105 ir plaukus, tada kruop\u0161\u010diai i\u0161skalaukite. Geriausiems rezultatams pasiekti naudokite kondicionieri\u0173 \u2013 jis suteiks plaukams blizgesio, apimties ir mink\u0161tumo.<\/p>\n<p>2. ROSEMARY &#038; MINT KONDICIONIERIUS SU ROZMARINAIS, M\u0116TOMIS IR NEGYVOSIOS J\u016aROS MINERALAIS<br \/>\nDr\u0117kinamasis ir atkuriamasis. Kondicionierius praturtintas Negyvosios j\u016bros mineralais, \u017einomais d\u0117l savo gydom\u0173j\u0173 savybi\u0173, ir sustiprintas stimuliuojan\u010diu rozmarinu bei raminan\u010dia m\u0117ta. \u0160i pa\u017eangi kondicionieriaus formul\u0117 stiprina plaukus, suteikia jiems storesni\u0173 ir sveikesni\u0173 skoni\u0173, apimties, blizgesio ir spindesio.<\/p>\n<p>Naudojimas: Po \u0161amp\u016bno naudojimo pa\u0161alinkite i\u0161 plauk\u0173 dr\u0117gm\u0117s pertekli\u0173. Tepkite kondicionieri\u0173 nuo plauk\u0173 vidurio iki galiuk\u0173. Palaikykite 2\u20134 minutes, tada kruop\u0161\u010diai nuplaukite.<\/p>\n","protected":false},"excerpt":{"rendered":"<p>1. ROSEMARY &#038; MINT \u0160AMP\u016aNAS SU ROZMARINAIS, M\u0116TOMIS IR NEGYVOSIOS J\u016aROS MINERALAIS Dr\u0117kinamasis ir atkuriamasis. Praturtintas Negyvosios j\u016bros mineralais, gars\u0117jan\u010diais gydomosiomis savyb\u0117mis, \u0161is \u0161amp\u016bnas yra papildytas stimuliuojan\u010diu rozmarinu ir raminan\u010dia m\u0117ta. \u0160i pa\u017eangi formul\u0117 padeda stiprinti plaukus, padaryti juos storesnius ir sveikesnius, atkurti blizges\u012f ir spindes\u012f, stimuliuoja plauk\u0173 folikulus ir suteikia apimties. Naudojimas: u\u017etepkite pakankam\u0105 [&#8230;]\n","protected":false},"featured_media":102805,"template":"","meta":[],"product_cat":[1640],"product_tag":[],"class_list":{"0":"post-102803","1":"product","2":"type-product","3":"status-publish","4":"has-post-thumbnail","6":"product_brand-dead-sea_il-lt","7":"product_cat-balzamai","9":"first","10":"outofstock","11":"taxable","12":"shipping-taxable","13":"product-type-simple"},"_links":{"self":[{"href":"https:\/\/e.kosmolat.eu\/lt\/wp-json\/wp\/v2\/product\/102803","targetHints":{"allow":["GET"]}}],"collection":[{"href":"https:\/\/e.kosmolat.eu\/lt\/wp-json\/wp\/v2\/product"}],"about":[{"href":"https:\/\/e.kosmolat.eu\/lt\/wp-json\/wp\/v2\/types\/product"}],"wp:featuredmedia":[{"embeddable":true,"href":"https:\/\/e.kosmolat.eu\/lt\/wp-json\/wp\/v2\/media\/102805"}],"wp:attachment":[{"href":"https:\/\/e.kosmolat.eu\/lt\/wp-json\/wp\/v2\/media?parent=102803"}],"wp:term":[{"taxonomy":"product_cat","embeddable":true,"href":"https:\/\/e.kosmolat.eu\/lt\/wp-json\/wp\/v2\/product_cat?post=102803"},{"taxonomy":"product_tag","embeddable":true,"href":"https:\/\/e.kosmolat.eu\/lt\/wp-json\/wp\/v2\/product_tag?post=102803"}],"curies":[{"name":"wp","href":"https:\/\/api.w.org\/{rel}","templated":true}]}}