{"id":102795,"date":"2025-11-05T14:20:37","date_gmt":"2025-11-05T14:20:37","guid":{"rendered":"https:\/\/e.kosmolat.eu\/product\/dsc-kompl-keratin-mineralu-samp-un-balzams-ar-naves-juras-mineral-un-biotinu-1-l\/"},"modified":"2026-04-15T06:02:06","modified_gmt":"2026-04-15T06:02:06","slug":"dsc-keratin-matu-kops-kompl-samp-1-l-kondic-907-ml","status":"publish","type":"product","link":"https:\/\/e.kosmolat.eu\/lt\/produktas\/dsc-keratin-matu-kops-kompl-samp-1-l-kondic-907-ml\/","title":{"rendered":"DEAD SEA COLLECTION plauk\u0173 prie\u017ei\u016bros rinkinys su keratinu (\u0161amp\u016bnas, 1 litras + kondicionierius, 90"},"content":{"rendered":"<p>1. KERATIN MINERALINIS \u0160AMP\u016aNAS SU KERATINU IR NEGYVOSIOS J\u016aROS MINERALAIS<br \/>\nDr\u0117kinamasis ir maitinamasis. Keratino \u0161amp\u016bnas dr\u0117kina ir maitina plaukus. Praturtintas Negyvosios j\u016bros mineralais, \u017einomais d\u0117l savo gydom\u0173j\u0173 savybi\u0173, ir sustiprintas atkuriamuoju keratino poveikiu. \u0160amp\u016bnas \u0161velniai valo plaukus, subtiliai pa\u0161alina apna\u0161as ir formavimo priemoni\u0173 liku\u010dius, stiprina plaukus ir skatina j\u0173 atsinaujinim\u0105. Suteikia blizgesio ir spindesio, tod\u0117l jie tampa gyvybingesni ir sveikesni.<\/p>\n<p>Naudojimas: u\u017etepkite pakankam\u0105 kiek\u012f \u0161amp\u016bno ant dr\u0117gn\u0173 plauk\u0173, \u012ftrinkite, \u012fmasa\u017euokite galvos od\u0105 ir plaukus, tada kruop\u0161\u010diai i\u0161skalaukite. Geriausiems rezultatams pasiekti naudokite kondicionieri\u0173 \u2013 jis suteiks plaukams blizgesio, apimties ir mink\u0161tumo.<\/p>\n<p>2. KERATIN KONDICIONIERIUS SU KERATINU IR NEGYVOSIOS J\u016aROS MINERALAIS<br \/>\nDr\u0117kinamasis ir maitinamasis. Keratino kondicionierius padeda dr\u0117kinti ir maitinti plaukus. Praturtintas Negyvosios j\u016bros mineralais, \u017einomais d\u0117l savo gydom\u0173j\u0173 savybi\u0173, ir sustiprintas stiprinamaisiais keratino baltymais. Kondicionierius stiprina ir apsaugo plaukus, suteikia jiems blizgesio ir spindesio. Palengvina formavim\u0105, suma\u017eina l\u016b\u017ein\u0117jim\u0105.<\/p>\n<p>Naudojimas: Po \u0161amp\u016bno naudojimo pa\u0161alinkite i\u0161 plauk\u0173 dr\u0117gm\u0117s pertekli\u0173. Tepkite kondicionieri\u0173 nuo plauk\u0173 vidurio iki galiuk\u0173. Palaikykite 2\u20134 minutes, tada kruop\u0161\u010diai nuplaukite.<\/p>\n","protected":false},"excerpt":{"rendered":"<p>1. KERATIN MINERALINIS \u0160AMP\u016aNAS SU KERATINU IR NEGYVOSIOS J\u016aROS MINERALAIS Dr\u0117kinamasis ir maitinamasis. Keratino \u0161amp\u016bnas dr\u0117kina ir maitina plaukus. Praturtintas Negyvosios j\u016bros mineralais, \u017einomais d\u0117l savo gydom\u0173j\u0173 savybi\u0173, ir sustiprintas atkuriamuoju keratino poveikiu. \u0160amp\u016bnas \u0161velniai valo plaukus, subtiliai pa\u0161alina apna\u0161as ir formavimo priemoni\u0173 liku\u010dius, stiprina plaukus ir skatina j\u0173 atsinaujinim\u0105. Suteikia blizgesio ir spindesio, tod\u0117l [&#8230;]\n","protected":false},"featured_media":102797,"template":"","meta":[],"product_cat":[1855],"product_tag":[],"class_list":{"0":"post-102795","1":"product","2":"type-product","3":"status-publish","4":"has-post-thumbnail","6":"product_brand-dead-sea_il-lt","7":"product_cat-dovanu-rinkiniai-moterim","9":"first","10":"outofstock","11":"taxable","12":"shipping-taxable","13":"product-type-simple"},"_links":{"self":[{"href":"https:\/\/e.kosmolat.eu\/lt\/wp-json\/wp\/v2\/product\/102795","targetHints":{"allow":["GET"]}}],"collection":[{"href":"https:\/\/e.kosmolat.eu\/lt\/wp-json\/wp\/v2\/product"}],"about":[{"href":"https:\/\/e.kosmolat.eu\/lt\/wp-json\/wp\/v2\/types\/product"}],"wp:featuredmedia":[{"embeddable":true,"href":"https:\/\/e.kosmolat.eu\/lt\/wp-json\/wp\/v2\/media\/102797"}],"wp:attachment":[{"href":"https:\/\/e.kosmolat.eu\/lt\/wp-json\/wp\/v2\/media?parent=102795"}],"wp:term":[{"taxonomy":"product_cat","embeddable":true,"href":"https:\/\/e.kosmolat.eu\/lt\/wp-json\/wp\/v2\/product_cat?post=102795"},{"taxonomy":"product_tag","embeddable":true,"href":"https:\/\/e.kosmolat.eu\/lt\/wp-json\/wp\/v2\/product_tag?post=102795"}],"curies":[{"name":"wp","href":"https:\/\/api.w.org\/{rel}","templated":true}]}}