{"id":102787,"date":"2025-11-05T14:10:57","date_gmt":"2025-11-05T14:10:57","guid":{"rendered":"https:\/\/e.kosmolat.eu\/product\/dsc-kompl-biotin-mineralu-samp-un-balzams-ar-naves-juras-mineral-un-biotinu-1-l\/"},"modified":"2026-03-31T05:38:52","modified_gmt":"2026-03-31T05:38:52","slug":"dsc-biotin-matu-kops-kompl-samp-1-l-kondic-907-ml","status":"publish","type":"product","link":"https:\/\/e.kosmolat.eu\/lt\/produktas\/dsc-biotin-matu-kops-kompl-samp-1-l-kondic-907-ml\/","title":{"rendered":"DEAD SEA COLLECTION plauk\u0173 prie\u017ei\u016bros rinkinys su biotinu (\u0161amp\u016bnas, 1 l + kondicionierius, 907 ml)"},"content":{"rendered":"<p>1. BIOTINMINERALINIS \u0160AMP\u016aNAS SU BIOTINU IR NEGYVOSIOS J\u016aROS MINERALAIS<br \/>\nDr\u0117kinamasis ir atkuriamasis. Praturtintas Negyvosios j\u016bros mineralais, nuo sen\u0173 laik\u0173 \u017einomais d\u0117l savo gydom\u0173j\u0173 savybi\u0173, ir sustiprinta stiprinamojo biotino aliejaus poveikiu, formul\u0117 apgaubia kiekvien\u0105 plauk\u0105, pad\u0117dama j\u012f sustiprinti ir pagerinti jo b\u016bkl\u0119 nuo \u0161akn\u0173 iki galiuk\u0173, \u0161velniai pa\u0161alindama formavimo priemoni\u0173 liku\u010dius ir ne\u0161varumus. D\u0117l to plaukai po kiekvieno plovimo tampa stipresni, storesni ir didesn\u0117s apimties. <\/p>\n<p>Naudojimas: u\u017etepkite pakankam\u0105 kiek\u012f \u0161amp\u016bno ant dr\u0117gn\u0173 plauk\u0173, \u012ftrinkite, \u012fmasa\u017euokite galvos od\u0105 ir plaukus, tada kruop\u0161\u010diai i\u0161skalaukite. Geriausiems rezultatams pasiekti naudokite kondicionieri\u0173 \u2013 jis suteiks plaukams blizgesio, apimties ir mink\u0161tumo.<\/p>\n<p>2. BIOTIN MINERALINIS PLAUK\u0172 KONDICIONIERIUS SU BIOTINU IR NEGYVOSIOS J\u016aROS MINERALAIS<br \/>\nDr\u0117kina ir atkuria. Kondicionierius praturtintas Negyvosios j\u016bros mineralais, kurie nuo sen\u0173 laik\u0173 \u017einomi d\u0117l savo gydom\u0173j\u0173 savybi\u0173, ir sustiprintas stiprinamuoju biotino poveikiu. Jis padeda stiprinti ir gerinti plauk\u0173 sveikat\u0105, suteikia jiems blizgesio ir spindesio bei padidina apimt\u012f.<\/p>\n<p>Naudojimas: Po \u0161amp\u016bno naudojimo pa\u0161alinkite i\u0161 plauk\u0173 dr\u0117gm\u0117s pertekli\u0173. Tepkite kondicionieri\u0173 nuo plauk\u0173 vidurio iki galiuk\u0173. Palaikykite 2\u20134 minutes, tada kruop\u0161\u010diai nuplaukite.<\/p>\n","protected":false},"excerpt":{"rendered":"<p>1. BIOTINMINERALINIS \u0160AMP\u016aNAS SU BIOTINU IR NEGYVOSIOS J\u016aROS MINERALAIS Dr\u0117kinamasis ir atkuriamasis. Praturtintas Negyvosios j\u016bros mineralais, nuo sen\u0173 laik\u0173 \u017einomais d\u0117l savo gydom\u0173j\u0173 savybi\u0173, ir sustiprinta stiprinamojo biotino aliejaus poveikiu, formul\u0117 apgaubia kiekvien\u0105 plauk\u0105, pad\u0117dama j\u012f sustiprinti ir pagerinti jo b\u016bkl\u0119 nuo \u0161akn\u0173 iki galiuk\u0173, \u0161velniai pa\u0161alindama formavimo priemoni\u0173 liku\u010dius ir ne\u0161varumus. D\u0117l to plaukai [&#8230;]\n","protected":false},"featured_media":102789,"template":"","meta":[],"product_cat":[1251],"product_tag":[],"class_list":{"0":"post-102787","1":"product","2":"type-product","3":"status-publish","4":"has-post-thumbnail","6":"product_brand-dead-sea_il-lt","7":"product_cat-sampunai","9":"first","10":"outofstock","11":"taxable","12":"shipping-taxable","13":"product-type-simple"},"_links":{"self":[{"href":"https:\/\/e.kosmolat.eu\/lt\/wp-json\/wp\/v2\/product\/102787","targetHints":{"allow":["GET"]}}],"collection":[{"href":"https:\/\/e.kosmolat.eu\/lt\/wp-json\/wp\/v2\/product"}],"about":[{"href":"https:\/\/e.kosmolat.eu\/lt\/wp-json\/wp\/v2\/types\/product"}],"wp:featuredmedia":[{"embeddable":true,"href":"https:\/\/e.kosmolat.eu\/lt\/wp-json\/wp\/v2\/media\/102789"}],"wp:attachment":[{"href":"https:\/\/e.kosmolat.eu\/lt\/wp-json\/wp\/v2\/media?parent=102787"}],"wp:term":[{"taxonomy":"product_cat","embeddable":true,"href":"https:\/\/e.kosmolat.eu\/lt\/wp-json\/wp\/v2\/product_cat?post=102787"},{"taxonomy":"product_tag","embeddable":true,"href":"https:\/\/e.kosmolat.eu\/lt\/wp-json\/wp\/v2\/product_tag?post=102787"}],"curies":[{"name":"wp","href":"https:\/\/api.w.org\/{rel}","templated":true}]}}