{"id":102755,"date":"2025-11-04T14:47:29","date_gmt":"2025-11-04T14:47:29","guid":{"rendered":"https:\/\/e.kosmolat.eu\/?post_type=product&#038;p=102755"},"modified":"2026-04-21T07:43:15","modified_gmt":"2026-04-21T07:43:15","slug":"dr-sant%d0%b5-vit-c-attir-putas-sejas-mazg-150-ml","status":"publish","type":"product","link":"https:\/\/e.kosmolat.eu\/lt\/produktas\/dr-sant%d0%b5-vit-c-attir-putas-sejas-mazg-150-ml\/","title":{"rendered":"Dr. Sante Vitamin C prausimosi putos, 150 ml"},"content":{"rendered":"<p>Prausimosi putos skirtos normaliai ir mi\u0161riai odai. Jos \u0161velniai, ta\u010diau kruop\u0161\u010diai valo. Poveikis pastebimas jau po pirmo naudojimo: oda tampa gaivi ir spindinti, o jos tonas \u2013 lygus. Prausimasis \u0161iomis putomis paver\u010dia prausim\u0105si maloniu ritualu.<\/p>\n<p>Naudojimo instrukcijos: tepkite ant dr\u0117gnos odos ir nuplaukite vandeniu. Sud\u0117tyje yra vitamino A. Prie\u0161 naudojim\u0105 atkreipkite d\u0117mes\u012f \u012f paros norm\u0105.<\/p>\n<p>Atsargumo priemon\u0117s: galimas individualus jautrumas atskiriems ingredientams.<\/p>\n<p>Laikymo s\u0105lygos: nuo +5 \u00b0C iki +25 \u00b0C.<\/p>\n","protected":false},"excerpt":{"rendered":"<p>Prausimosi putos skirtos normaliai ir mi\u0161riai odai. Jos \u0161velniai, ta\u010diau kruop\u0161\u010diai valo. Poveikis pastebimas jau po pirmo naudojimo: oda tampa gaivi ir spindinti, o jos tonas \u2013 lygus. Prausimasis \u0161iomis putomis paver\u010dia prausim\u0105si maloniu ritualu. Naudojimo instrukcijos: tepkite ant dr\u0117gnos odos ir nuplaukite vandeniu. Sud\u0117tyje yra vitamino A. Prie\u0161 naudojim\u0105 atkreipkite d\u0117mes\u012f \u012f paros norm\u0105. [&#8230;]\n","protected":false},"featured_media":102757,"template":"","meta":[],"product_cat":[1835],"product_tag":[],"class_list":{"0":"post-102755","1":"product","2":"type-product","3":"status-publish","4":"has-post-thumbnail","6":"product_brand-elfa_ua-lt","7":"product_cat-prausimosi-putos","9":"first","10":"instock","11":"taxable","12":"shipping-taxable","13":"product-type-simple"},"_links":{"self":[{"href":"https:\/\/e.kosmolat.eu\/lt\/wp-json\/wp\/v2\/product\/102755","targetHints":{"allow":["GET"]}}],"collection":[{"href":"https:\/\/e.kosmolat.eu\/lt\/wp-json\/wp\/v2\/product"}],"about":[{"href":"https:\/\/e.kosmolat.eu\/lt\/wp-json\/wp\/v2\/types\/product"}],"wp:featuredmedia":[{"embeddable":true,"href":"https:\/\/e.kosmolat.eu\/lt\/wp-json\/wp\/v2\/media\/102757"}],"wp:attachment":[{"href":"https:\/\/e.kosmolat.eu\/lt\/wp-json\/wp\/v2\/media?parent=102755"}],"wp:term":[{"taxonomy":"product_cat","embeddable":true,"href":"https:\/\/e.kosmolat.eu\/lt\/wp-json\/wp\/v2\/product_cat?post=102755"},{"taxonomy":"product_tag","embeddable":true,"href":"https:\/\/e.kosmolat.eu\/lt\/wp-json\/wp\/v2\/product_tag?post=102755"}],"curies":[{"name":"wp","href":"https:\/\/api.w.org\/{rel}","templated":true}]}}