{"id":102718,"date":"2025-11-04T12:35:47","date_gmt":"2025-11-04T12:35:47","guid":{"rendered":"https:\/\/e.kosmolat.eu\/product\/fresh-juice-%d1%81aoas%d0%bdu%d0%b9-%d1%81%d0%basai-ae%d1%8f-%d1%82%d0%b5ea-winter-cherry-200-%d0%bce\/"},"modified":"2026-04-24T05:50:38","modified_gmt":"2026-04-24T05:50:38","slug":"fj-cukura-kerm-skrubis-ziemas-kirsi-200-ml","status":"publish","type":"product","link":"https:\/\/e.kosmolat.eu\/lt\/produktas\/fj-cukura-kerm-skrubis-ziemas-kirsi-200-ml\/","title":{"rendered":"FRESH JUICE Cukrinis k\u016bno \u0161veitiklis \u017diemin\u0117s vy\u0161nios, 200 ml"},"content":{"rendered":"<p>Su sviestmed\u017ei\u0173 aliejumi. Dermatologi\u0161kai patikrinta.<\/p>\n<p>Naudojimas: Tepkite ant k\u016bno, mmasa\u017euokite ir nuplaukite vandeniu.<\/p>\n<p>Atsargumo priemon\u0117s: Galimas individualus jautrumas atskiriems ingredientams.<\/p>\n<p>Laikymas: Laikyti +5\u2013+25 \u00b0C temperat\u016broje.<\/p>\n<p>Geriausias: 30 m\u0117nesi\u0173 nuo pagaminimo datos.<\/p>\n","protected":false},"excerpt":{"rendered":"<p>Su sviestmed\u017ei\u0173 aliejumi. Dermatologi\u0161kai patikrinta. Naudojimas: Tepkite ant k\u016bno, mmasa\u017euokite ir nuplaukite vandeniu. Atsargumo priemon\u0117s: Galimas individualus jautrumas atskiriems ingredientams. Laikymas: Laikyti +5\u2013+25 \u00b0C temperat\u016broje. Geriausias: 30 m\u0117nesi\u0173 nuo pagaminimo datos.<\/p>\n","protected":false},"featured_media":102720,"template":"","meta":[],"product_cat":[1359],"product_tag":[],"class_list":{"0":"post-102718","1":"product","2":"type-product","3":"status-publish","4":"has-post-thumbnail","6":"product_brand-elfa_ua-lt","7":"product_cat-kuno-sveitikliai-ir-pilingai","9":"first","10":"instock","11":"taxable","12":"shipping-taxable","13":"product-type-simple"},"_links":{"self":[{"href":"https:\/\/e.kosmolat.eu\/lt\/wp-json\/wp\/v2\/product\/102718","targetHints":{"allow":["GET"]}}],"collection":[{"href":"https:\/\/e.kosmolat.eu\/lt\/wp-json\/wp\/v2\/product"}],"about":[{"href":"https:\/\/e.kosmolat.eu\/lt\/wp-json\/wp\/v2\/types\/product"}],"wp:featuredmedia":[{"embeddable":true,"href":"https:\/\/e.kosmolat.eu\/lt\/wp-json\/wp\/v2\/media\/102720"}],"wp:attachment":[{"href":"https:\/\/e.kosmolat.eu\/lt\/wp-json\/wp\/v2\/media?parent=102718"}],"wp:term":[{"taxonomy":"product_cat","embeddable":true,"href":"https:\/\/e.kosmolat.eu\/lt\/wp-json\/wp\/v2\/product_cat?post=102718"},{"taxonomy":"product_tag","embeddable":true,"href":"https:\/\/e.kosmolat.eu\/lt\/wp-json\/wp\/v2\/product_tag?post=102718"}],"curies":[{"name":"wp","href":"https:\/\/api.w.org\/{rel}","templated":true}]}}