{"id":102685,"date":"2025-11-04T10:37:01","date_gmt":"2025-11-04T10:37:01","guid":{"rendered":"https:\/\/e.kosmolat.eu\/product\/fj-kermena-sviests-ziemas-kirsi-200-ml\/"},"modified":"2026-04-08T05:49:56","modified_gmt":"2026-04-08T05:49:56","slug":"fj-kermena-sviests-ziemas-kirsi-200-ml","status":"publish","type":"product","link":"https:\/\/e.kosmolat.eu\/lt\/produktas\/fj-kermena-sviests-ziemas-kirsi-200-ml\/","title":{"rendered":"FRESH JUICE Kremas-sviestas k\u016bnui \u017diemin\u0117s vy\u0161nios, 200 ml"},"content":{"rendered":"<p>Su sviestmed\u017ei\u0173 aliejumi. Dermatologi\u0161kai patikrinta Naudojimas: tepkite ant sausos, \u0161varios odos \u0161velniai masa\u017euodami.<\/p>\n<p>Atsargumo priemon\u0117s: galimas individualus jautrumas atskiriems ingredientams.<\/p>\n<p>Laikymas: laikyti +5\u2013+25 \u00b0C temperat\u016broje.<\/p>\n<p>Geriausias: 30 m\u0117nesi\u0173 nuo pagaminimo datos.<\/p>\n","protected":false},"excerpt":{"rendered":"<p>Su sviestmed\u017ei\u0173 aliejumi. Dermatologi\u0161kai patikrinta Naudojimas: tepkite ant sausos, \u0161varios odos \u0161velniai masa\u017euodami. Atsargumo priemon\u0117s: galimas individualus jautrumas atskiriems ingredientams. Laikymas: laikyti +5\u2013+25 \u00b0C temperat\u016broje. Geriausias: 30 m\u0117nesi\u0173 nuo pagaminimo datos.<\/p>\n","protected":false},"featured_media":102687,"template":"","meta":[],"product_cat":[1390],"product_tag":[],"class_list":{"0":"post-102685","1":"product","2":"type-product","3":"status-publish","4":"has-post-thumbnail","6":"product_brand-elfa_ua-lt","7":"product_cat-kremai-aliejai-kuno-pienelis","9":"first","10":"outofstock","11":"taxable","12":"shipping-taxable","13":"product-type-simple"},"_links":{"self":[{"href":"https:\/\/e.kosmolat.eu\/lt\/wp-json\/wp\/v2\/product\/102685","targetHints":{"allow":["GET"]}}],"collection":[{"href":"https:\/\/e.kosmolat.eu\/lt\/wp-json\/wp\/v2\/product"}],"about":[{"href":"https:\/\/e.kosmolat.eu\/lt\/wp-json\/wp\/v2\/types\/product"}],"wp:featuredmedia":[{"embeddable":true,"href":"https:\/\/e.kosmolat.eu\/lt\/wp-json\/wp\/v2\/media\/102687"}],"wp:attachment":[{"href":"https:\/\/e.kosmolat.eu\/lt\/wp-json\/wp\/v2\/media?parent=102685"}],"wp:term":[{"taxonomy":"product_cat","embeddable":true,"href":"https:\/\/e.kosmolat.eu\/lt\/wp-json\/wp\/v2\/product_cat?post=102685"},{"taxonomy":"product_tag","embeddable":true,"href":"https:\/\/e.kosmolat.eu\/lt\/wp-json\/wp\/v2\/product_tag?post=102685"}],"curies":[{"name":"wp","href":"https:\/\/api.w.org\/{rel}","templated":true}]}}