{"id":102657,"date":"2025-11-04T09:51:38","date_gmt":"2025-11-04T09:51:38","guid":{"rendered":"https:\/\/e.kosmolat.eu\/product\/fresh-juice-%d0%bas%d0%b5%d0%bc-%d0%bca%d1%81e%d0%be-ae%d1%8f-%d1%82%d0%b5ea-tropical-mango-lemon-200-%d0%bce\/"},"modified":"2026-04-22T09:33:00","modified_gmt":"2026-04-22T09:33:00","slug":"fj-kermena-sviests-tropu-mango-un-citr-200-ml","status":"publish","type":"product","link":"https:\/\/e.kosmolat.eu\/lt\/produktas\/fj-kermena-sviests-tropu-mango-un-citr-200-ml\/","title":{"rendered":"FRESH JUICE Kremas-sviestas k\u016bnui Tropiniai mangai ir citrinos, 200 ml"},"content":{"rendered":"<p>Su argan\u0173 aliejumi. Dermatologi\u0161kai patikrinta.<\/p>\n<p>Naudojimas: tepkite ant sausos, \u0161varios odos \u0161velniai masa\u017euodami.<\/p>\n<p>Atsargumo priemon\u0117s: galimas individualus jautrumas atskiriems ingredientams.<\/p>\n<p>Laikymas: laikyti +5\u2013+25 \u00b0C temperat\u016broje.<\/p>\n<p>Geriausias: 30 m\u0117nesi\u0173 nuo pagaminimo datos.<\/p>\n","protected":false},"excerpt":{"rendered":"<p>Su argan\u0173 aliejumi. Dermatologi\u0161kai patikrinta. Naudojimas: tepkite ant sausos, \u0161varios odos \u0161velniai masa\u017euodami. Atsargumo priemon\u0117s: galimas individualus jautrumas atskiriems ingredientams. Laikymas: laikyti +5\u2013+25 \u00b0C temperat\u016broje. Geriausias: 30 m\u0117nesi\u0173 nuo pagaminimo datos.<\/p>\n","protected":false},"featured_media":102659,"template":"","meta":[],"product_cat":[2181],"product_tag":[],"class_list":{"0":"post-102657","1":"product","2":"type-product","3":"status-publish","4":"has-post-thumbnail","6":"product_brand-elfa_ua-lt","7":"product_cat-bez-kategorijas-lt","9":"first","10":"outofstock","11":"taxable","12":"shipping-taxable","13":"product-type-simple"},"_links":{"self":[{"href":"https:\/\/e.kosmolat.eu\/lt\/wp-json\/wp\/v2\/product\/102657","targetHints":{"allow":["GET"]}}],"collection":[{"href":"https:\/\/e.kosmolat.eu\/lt\/wp-json\/wp\/v2\/product"}],"about":[{"href":"https:\/\/e.kosmolat.eu\/lt\/wp-json\/wp\/v2\/types\/product"}],"wp:featuredmedia":[{"embeddable":true,"href":"https:\/\/e.kosmolat.eu\/lt\/wp-json\/wp\/v2\/media\/102659"}],"wp:attachment":[{"href":"https:\/\/e.kosmolat.eu\/lt\/wp-json\/wp\/v2\/media?parent=102657"}],"wp:term":[{"taxonomy":"product_cat","embeddable":true,"href":"https:\/\/e.kosmolat.eu\/lt\/wp-json\/wp\/v2\/product_cat?post=102657"},{"taxonomy":"product_tag","embeddable":true,"href":"https:\/\/e.kosmolat.eu\/lt\/wp-json\/wp\/v2\/product_tag?post=102657"}],"curies":[{"name":"wp","href":"https:\/\/api.w.org\/{rel}","templated":true}]}}