{"id":102625,"date":"2025-11-04T08:58:56","date_gmt":"2025-11-04T08:58:56","guid":{"rendered":"https:\/\/e.kosmolat.eu\/product\/fj-kermena-migla-ziemas-kirsi-150-ml\/"},"modified":"2026-04-21T10:38:22","modified_gmt":"2026-04-21T10:38:22","slug":"fj-kermena-sprejs-ziemas-kirsi-150-ml","status":"publish","type":"product","link":"https:\/\/e.kosmolat.eu\/lt\/produktas\/fj-kermena-sprejs-ziemas-kirsi-150-ml\/","title":{"rendered":"FRESH JUICE k\u016bno pur\u0161kiklis \u017diemin\u0117s vy\u0161nios, 150 ml"},"content":{"rendered":"<p>Su taukmed\u017ei\u0173 sviestu. Dermatologi\u0161kai patikrinta.<\/p>\n<p>Naudojimas: Purk\u0161kite ant odos 15\u201320 cm atstumu, laikydami buteliuk\u0105 vertikaliai.<\/p>\n<p>Atsargumo priemon\u0117s: Galimas individualus jautrumas kai kuriems komponentams.<\/p>\n<p>Laikymas: Laikyti +5\u2013+25 \u00b0C temperat\u016broje.<\/p>\n<p>Geriausias: 30 m\u0117nesi\u0173 nuo pagaminimo datos.<\/p>\n","protected":false},"excerpt":{"rendered":"<p>Su taukmed\u017ei\u0173 sviestu. Dermatologi\u0161kai patikrinta. Naudojimas: Purk\u0161kite ant odos 15\u201320 cm atstumu, laikydami buteliuk\u0105 vertikaliai. Atsargumo priemon\u0117s: Galimas individualus jautrumas kai kuriems komponentams. Laikymas: Laikyti +5\u2013+25 \u00b0C temperat\u016broje. Geriausias: 30 m\u0117nesi\u0173 nuo pagaminimo datos.<\/p>\n","protected":false},"featured_media":102627,"template":"","meta":[],"product_cat":[1378],"product_tag":[],"class_list":{"0":"post-102625","1":"product","2":"type-product","3":"status-publish","4":"has-post-thumbnail","6":"product_brand-elfa_ua-lt","7":"product_cat-purskikliai-kunui","9":"first","10":"instock","11":"taxable","12":"shipping-taxable","13":"product-type-simple"},"_links":{"self":[{"href":"https:\/\/e.kosmolat.eu\/lt\/wp-json\/wp\/v2\/product\/102625","targetHints":{"allow":["GET"]}}],"collection":[{"href":"https:\/\/e.kosmolat.eu\/lt\/wp-json\/wp\/v2\/product"}],"about":[{"href":"https:\/\/e.kosmolat.eu\/lt\/wp-json\/wp\/v2\/types\/product"}],"wp:featuredmedia":[{"embeddable":true,"href":"https:\/\/e.kosmolat.eu\/lt\/wp-json\/wp\/v2\/media\/102627"}],"wp:attachment":[{"href":"https:\/\/e.kosmolat.eu\/lt\/wp-json\/wp\/v2\/media?parent=102625"}],"wp:term":[{"taxonomy":"product_cat","embeddable":true,"href":"https:\/\/e.kosmolat.eu\/lt\/wp-json\/wp\/v2\/product_cat?post=102625"},{"taxonomy":"product_tag","embeddable":true,"href":"https:\/\/e.kosmolat.eu\/lt\/wp-json\/wp\/v2\/product_tag?post=102625"}],"curies":[{"name":"wp","href":"https:\/\/api.w.org\/{rel}","templated":true}]}}