{"id":102549,"date":"2025-11-03T11:58:33","date_gmt":"2025-11-03T11:58:33","guid":{"rendered":"https:\/\/e.kosmolat.eu\/?post_type=product&#038;p=102549"},"modified":"2026-04-22T12:56:20","modified_gmt":"2026-04-22T12:56:20","slug":"fj-dusas-zeleja-juzu-un-mandarins-473-ml","status":"publish","type":"product","link":"https:\/\/e.kosmolat.eu\/lt\/produktas\/fj-dusas-zeleja-juzu-un-mandarins-473-ml\/","title":{"rendered":"FRESH JUICE du\u0161o gelis Kvapnusis citrinmedis ir mandarinai, 473 ml"},"content":{"rendered":"<p>Su simondsij\u0173 aliejumi. \u0160is gelis \u0161velniai valo od\u0105, palikdamas j\u0105 gaivi\u0105 ir spindin\u010di\u0105. Dermatologi\u0161kai patikrintas.<\/p>\n<p>Naudojimas: tepkite ant dr\u0117gnos odos, suputokite ir nuplaukite vandeniu.<\/p>\n<p>Atsargumo priemon\u0117s: galimas individualus jautrumas kai kurioms sudedamosioms dalims.<\/p>\n<p>Laikymas: 5\u201325 \u00b0C temperat\u016broje.<\/p>\n<p>Geriausias: 30 m\u0117nesi\u0173 nuo pagaminimo datos.<\/p>\n","protected":false},"excerpt":{"rendered":"<p>Su simondsij\u0173 aliejumi. \u0160is gelis \u0161velniai valo od\u0105, palikdamas j\u0105 gaivi\u0105 ir spindin\u010di\u0105. Dermatologi\u0161kai patikrintas. Naudojimas: tepkite ant dr\u0117gnos odos, suputokite ir nuplaukite vandeniu. Atsargumo priemon\u0117s: galimas individualus jautrumas kai kurioms sudedamosioms dalims. Laikymas: 5\u201325 \u00b0C temperat\u016broje. Geriausias: 30 m\u0117nesi\u0173 nuo pagaminimo datos.<\/p>\n","protected":false},"featured_media":102551,"template":"","meta":[],"product_cat":[1282],"product_tag":[],"class_list":{"0":"post-102549","1":"product","2":"type-product","3":"status-publish","4":"has-post-thumbnail","6":"product_brand-elfa_ua-lt","7":"product_cat-duso-geliai-ir-duso-aliejai","9":"first","10":"instock","11":"taxable","12":"shipping-taxable","13":"product-type-simple"},"_links":{"self":[{"href":"https:\/\/e.kosmolat.eu\/lt\/wp-json\/wp\/v2\/product\/102549","targetHints":{"allow":["GET"]}}],"collection":[{"href":"https:\/\/e.kosmolat.eu\/lt\/wp-json\/wp\/v2\/product"}],"about":[{"href":"https:\/\/e.kosmolat.eu\/lt\/wp-json\/wp\/v2\/types\/product"}],"wp:featuredmedia":[{"embeddable":true,"href":"https:\/\/e.kosmolat.eu\/lt\/wp-json\/wp\/v2\/media\/102551"}],"wp:attachment":[{"href":"https:\/\/e.kosmolat.eu\/lt\/wp-json\/wp\/v2\/media?parent=102549"}],"wp:term":[{"taxonomy":"product_cat","embeddable":true,"href":"https:\/\/e.kosmolat.eu\/lt\/wp-json\/wp\/v2\/product_cat?post=102549"},{"taxonomy":"product_tag","embeddable":true,"href":"https:\/\/e.kosmolat.eu\/lt\/wp-json\/wp\/v2\/product_tag?post=102549"}],"curies":[{"name":"wp","href":"https:\/\/api.w.org\/{rel}","templated":true}]}}