{"id":102509,"date":"2025-11-03T11:21:07","date_gmt":"2025-11-03T11:21:07","guid":{"rendered":"https:\/\/e.kosmolat.eu\/?post_type=product&#038;p=102509"},"modified":"2026-04-23T05:50:25","modified_gmt":"2026-04-23T05:50:25","slug":"fj-dusas-zeleja-tropu-mango-un-citr-473-ml","status":"publish","type":"product","link":"https:\/\/e.kosmolat.eu\/lt\/produktas\/fj-dusas-zeleja-tropu-mango-un-citr-473-ml\/","title":{"rendered":"FRESH JUICE du\u0161o gelis Tropiniai mangai ir citrinos, 473 ml"},"content":{"rendered":"<p>Su argan\u0173 aliejumi. Gelis \u0161velniai valo ir kondicionuoja od\u0105, palikdamas lengv\u0105 kvap\u0105. Dermatologi\u0161kai patikrintas.<\/p>\n<p>Naudojimas: tepkite ant dr\u0117gnos odos, suputokite ir nuplaukite vandeniu.<\/p>\n<p>Atsargumo priemon\u0117s: galimas individualus jautrumas kai kurioms sudedamosioms dalims.<\/p>\n<p>Laikymas: 5\u201325 \u00b0C temperat\u016broje.<\/p>\n<p>Geriausias: 30 m\u0117nesi\u0173 nuo pagaminimo datos.<\/p>\n","protected":false},"excerpt":{"rendered":"<p>Su argan\u0173 aliejumi. Gelis \u0161velniai valo ir kondicionuoja od\u0105, palikdamas lengv\u0105 kvap\u0105. Dermatologi\u0161kai patikrintas. Naudojimas: tepkite ant dr\u0117gnos odos, suputokite ir nuplaukite vandeniu. Atsargumo priemon\u0117s: galimas individualus jautrumas kai kurioms sudedamosioms dalims. Laikymas: 5\u201325 \u00b0C temperat\u016broje. Geriausias: 30 m\u0117nesi\u0173 nuo pagaminimo datos.<\/p>\n","protected":false},"featured_media":102511,"template":"","meta":[],"product_cat":[1282],"product_tag":[],"class_list":{"0":"post-102509","1":"product","2":"type-product","3":"status-publish","4":"has-post-thumbnail","6":"product_brand-elfa_ua-lt","7":"product_cat-duso-geliai-ir-duso-aliejai","9":"first","10":"outofstock","11":"taxable","12":"shipping-taxable","13":"product-type-simple"},"_links":{"self":[{"href":"https:\/\/e.kosmolat.eu\/lt\/wp-json\/wp\/v2\/product\/102509","targetHints":{"allow":["GET"]}}],"collection":[{"href":"https:\/\/e.kosmolat.eu\/lt\/wp-json\/wp\/v2\/product"}],"about":[{"href":"https:\/\/e.kosmolat.eu\/lt\/wp-json\/wp\/v2\/types\/product"}],"wp:featuredmedia":[{"embeddable":true,"href":"https:\/\/e.kosmolat.eu\/lt\/wp-json\/wp\/v2\/media\/102511"}],"wp:attachment":[{"href":"https:\/\/e.kosmolat.eu\/lt\/wp-json\/wp\/v2\/media?parent=102509"}],"wp:term":[{"taxonomy":"product_cat","embeddable":true,"href":"https:\/\/e.kosmolat.eu\/lt\/wp-json\/wp\/v2\/product_cat?post=102509"},{"taxonomy":"product_tag","embeddable":true,"href":"https:\/\/e.kosmolat.eu\/lt\/wp-json\/wp\/v2\/product_tag?post=102509"}],"curies":[{"name":"wp","href":"https:\/\/api.w.org\/{rel}","templated":true}]}}