{"id":102485,"date":"2025-11-03T10:52:01","date_gmt":"2025-11-03T10:52:01","guid":{"rendered":"https:\/\/e.kosmolat.eu\/?post_type=product&#038;p=102485"},"modified":"2026-04-22T12:55:54","modified_gmt":"2026-04-22T12:55:54","slug":"fj-dusas-zeleja-pasiflora-un-tiare-473-ml","status":"publish","type":"product","link":"https:\/\/e.kosmolat.eu\/lt\/produktas\/fj-dusas-zeleja-pasiflora-un-tiare-473-ml\/","title":{"rendered":"FRESH JUICE du\u0161o gelis Pasiflorai ir tiarel\u0117s, 473 ml"},"content":{"rendered":"<p>Su makadamij\u0173 aliejumi. Palieka od\u0105 pri\u017ei\u016br\u0117t\u0105 ir gundan\u010di\u0105. Dermatologi\u0161kai patikrinta.<\/p>\n<p>Naudojimas: tepkite ant dr\u0117gnos odos, suputokite ir nuplaukite vandeniu.<\/p>\n<p>Atsargumo priemon\u0117s: galimas individualus jautrumas kai kurioms sudedamosioms dalims.<\/p>\n<p>Laikymas: 5\u201325 \u00b0C temperat\u016broje.<\/p>\n<p>Geriausias: 30 m\u0117nesi\u0173 nuo pagaminimo datos.<\/p>\n","protected":false},"excerpt":{"rendered":"<p>Su makadamij\u0173 aliejumi. Palieka od\u0105 pri\u017ei\u016br\u0117t\u0105 ir gundan\u010di\u0105. Dermatologi\u0161kai patikrinta. Naudojimas: tepkite ant dr\u0117gnos odos, suputokite ir nuplaukite vandeniu. Atsargumo priemon\u0117s: galimas individualus jautrumas kai kurioms sudedamosioms dalims. Laikymas: 5\u201325 \u00b0C temperat\u016broje. Geriausias: 30 m\u0117nesi\u0173 nuo pagaminimo datos.<\/p>\n","protected":false},"featured_media":102487,"template":"","meta":[],"product_cat":[1282],"product_tag":[],"class_list":{"0":"post-102485","1":"product","2":"type-product","3":"status-publish","4":"has-post-thumbnail","6":"product_brand-elfa_ua-lt","7":"product_cat-duso-geliai-ir-duso-aliejai","9":"first","10":"instock","11":"taxable","12":"shipping-taxable","13":"product-type-simple"},"_links":{"self":[{"href":"https:\/\/e.kosmolat.eu\/lt\/wp-json\/wp\/v2\/product\/102485","targetHints":{"allow":["GET"]}}],"collection":[{"href":"https:\/\/e.kosmolat.eu\/lt\/wp-json\/wp\/v2\/product"}],"about":[{"href":"https:\/\/e.kosmolat.eu\/lt\/wp-json\/wp\/v2\/types\/product"}],"wp:featuredmedia":[{"embeddable":true,"href":"https:\/\/e.kosmolat.eu\/lt\/wp-json\/wp\/v2\/media\/102487"}],"wp:attachment":[{"href":"https:\/\/e.kosmolat.eu\/lt\/wp-json\/wp\/v2\/media?parent=102485"}],"wp:term":[{"taxonomy":"product_cat","embeddable":true,"href":"https:\/\/e.kosmolat.eu\/lt\/wp-json\/wp\/v2\/product_cat?post=102485"},{"taxonomy":"product_tag","embeddable":true,"href":"https:\/\/e.kosmolat.eu\/lt\/wp-json\/wp\/v2\/product_tag?post=102485"}],"curies":[{"name":"wp","href":"https:\/\/api.w.org\/{rel}","templated":true}]}}