{"id":102413,"date":"2025-11-03T08:20:51","date_gmt":"2025-11-03T08:20:51","guid":{"rendered":"https:\/\/e.kosmolat.eu\/?post_type=product&#038;p=102413"},"modified":"2026-04-22T07:07:43","modified_gmt":"2026-04-22T07:07:43","slug":"fj-vannas-sals-rabarb-un-dzerv-700-g","status":"publish","type":"product","link":"https:\/\/e.kosmolat.eu\/lt\/produktas\/fj-vannas-sals-rabarb-un-dzerv-700-g\/","title":{"rendered":"FRESH JUICE vonios druska Rabarbarai ir spanguol\u0117s, 700 g"},"content":{"rendered":"<p>Su argan\u0173 aliejumi. Druska lengvai tirpsta vandenyje, pripildydama or\u0105 subtilaus, gaivaus aromato. Atkuria energij\u0105 ir skatina greit\u0105 atsipalaidavim\u0105.<\/p>\n<p>Naudojimas: I\u0161tirpinkite 100\u2013150 g druskos \u0161ilto vandens vonioje. M\u0117gaukit\u0117s 15\u201320 minu\u010di\u0173, tada nuplaukite drusk\u0105 nuo odos \u0161iltu vandeniu.<\/p>\n<p>Laikymas: 5\u201325 \u00b0C temperat\u016broje.<\/p>\n<p>Geriausias 36 m\u0117n. nuo pagaminimo datos.<\/p>\n","protected":false},"excerpt":{"rendered":"<p>Su argan\u0173 aliejumi. Druska lengvai tirpsta vandenyje, pripildydama or\u0105 subtilaus, gaivaus aromato. Atkuria energij\u0105 ir skatina greit\u0105 atsipalaidavim\u0105. Naudojimas: I\u0161tirpinkite 100\u2013150 g druskos \u0161ilto vandens vonioje. M\u0117gaukit\u0117s 15\u201320 minu\u010di\u0173, tada nuplaukite drusk\u0105 nuo odos \u0161iltu vandeniu. Laikymas: 5\u201325 \u00b0C temperat\u016broje. Geriausias 36 m\u0117n. nuo pagaminimo datos.<\/p>\n","protected":false},"featured_media":102415,"template":"","meta":[],"product_cat":[1612],"product_tag":[],"class_list":{"0":"post-102413","1":"product","2":"type-product","3":"status-publish","4":"has-post-thumbnail","6":"product_brand-elfa_ua-lt","7":"product_cat-putos-druska-vonios-bombos","9":"first","10":"instock","11":"taxable","12":"shipping-taxable","13":"product-type-simple"},"_links":{"self":[{"href":"https:\/\/e.kosmolat.eu\/lt\/wp-json\/wp\/v2\/product\/102413","targetHints":{"allow":["GET"]}}],"collection":[{"href":"https:\/\/e.kosmolat.eu\/lt\/wp-json\/wp\/v2\/product"}],"about":[{"href":"https:\/\/e.kosmolat.eu\/lt\/wp-json\/wp\/v2\/types\/product"}],"wp:featuredmedia":[{"embeddable":true,"href":"https:\/\/e.kosmolat.eu\/lt\/wp-json\/wp\/v2\/media\/102415"}],"wp:attachment":[{"href":"https:\/\/e.kosmolat.eu\/lt\/wp-json\/wp\/v2\/media?parent=102413"}],"wp:term":[{"taxonomy":"product_cat","embeddable":true,"href":"https:\/\/e.kosmolat.eu\/lt\/wp-json\/wp\/v2\/product_cat?post=102413"},{"taxonomy":"product_tag","embeddable":true,"href":"https:\/\/e.kosmolat.eu\/lt\/wp-json\/wp\/v2\/product_tag?post=102413"}],"curies":[{"name":"wp","href":"https:\/\/api.w.org\/{rel}","templated":true}]}}