{"id":102341,"date":"2025-10-31T15:06:04","date_gmt":"2025-10-31T15:06:04","guid":{"rendered":"https:\/\/e.kosmolat.eu\/?post_type=product&#038;p=102341"},"modified":"2026-04-20T05:51:07","modified_gmt":"2026-04-20T05:51:07","slug":"fj-vannas-sals-pasiflora-un-tiare-700-g","status":"publish","type":"product","link":"https:\/\/e.kosmolat.eu\/lt\/produktas\/fj-vannas-sals-pasiflora-un-tiare-700-g\/","title":{"rendered":"FRESH JUICE vonios druska  Pasiflorai ir tiarel\u0117s, 700 g"},"content":{"rendered":"<p>Su makadamij\u0173 aliejumi. Druska lengvai i\u0161tirpsta vandenyje, pripildydama or\u0105 gaivaus, egzoti\u0161ko aromato, kuris panardina \u012f atsipalaidavimo ir atsigavimo atmosfer\u0105. Vegani\u0161kas.<\/p>\n<p>Naudojimas: I\u0161tirpinkite 100\u2013150 g druskos \u0161ilto vandens vonioje. M\u0117gaukit\u0117s 15\u201320 minu\u010di\u0173, tada nuplaukite drusk\u0105 nuo odos \u0161iltu vandeniu.<\/p>\n<p>Laikymas: 5\u201325 \u00b0C temperat\u016broje.<\/p>\n<p>Geriausias 36 m\u0117n. nuo pagaminimo datos.<\/p>\n","protected":false},"excerpt":{"rendered":"<p>Su makadamij\u0173 aliejumi. Druska lengvai i\u0161tirpsta vandenyje, pripildydama or\u0105 gaivaus, egzoti\u0161ko aromato, kuris panardina \u012f atsipalaidavimo ir atsigavimo atmosfer\u0105. Vegani\u0161kas. Naudojimas: I\u0161tirpinkite 100\u2013150 g druskos \u0161ilto vandens vonioje. M\u0117gaukit\u0117s 15\u201320 minu\u010di\u0173, tada nuplaukite drusk\u0105 nuo odos \u0161iltu vandeniu. Laikymas: 5\u201325 \u00b0C temperat\u016broje. Geriausias 36 m\u0117n. nuo pagaminimo datos.<\/p>\n","protected":false},"featured_media":102343,"template":"","meta":[],"product_cat":[1612],"product_tag":[],"class_list":{"0":"post-102341","1":"product","2":"type-product","3":"status-publish","4":"has-post-thumbnail","6":"product_brand-elfa_ua-lt","7":"product_cat-putos-druska-vonios-bombos","9":"first","10":"instock","11":"taxable","12":"shipping-taxable","13":"product-type-simple"},"_links":{"self":[{"href":"https:\/\/e.kosmolat.eu\/lt\/wp-json\/wp\/v2\/product\/102341","targetHints":{"allow":["GET"]}}],"collection":[{"href":"https:\/\/e.kosmolat.eu\/lt\/wp-json\/wp\/v2\/product"}],"about":[{"href":"https:\/\/e.kosmolat.eu\/lt\/wp-json\/wp\/v2\/types\/product"}],"wp:featuredmedia":[{"embeddable":true,"href":"https:\/\/e.kosmolat.eu\/lt\/wp-json\/wp\/v2\/media\/102343"}],"wp:attachment":[{"href":"https:\/\/e.kosmolat.eu\/lt\/wp-json\/wp\/v2\/media?parent=102341"}],"wp:term":[{"taxonomy":"product_cat","embeddable":true,"href":"https:\/\/e.kosmolat.eu\/lt\/wp-json\/wp\/v2\/product_cat?post=102341"},{"taxonomy":"product_tag","embeddable":true,"href":"https:\/\/e.kosmolat.eu\/lt\/wp-json\/wp\/v2\/product_tag?post=102341"}],"curies":[{"name":"wp","href":"https:\/\/api.w.org\/{rel}","templated":true}]}}