{"id":102309,"date":"2025-10-31T10:48:20","date_gmt":"2025-10-31T10:48:20","guid":{"rendered":"https:\/\/e.kosmolat.eu\/product\/skinlite-sheet-mask-multivitamin-complex-1sheet\/"},"modified":"2026-04-01T16:14:18","modified_gmt":"2026-04-01T16:14:18","slug":"skinlite-aud-sejas-maska-multivit-komplekss-1-gab-15-g","status":"publish","type":"product","link":"https:\/\/e.kosmolat.eu\/lt\/produktas\/skinlite-aud-sejas-maska-multivit-komplekss-1-gab-15-g\/","title":{"rendered":"SKINLITE lak\u0161tin\u0117 veido kauk\u0117 Multivitamin\u0173 kompleksas, 1 vnt., 15 g"},"content":{"rendered":"<p>Multivitamin\u0173 komplekso lak\u0161tin\u0117 veido kauk\u0117 su  vitaminais ir nat\u016braliais ekstraktais u\u017etikrina visapusi\u0161k\u0105 J\u016bs\u0173 veido odos prie\u017ei\u016br\u0105, maitinim\u0105 ir puosel\u0117jim\u0105. Vitaminas A ma\u017eina pigmentacij\u0105, lygina rauk\u0161les, atnaujina ir jaunina od\u0105. B grup\u0117s vitaminai atkuria apsaugines epidermio funkcijas ir stiprina odos imunin\u0119 sistem\u0105. ramina ir pasi\u017eymi prie\u0161u\u017edegiminiu poveikiu. Vitaminas C apsaugo l\u0105steles nuo \u017ealingo laisv\u0173j\u0173 radikal\u0173 poveikio, padeda kovoti su oksidaciniu stresu ir apsaugo nuo prie\u0161laikinio odos sen\u0117jimo. Vitaminas E ma\u017eina rauk\u0161li\u0173 gyl\u012f ir stimuliuoja kolageno sintez\u0119. Apsaugo nuo pigmentacijos, skatina dr\u0117gm\u0117s i\u0161laikym\u0105, gerina odos lygum\u0105 ir tonus\u0105. Opuncij\u0173 ir any\u017ei\u0173 ekstraktai ramina ir mink\u0161tina od\u0105, suteikdami antioksidacini\u0173 savybi\u0173. Kolagenas ir vario tripeptidas-1 sutraukia, lygina rauk\u0161les, gerina elastingum\u0105 ir stangrum\u0105, suteikdami stangrinimo efekt\u0105.<\/p>\n<p>\u012esp\u0117jimas: sud\u0117tyje yra vitamino A. Prie\u0161 naudojant atsi\u017evelgti \u012f paros norm\u0105<\/p>\n<p>Naudojimas: U\u017ed\u0117kite kauk\u0119 ant \u0161varios odos, palikite 15\u201320 minu\u010di\u0173, tada nuimkite. \u0160velniai \u012fmasa\u017euokite likus\u012f aktyv\u0173j\u012f serum\u0105 \u012f od\u0105. Nenuplaukite. Kauk\u0119 galima naudoti bet kuriuo metu: ryte pabudus, dien\u0105 prie\u0161 svarb\u0173 \u012fvyk\u012f arba vakare prie\u0161 pasimatym\u0105.<\/p>\n<p>Atsargumo priemon\u0117s:<br \/>\n1. Nenaudokite ant pa\u017eeistos, sudirgusios ar nudegintos saul\u0117je odos.<br \/>\n2. Nenaudokite, jei esate jautrus bet kuriai i\u0161 sudedam\u0173j\u0173 dali\u0173. Jei atsiranda paraudimas ar sudirginimas, nutraukite naudojim\u0105 ir kreipkit\u0117s \u012f gydytoj\u0105.<br \/>\n3. Venkite patekimo \u012f akis. Patekus \u012f akis, nedelsiant praplaukite vandeniu.<br \/>\n4. Laikyti vaikams nepasiekiamoje vietoje 0\u201325 \u00b0C temperat\u016broje. Saugoti nuo tiesiogini\u0173 saul\u0117s spinduli\u0173.<br \/>\n5. Tik i\u0161oriniam naudojimui. Nenuryti!<\/p>\n<p>Geriausias: 3 metai nuo pagaminimo datos.<\/p>\n","protected":false},"excerpt":{"rendered":"<p>Multivitamin\u0173 komplekso lak\u0161tin\u0117 veido kauk\u0117 su vitaminais ir nat\u016braliais ekstraktais u\u017etikrina visapusi\u0161k\u0105 J\u016bs\u0173 veido odos prie\u017ei\u016br\u0105, maitinim\u0105 ir puosel\u0117jim\u0105. Vitaminas A ma\u017eina pigmentacij\u0105, lygina rauk\u0161les, atnaujina ir jaunina od\u0105. B grup\u0117s vitaminai atkuria apsaugines epidermio funkcijas ir stiprina odos imunin\u0119 sistem\u0105. ramina ir pasi\u017eymi prie\u0161u\u017edegiminiu poveikiu. Vitaminas C apsaugo l\u0105steles nuo \u017ealingo laisv\u0173j\u0173 radikal\u0173 poveikio, [&#8230;]\n","protected":false},"featured_media":102311,"template":"","meta":[],"product_cat":[2181],"product_tag":[],"class_list":{"0":"post-102309","1":"product","2":"type-product","3":"status-publish","4":"has-post-thumbnail","6":"product_brand-skinlite-lt","7":"product_cat-bez-kategorijas-lt","9":"first","10":"instock","11":"taxable","12":"shipping-taxable","13":"product-type-simple"},"_links":{"self":[{"href":"https:\/\/e.kosmolat.eu\/lt\/wp-json\/wp\/v2\/product\/102309","targetHints":{"allow":["GET"]}}],"collection":[{"href":"https:\/\/e.kosmolat.eu\/lt\/wp-json\/wp\/v2\/product"}],"about":[{"href":"https:\/\/e.kosmolat.eu\/lt\/wp-json\/wp\/v2\/types\/product"}],"wp:featuredmedia":[{"embeddable":true,"href":"https:\/\/e.kosmolat.eu\/lt\/wp-json\/wp\/v2\/media\/102311"}],"wp:attachment":[{"href":"https:\/\/e.kosmolat.eu\/lt\/wp-json\/wp\/v2\/media?parent=102309"}],"wp:term":[{"taxonomy":"product_cat","embeddable":true,"href":"https:\/\/e.kosmolat.eu\/lt\/wp-json\/wp\/v2\/product_cat?post=102309"},{"taxonomy":"product_tag","embeddable":true,"href":"https:\/\/e.kosmolat.eu\/lt\/wp-json\/wp\/v2\/product_tag?post=102309"}],"curies":[{"name":"wp","href":"https:\/\/api.w.org\/{rel}","templated":true}]}}