{"id":102253,"date":"2025-10-30T11:37:47","date_gmt":"2025-10-30T11:37:47","guid":{"rendered":"https:\/\/e.kosmolat.eu\/?post_type=product&#038;p=102253"},"modified":"2026-03-16T10:14:07","modified_gmt":"2026-03-16T10:14:07","slug":"sano-oxygen-power-traipu-tir-lidz-balt-un-kras-velai-750-ml","status":"publish","type":"product","link":"https:\/\/e.kosmolat.eu\/lt\/produktas\/sano-oxygen-power-traipu-tir-lidz-balt-un-kras-velai-750-ml\/","title":{"rendered":"SANO OXYGEN POWER d\u0117mi\u0173 valiklis baltiems ir spalvotiems skalbiniams, 750 ml"},"content":{"rendered":"<p>Deguoninis d\u0117mi\u0173 valiklis sunkiai \u012fveikiamoms d\u0117m\u0117ms. &Scaron;velnus spalvotiems audiniams. Pa&scaron;alina d\u0117mes nuo rankogali\u0173, apykakli\u0173 ir kit\u0173 audini\u0173, pagerindamas bendr\u0105 skalbimo rezultat\u0105.<\/p>\n<p><strong>Naudojimo instrukcijos:<\/strong> &bdquo;Sano Oxygen&ldquo; naudokite pagal gamintojo instrukcijas. Nenaudokite audiniams, pa\u017eym\u0117tiems perbrauktu trikampiu (nebalinkite). Nenaudokite ant vilnos, &scaron;ilko ar audini\u0173, kuri\u0173 sud\u0117tyje yra metalini\u0173 element\u0173. Prie&scaron; naudojim\u0105 i&scaron;bandykite audinio spalvos atsparum\u0105 nepastebimoje vietoje. Skalbkite kaip \u012fprasta. Neleiskite priemonei i&scaron;d\u017ei\u016bti ant audinio. Ned\u017eiovinkite saul\u0117je daikt\u0173, apdorot\u0173 produktais, kuri\u0173 sud\u0117tyje yra aktyvaus deguonies. Po naudojimo sandariai u\u017edarykite pur&scaron;kimo dangtel\u012f (&bdquo;OFF&ldquo;). Nemai&scaron;ykite su kitais balikliais.<\/p>\n<p><strong>Sud\u0117tis:<\/strong> 5 % arba daugiau, bet ma\u017eiau kaip 15 %&nbsp; deguonies pagrindo balinimo priemoni\u0173, 5 % arba daugiau, bet ma\u017eiau kaip 15 %&nbsp; nejonini\u0173&nbsp; aktyvi\u0173j\u0173 pavir&scaron;inio med\u017eiagos, ma\u017eiau kaip 5 % anijonini\u0173&nbsp; aktyvi\u0173j\u0173 pavir&scaron;iaus med\u017eiag\u0173, ma\u017eiau kaip 5 %&nbsp; fosfonat\u0173. Optiniai balikliai. Kvapai.<\/p>\n<p>&nbsp;<\/p>\n<p><img decoding=\"async\" alt=\"\" src=\"data:image\/png;base64,iVBORw0KGgoAAAANSUhEUgAAAD0AAAA6CAYAAAF0YGHHAAAAAXNSR0IArs4c6QAAAARnQU1BAACxjwv8YQUAAAAJcEhZcwAAFxEAABcRAcom8z8AAA+DSURBVFhH3ZkJcFRVuoCpeTD1yueUlr55U\/PeSJWgMBqfIItkJXu6k+50ZyN7GgJJIBthh0hkK1AERFZhBFFwZCmEGUTyBDUBng6RRUYiIKCGPSDpfbm37+3uf87\/9+ksZCEJCcP4VXV19z37PedfT58uYRg9DBDn++\/48UdN6EcMpkIfzrnTF\/Ei1nL4s\/yxl6qqKvqWx6bVUgXHytdhyZIl9EHeffdd+gZFIFAFxKSJ8D7kSIogFy9qwjDyj1QoJESc5o9a4xyfupj\/7AbYvWHkc00T83Fj9uT+NDjHMHxwUyWhaGw+Pqyrq6NCpLCwEMzJSm8lMSbI3fwd5ObmwuLFi0E+e6apF1EdUUOlHGHjmtbzsI+Jm4qFJl\/XbWEqzBzAf3YOQ+hwMPi\/AEaAx\/mje8Nm0Rcb3Y1h6DMgLl2SxKu1RirKDTbwM7Vp0yaIjo6GvLw8KCkpgZEjR9KrQ4zhI8FVOuEj3owtPjvxfWOUPxUiX375JWi1Wv7Py2uvvQZPP\/00dejDNmcKCLNKt\/Ju2CGJDb5lLZnAi9vHeWAfeKID2n\/TYkL0FiOXneZYpxeBqI2w8Gr3xpSeqNQPHQjGSH8QUtV7+eOu4czLquI\/u4aUFHXNUpANEDe6\/bW2hVM52mlfvojW7Dp\/FqCjl9UciA0B8eM91NCH26AHOWJkxx1AbDDIp0\/wJnchSWBnR5lXbQlEjQL3z7fBZDLBhg0bQKVSUZv09HQIDw8HnU5H\/813d+BkUwKXC9xuN9y6dQscDgdV9KHRaGDZsmVw9OhR+m\/0dWBh57c5n3zyCf\/VxKBBg6C4uJg+Pky+DgwhQ+Hbc+ca1Sd+UG34UCgU8MMPP8DcuXPpPypIW8XUIdQYMYSNoIJ7off3A\/PWrU\/yZk2gCHaEIXhox9tliXiZV20JahxepWOESNaBS+bNvEqBF3UOT7Q\/uPUNYGUz4Y+6Bh4c\/rNncWgiaukFx4fjyn7NH\/cugjrUjNbeNm8WvU\/5+DE6N6AMAk915R94tZ7FFR8GhsAXwbF5PQ16N65rV5jZGAieyFHgWLkkhDfrPsayssdBEQSGUX7gPPw5H6ZjPIID0CyJTGikxa8W8a46j6F8xouoAA0vPUsrOsdE98yZMyS248ePh5kzZ8IHH3xA2gdN14EDB2DBggVQXl4Ob7\/9Nnz00Uc0ETSqNiYf4oySP\/Gu20fMz9K42BFH4+Exm6gDxGw2w4cffsj\/tQ\/WQyIiImD37t0we\/Zs+m9SBIMxbDjIBVmH+VBN2HIS5jmYWjQE\/C9Vbg7q0kOHDlFnarWaP20bg8EAZ8+ehYKCgkb12Rzz+AzSFFJW4lU+NFoAtq9M7zje+xNV2rhxI8pn4ycsLAz8\/f1bPGtOYmIi6es5c+bQ\/+xsZvjawHW5jtw8YB4H66MloiLErkcxmjuNV+86Ho+H\/2pCOsHFkXnHt8rLf8eHaxspLuySkZ1Wy7gxvHn3ELdvBUPQEDL\/noMH\/4N33zkcmqhKM9NiRiZuXcG2YA6QIooOEHlX3UdOVr5mYwoeffeOsORnsVPN5FsbdoU37TnMqSqdxDSYYdgg8DhFPiQTJfZaTewNiSmxx3jV3uNOTvoIiPFnSsQPbGxQW6pqNS96MFyfU\/yk3DxCfBBYK2b5QUwAWEKHgTiz5G3+uHexFOaGephzYBj1PJg0kWBm6lKanL+HF\/cOxtyUFJlpJDKXVov3gCmDwcROtVyQc5RX61mkibqJThSvYc+g2qJBfZiSlExHjwDXhHRvwN9TSNlJFWhkjGRkWqtKBOWZDES25hpvdn+ImZq1NrRszFu5F9ayiTS4MyXezJt3DyE7Ybc5fAQL\/tp2ltvCNn8O6ENeAiFZIfNuuoaYrDiCh8aUrOBddh7HhlVkgj3aqNamsSPsCdFn0eU1Z2iooyNHjsCOHTvIFmMg9sorr5CrlJWVBRcuXIDly5eTR4Iu1MGDB+Hmz3dA\/OBdr7Xyus39eNftIyUrruI+WSbm0KBIRkYGbN68mXIN8fHxFMShD4bh1Lhx4yg69PPzA6VSSc4CRo2IVLmP\/DNQhcKd8+d\/w4dojawKbSDz9upMaugjKioKnE4n\/9c2X331FQtlJVo9RptffPEFiKII8okaMLzMLByTd\/uuXf\/Dh2pCUgULhtEvgW3pAt4VExGLV0mkpaXR9507d+i7LWpqaiA1NRVqa2uhsrKStsKHXPt35h4zz4R5uM6d217gQ7L4WB3qacu537JlC7m4\/fv3h8jIyHuuuqKigjxWfNUNDQ38qRf3lTrQD3sWgEmIddOq3\/XBcMXAjr9UfYhXacmjjz5K3x15oBjM4znIycmBwYMHkyNZVFQEP\/30E6\/hxcO2wBDIlJA6DPrYUxTLydNgkYUP9hIaP4899hgN2rdv38ZnoaGhvCaTW5sNMjMzYdGiRXTC33rrLTh16hQvbYmlIIfiXVt20hrWDzNzyXFTMSCm7JkstUgMtPXZvn0778oL7v1TTz1FLvCVK1dg3759kJ+fD9euXeM1mM+dEuvNvCVE1tCgPqypqiwJzR3uwz32siMwj3I3ptgQ8svEpNi\/8eFaImepI90szDG89Ay4G37mze4PI\/PVMCsgpal28WHaxpST7PWphg8C148XefPugcrDyl6vIzW+c37Z7XzdQFCwqJJFBfJ33\/JuugB73XhebMzAmMemLOXddo6bpaW\/BWUg6JlfLf2\/N7PfKZi2wglL7LAK49Mn8e66xo358x\/BYE\/PHABxzw7ec\/t4jHpyi2S2r+ZJOg3vpnvMB\/gVRZrM0gjM4rSH++plkghMXFqn5Efx5vePMybYrQ8ZCvaVr\/OhmnCdP9cYJXrKS5\/nTXoOZ2ygjawXC9J8yF9\/BXQVxPzshvmzeidThDhVwfVor60zS0GqOkQig1k8Uvy9jaQOvWBg8onuDahGw42TJx\/hRb2PrA0\/xl79\/cfDDwph\/pwBrvS4Y8BOv1sdDs7ZZcvZUfkVL\/5lYSoeP0JOir6AAoCZdYz7UD1YWNyH\/qAwueDP5z2e9n3CfyVsM4qUTk1EPQW4bLGYX7ROLwSP3Qbyl0fIeKJgmnDxscwfLdQdsp048nve\/F8Lc26GzqkNs0kY+TG1h\/bSvrAcPMyM3Y18sgZMiTGkCjFBCjGBIOdnnRQP7B3Eu3u4kTITpzqVo93oSOqZlkOvBgO65rcs7eH66QcWu2nJF8d7LsyNyrmpF6XNG0fw7h8e0ITL41Jfx+OJqTA9k1VMiwl\/3sKX0zXc9TcphsTTgfbJzU6LnKmtF95aoeBD\/vO48fHHj0jp8VvQZuHFo54pJ5RR8cBf+fTvD4\/RALaKGXS7jyIiMXdSTo212JYt0vEpPDgsu3b91jlGUYn+D+ae9cwXwgsLiclmryDLYF+6kEQFo04BM33aSJc4b\/ZMPqXe4\/aMGQPFMeoaNDsYI6Hjh0kb17laPrvWYPbg\/PnzdM2EV07vvPMOHDt2jMrwomXKlCmwdOlS2LZtG+zZs4fK6urq2ozNEGHTejAybW8IepFu2EEbCbaZk9+sBujLp9kz2KcUjJASIi\/RYtlAGO9ZJurAdbkpJq+tPQMhISGwatUqWL9+PUW51dXVtGCr1UrRLC7m4sWLMGnSJHjzzTehpKQE1q1bRwmJy5cvU\/R76dIlqnv9+nU4fPgw7N+\/H1asWAEpKSlw8+ZNPhqLdT\/eA8ZApjtYHGLBxavDQJpasO02wKN82t1DKMmNkpmNdXMbi4u1luW3uMdrDmbF+vXrB0OGDKE0DWZMVq5cSRPHxeB1Wns7aLfb4fbt2\/DNN9\/QS3jjjTfoQjI6OhqeeOIJKCsr4zW92Fh97En6\/P9Ij+iZ4sQEN8SFgKtQdwC+\/\/4\/+TI6h2NsSpZTE2aXWMSNiUs8xjaysYJ3xDY4ceIEJVC2bt3Kn3QfPAWY2SsuLqb\/mJ7SarW0+3l5eXQTW1paSmU+5JNfg0kbxTT+H722nukbV17W10Jl5UDvqtrBrkueKiqCW9rYjauZGm29O4IgUN7z22+9wT0e28mTJ1MO7LPPPqOyTz\/9lMq6iswU19q1aynFuWbNGvodFBREmcWYmBh61h5k69M1dJ2Fp5Ns\/bjkC\/btW1vaevu4tBU+G4thE+bKhG2beTft8+OPP8KAAQPo6hmPJMqoTqejFBrKanc5fvw47Sjm8nbu3EnKDY87ZsSuXr3Ka3WM++Z1sBSOY6f0OVK6wETUOTl\/nXfBaer30e2zMBuI6VZjdACI+\/\/Cmzbx3XffUX4PFdXq1avp41NamAPEa3KkqqqKdqJ5PfygMtq7dy\/VuRuXy0XtMEWLO4naHBPVmFFHbY\/pXlSCCGZUUetjph2Tnh3habgD1mlFdAGCfgRm\/MS8zLW0cMSSpJznVAZ7HJgExd1++TlwrFvJmwNs2LChMfHZ3Q8e0bbAG\/PTp0\/DmDFjICAggLL3Y8eOpePs09j19fWNqWZMtuKOo\/JrCzezKuZM7s7iLmOWISH6inX6pP9i82iNkK7Kd8YFCk6MftjOo8a2LXkVt4N32bvgwlA0UInNmzcPFi5cSFZg2rRppMHfe+89usJAM4gvqznyqeNgSlKQ+4rX0RjZiSmKGkvFrOf48jpGzNJopNjgBheaK2YH8a1ZZ5WCmx2Zhw3pyOdgxGtS\/+fJQ4TYELAmxeyzvzH\/v\/lyuoYjKzlEigu9SnlgtNVMo5snZID7dj0f8p+H85O\/ghFFMeAF72KVwSBkanYxr6hnvDODLvlFuyr0LHllqOXZzpvS4sF18Xs+hQeHsJm5oswTQ1cUdZCTKWJ7VsIKVvRvfLo9y42CnP6COuIIJuFRblDhmeLDQfrbUe+MegkPk3X78sV00vQs4hLZYt2qUBB1KWV8ar1PXVnZ44I2arcv0sJrL\/TLnVUH+TR7Bg9TWHhVijoFw0uRxdZCbKjdNjEnn0\/lwVNdPb+vmKxYi5eNdOfH5IvuA3Zu49PuHu5b9WCZpGtMJGByW1SF3hRKJyj50A8HYkpcBdP4zWz98+BYz2z9XaalI1xX6sCcnUSmktxItlgpMarOmJc5lA\/zcCKkqieKihCn19YPA\/3QZ8C+bFGHd5\/y3095bSzG6ExcPKytnKT82lI+vecvaXoTS4Y22RE32ky2fjSLw4c\/C7ZXpoLHZuVLZTb2aJU3DTyK21gWGtqTFPutS8p7\/56mN7FkJIQ6VcHXPD5bjwvMTQNTXBjlvL02NgiELO2O6rq6f+fNfhlYdel+DnVYrTfdNJJsrBAT6HHmJOHVTj9e7ZfJ9eKcJ8V0dZVtbMos\/ugB0qfPPwD+ebKcnyfxlgAAAABJRU5ErkJggg==\" \/><strong>GHS05 Pavojinga<br \/>\nH318<\/strong> Smarkiai pa\u017eeid\u017eia akis.<br \/>\nP101 Jei reikalinga gydytojo konsultacija, su savimi tur\u0117kite produkto talpykl\u0105 ar jo etiket\u0119.<br \/>\nP102 Laikyti vaikams neprieinamoje vietoje<br \/>\nP264 Po naudojimo kruop&scaron;\u010diai nuplaukite rankas.<br \/>\nP280 M\u016bv\u0117ti apsaugines pir&scaron;tines\/naudoti aki\u0173 apsaugos priemones.<br \/>\nP305+P351+P338 PATEKUS \u012e AKIS: Kelias minutes atsargiai plauti vandeniu. I&scaron;imti kontaktinius l\u0119&scaron;ius, jeigu jie yra ir jeigu lengvai galima tai padaryti. Toliau plauti akis.<br \/>\nP310 Nedelsiant skambinti \u012f APSINUODIJIM\u0172 KONTROL\u0116S IR INFORMACIJOS BIUR\u0104 arba kreiptis \u012f gydytoj\u0105.<br \/>\nP501 Turin\u012f\/talpykl\u0105 i&scaron;pilti (i&scaron;mesti) &#8211; sunaudot\u0105&nbsp; pakuot\u0117 utilizuoti&nbsp; kaip buitines atliekas.<\/p>\n","protected":false},"excerpt":{"rendered":"<p>Deguoninis d\u0117mi\u0173 valiklis sunkiai \u012fveikiamoms d\u0117m\u0117ms. &Scaron;velnus spalvotiems audiniams. Pa&scaron;alina d\u0117mes nuo rankogali\u0173, apykakli\u0173 ir kit\u0173 audini\u0173, pagerindamas bendr\u0105 skalbimo rezultat\u0105. Naudojimo instrukcijos: &bdquo;Sano Oxygen&ldquo; naudokite pagal gamintojo instrukcijas. Nenaudokite audiniams, pa\u017eym\u0117tiems perbrauktu trikampiu (nebalinkite). Nenaudokite ant vilnos, &scaron;ilko ar audini\u0173, kuri\u0173 sud\u0117tyje yra metalini\u0173 element\u0173. Prie&scaron; naudojim\u0105 i&scaron;bandykite audinio spalvos atsparum\u0105 nepastebimoje vietoje. Skalbkite [&#8230;]\n","protected":false},"featured_media":102255,"template":"","meta":[],"product_cat":[2181],"product_tag":[],"class_list":{"0":"post-102253","1":"product","2":"type-product","3":"status-publish","4":"has-post-thumbnail","6":"product_brand-private-label-lt","7":"product_cat-bez-kategorijas-lt","9":"first","10":"outofstock","11":"taxable","12":"shipping-taxable","13":"product-type-simple"},"_links":{"self":[{"href":"https:\/\/e.kosmolat.eu\/lt\/wp-json\/wp\/v2\/product\/102253","targetHints":{"allow":["GET"]}}],"collection":[{"href":"https:\/\/e.kosmolat.eu\/lt\/wp-json\/wp\/v2\/product"}],"about":[{"href":"https:\/\/e.kosmolat.eu\/lt\/wp-json\/wp\/v2\/types\/product"}],"wp:featuredmedia":[{"embeddable":true,"href":"https:\/\/e.kosmolat.eu\/lt\/wp-json\/wp\/v2\/media\/102255"}],"wp:attachment":[{"href":"https:\/\/e.kosmolat.eu\/lt\/wp-json\/wp\/v2\/media?parent=102253"}],"wp:term":[{"taxonomy":"product_cat","embeddable":true,"href":"https:\/\/e.kosmolat.eu\/lt\/wp-json\/wp\/v2\/product_cat?post=102253"},{"taxonomy":"product_tag","embeddable":true,"href":"https:\/\/e.kosmolat.eu\/lt\/wp-json\/wp\/v2\/product_tag?post=102253"}],"curies":[{"name":"wp","href":"https:\/\/api.w.org\/{rel}","templated":true}]}}