{"id":102036,"date":"2025-10-28T16:09:15","date_gmt":"2025-10-28T16:09:15","guid":{"rendered":"https:\/\/e.kosmolat.eu\/product\/okey-universal-pulv-mazg-autom-velas-mas-un-ar-rokam-400-g\/"},"modified":"2025-10-28T16:09:15","modified_gmt":"2025-10-28T16:09:15","slug":"okey-universal-pulv-mazg-autom-velas-mas-un-ar-rokam-400-g","status":"publish","type":"product","link":"https:\/\/e.kosmolat.eu\/lt\/produktas\/okey-universal-pulv-mazg-autom-velas-mas-un-ar-rokam-400-g\/","title":{"rendered":"O`KEY Universal Pulv. mazg. autom. ve\u013cas ma\u0161. un ar rok\u0101m, 400 g"},"content":{"rendered":"<p>Ve\u013cas pulveris piem\u0113rots gan autom\u0101tiskai mazg\u0101&scaron;anai, gan mazg\u0101&scaron;anai ar rok\u0101m. Nodro&scaron;ina augstu mazg\u0101&scaron;anas efektivit\u0101ti. Piem\u0113rots kokvilnas, lina, jauktu un sint\u0113tisko audumu mazg\u0101&scaron;anai. Nesatur fosf\u0101tus. Satur \u016bdens m\u012bkstin\u0101t\u0101ju.<\/p>\n<p>R\u016bp\u012bgi iev\u0113rojiet nor\u0101d\u012bjumus uz izstr\u0101d\u0101jumu eti\u0137et\u0113m.<\/p>\n<ul>\n<li>40\u202f&deg;C &mdash; kr\u0101sainai ve\u013cai.<\/li>\n<li>60\u202f&deg;C &mdash; ve\u013cai, kas neizbal\u0113.<\/li>\n<li>95-100\u202f&deg;C &mdash; baltai ve\u013cai.<\/li>\n<\/ul>\n<p><strong>Lieto&scaron;ana:<\/strong>&nbsp;Deva mazg\u0101jam\u0101m ma&scaron;\u012bn\u0101m nor\u0101d\u012bta uz 4&ndash;5 kg ve\u013cas un uz 10 l \u016bdens, mazg\u0101jot ar rok\u0101m (50 g pulvera = 50 ml). Doz\u0113jiet atkar\u012bb\u0101 no ve\u013cas net\u012br\u012bbas pak\u0101pes un \u016bdens ciet\u012bbas.<\/p>\n<p><strong>Autom\u0101tisk\u0101 mazg\u0101&scaron;ana:<\/strong><\/p>\n<ul>\n<li><strong>Norm\u0101ls \u016bdens:<\/strong>&nbsp;vid\u0113ji net\u012brai ve\u013cai &mdash; 100 ml; \u013coti net\u012brai ve\u013cai &mdash; 120 ml.<\/li>\n<li><strong>Ciets \u016bdens:<\/strong>&nbsp;vid\u0113ji net\u012brai ve\u013cai &mdash; 120 ml; \u013coti net\u012brai ve\u013cai &mdash; 150 ml.<\/li>\n<\/ul>\n<p><strong>Mazg\u0101&scaron;ana ar rok\u0101m:<\/strong><\/p>\n<ul>\n<li>Vid\u0113ji net\u012brai ve\u013cai: 80 ml.<\/li>\n<li>\u013boti net\u012brai ve\u013cai: 100 ml.<\/li>\n<\/ul>\n<p><strong>Piesardz\u012bbas pas\u0101kumi:<\/strong>&nbsp;izvairieties no ilgsto&scaron;as saskares ar l\u012bdzekli, ja jums ir jut\u012bga vai boj\u0101ta \u0101da. Neieelpot un nepievienot \u0113dienam.<\/p>\n<p>Uzglab\u0101t saus\u0101, b\u0113rniem un m\u0101jdz\u012bvniekiem nepieejam\u0101 viet\u0101, temperat\u016br\u0101 &lt; 30 &deg;C.<\/p>\n<p><strong>Der\u012bguma termi\u0146&scaron;:<\/strong>&nbsp;36 m\u0113ne&scaron;i.<\/p>\n<p><strong>Sast<\/strong><strong>\u0101<\/strong><strong>v<\/strong><strong>\u0101:<\/strong> 5 % un vair\u0101k, bet maz\u0101k nek\u0101 15 % n\u0101trija karbon\u0101tu, 5 % un vair\u0101k, bet maz\u0101k nek\u0101 15 % balin\u0101t\u0101ju, kuru pamat\u0101 ir sk\u0101beklis, 5 % un vair\u0101k, bet maz\u0101k nek\u0101 15 % anjonu virsmakt\u012bvo vielu. Optiskie balin\u0101t\u0101ji. Smar\u017eas un arom\u0101tisk\u0101s kompoz\u012bcijas.<\/p>\n<p>&nbsp;<\/p>\n<p><img decoding=\"async\" alt=\"\" src=\"data:image\/png;base64,iVBORw0KGgoAAAANSUhEUgAAAEMAAABACAYAAAE2WfpLAAAAAXNSR0IArs4c6QAAAARnQU1BAACxjwv8YQUAAAAJcEhZcwAAFxEAABcRAcom8z8AABS9SURBVGhD5VsHdFVV1ubH4Z+ZpTNLFP41\/v5tDUUFpSSIkOSl11fSyUtPIIFAQmgBpEdAQIo0QWkaQBgpIkVEFBQBQRipIiAoXaTl9X7b\/vc+7zxIQgIhCczofGvd9d6795x9zz33nF2+vV+zmrAV53bkX2uHNTOxPyBcIX7AT1WHmBa3nBr4YO7+QvWGckLESbrw9ddfswbXrl2DK1eugLFbe29Dh17LJLz99tuwYMEC1ignJwdu3brFvovh3b0NxbToFHamBqTIHtVvadEntufXvIgLqn3w18qyH6frklol8VMNQKVfW1Aqb5Cg5vzUHZgCO9OF27Bu2dKKX2rWzNxLA6dPnwan08kufvnll+zT8fqYHs2MPV+Ed999Fw4ePAjz589nF2bMmAE2m419ZxIMXduxH1UhXzhX\/XGN3Z7nlwA8Oz6tfS7sgZ3AOWNS7Rdrg70wU2vo0RGk8Jfr38kHOStpcqVf9bErLic4grvCWUX5PW9WO1xJUXtMEa\/A4SNHYO7cuTBu3DgoLS2F77\/\/HubMmQPLly8HCQWaX+kAyoKZ\/8u7eSFpQ69b++eyO3788cewadMm6NOnD\/tdFStXroQpU6bwXwC3urQFd\/moeCbEnRxdVtm1LZz56Sc4derU7YNG4AONZMKECTB27FjweDygGCrBTdsI4N+YEB8M+oQAg3\/1FVsT4rEjoES+cv+JNmdmtrTSmpNl3hU37+rlIMcGKLzJg8Ed0R1AF2rmPxsGccTAOfxrwwDqIDCq\/EDsn\/c+P\/VggLhAEHZuZ\/NhxLUjFaTv5pfqByW6J4jHjzABPpi1YSBnxJ\/iTe4NCfWYfOUS71od1t7pIOvV13nTuwFQ3twd2g3A7Yb9+\/ezhbV48WLo27cvrF27li22Dz74AOzDS0BKjHLybndw6NChFg5VVyaA0L9\/fzh\/\/jz77sPFixdBrVazbeGcOx2U+HCRd0elWlLytPmVjrwpwO7duwGFgslk4me8WL16NcTHx8OFCxfYb\/f77wJoQ7wrl5awdO5HXJwyvPPOOzBq1CjYunUr+056jkA7+s0334SNGzfC+++\/z84RzEkx4O6XvZAJotfp2ftltc1Hx82bN3lzYKMgo0IjIpjQTkgpMV8xAT5AbCC4N3zAGtwPhoCXQEyJWcW7VoccG6g458\/gTWsH7XKnXjebd6kdikZlt5eP5F2qg3SOIyeplDe9N4Q4VaWlMIt39cKII7DnJKt5k\/pB1IScsaRrmQAydo6i3O780oNB1IbuMaNyMpYVV1fKTQlrv5wgJS5QknGXi8V9FvDTjw7OAn0muRyVZDG2fgTKzRtgDEbdFeoHnn5ZH\/NmDw+SXjscUF3RahEP7mPvrSoUuw1M0QHgRGMr5\/XCXXyoBe\/aNBDTtXOVqB5gQAMsnT3Nb1s3FEEAS3o82HCDKem6C9\/DjSe4qIZBSI7eLKBfYgxDlWms5Lfxwo0a8OrVq8wmu1wuOHnyJFy\/fp2drwpbSQGY0JuVU2Kt9gUz\/sJF3x+wbt1jYkr0YVeoP5jUwcyvIXz77bcwc+ZMprcLCwuhuLgYSkpKmJN34sQJKCoqYr+1Wi1kZWXB8OHDIT8\/n\/UlOCaOxgF1ADkh3O2eM+cFfru7cWPduifkhLBzVvQgLTnoMysKF+HFRx99xHQ8QZLIU6odP\/\/8M6hUKvjhhx9g4sSJzMiUlZXxqwDOd+bhGmuDmjYMXBPHR\/Hbo0vfJ\/0\/JW2IxYwGx4YWqTa0a9eOqfjExMRqflZtIFuSmpoKs2fPhunTpzOf7fLly3cN3r1xHRgDOoGsVtkcY4Y+ywbjSYyeBLjaSfmK3x4AjyhCixYtyCDdPpo3b17tNx3kUVbFkCFDIDs7m523Wq2wd+9edp7WkYgybwPXEb12Fz68KyFyP8qqDntKdF8yO4YubUBAd7ypIV+7Cibc2h7cAJ7k2E\/5beuGPU0TI8cEMOPgWr6Yi2k4pNOnwIA7RyINnKp+cA18Iy2ps6IOEg1+7cExrZyLrT88X38FBoou8LULGQljuNiG42bfpGcUtcpowR1lHVLEb1M33B\/hQiSXHl+zLTclm4tpOih94v8kxIVctak6e7d4DTgXzWcDkKIDFVu\/rAje7eEB1sFjoib4qFPVBcx6HTimlrMdp2iCBVtJ\/ku82aOFpAvdLMaprillZf\/BT\/1jIPTN2aLMm9Ka\/3z08CRG7SB9oCRFWZwrFv8PP\/3oICZHf0MBDMXtxp5o5hOjXLYlC+7NPjUVzs6b93spOeaYI7ATmFNi2Q5xzJjMHCS0poowc+LLvOnDgTJz5uNiYsR5WwDqj+wkNgAfnAvneK0oBpPinGmhvEvTQinN+rOgCb1hDeoM1sLMu1wCgmvlMqY1lTgViJPGaXnXpoG1vLyVrA0xWND9t5YW1joAHygeY4QIak\/P2BFZXETj4MSYA3RhZiIobaMG81vdG55tW5gXD7EqEEYNGshFNQzWoqwOii7UTZSdfdoEfov6QUCDRouVZkQY2n8cF\/lgcAwq9Jc1wQotNueCWVz0HZjNZvjll1\/Y9zNnzsClS5fuiu6V74561TrG0uLgfjO56PrBVJgfLscEMQGuikXg8giwbds22LBhA7zxxhswbNgw9rls2TLm5lHgTqzAW2+9BbNmzWLs8ObNm+HEqdOg\/HASfQx0hiO6gziwz1J+i3vDnZ+hU8jR6fYcuNd7WQECedvklU+aNAkKCgoYqzJ69GgWFpDjO2jQIOb6JSQkQG5uLjvn47OVi+fBgApNCHsZ5P65a\/itaoeUn8xDwzbg+WQTE+BDSkoKRg7rGIdIN64Lx44dg3PnzrFB0nc6du76ChR0+4xBXcCDMY9ckLGV37I6hJyEYuLSKrv8FYQ9X3CRXii4JXv27Mm+3yssINAMDBgwgHFR27dvh8zMTMYIEWTDLTCjmndjzCvn66vTbPZM3WiIwdjU\/zkQj\/yddfBhzJgxjN3u168frFixAlatWsWv1A6Hw8F4LFoXxJBPnTqVX\/GCAi+zOgScqHOkvJRDbACerMTpREOxiPy7Y7zpHVA0lp6eDq+\/\/jo8++yzzNWvC+T6L1y4kEVua9asgfHjxzNSrbKyesipCB4wY3wrYkQoFmXPaabEBVnIRbe9Oog3AUZf0VMQF\/bee+9B7969WXxKnD+do2PRokW8tRdnz55lgRHRgZ988gn06tWLbeMDBw6w11ITnq0bwdjjRRBig0zNrL1TW0vqYAOxetYB3jiTBoCTVO2oLTiqCmIBo6KiYODAgSy0pMSNj1q02+3s0wfX6gqvRsUAyTIovx3KatbsUmZmS1kXcom8a1s+PoHLzXZBTXKv6kFpk5og5UX8ZV5eHpup8vJyFrMeOXKHtnUuXeAdgEYFrpqO8eWhQ\/+oaEPO2nEbmXupQalBCTQFHHOngxGtrBynEhyFWT34ratj167y34nq4BNO9JjMujBQnA7evfFwTBwDxldQc8YGeTxDS+7tmaNCegwj+QNuVCrm2CBQLGYupuGwjygFM2pMXHsO8\/DSNvxW9wa+y+aCNnw7aTcTHorRwMU9OGylBWDCXSCqQ6z24rz6Mzs+eOIj1kloeIyBXUC+eoWLrT+sBRlgoW2oDb1mHjr0KS72wSEkRCyRiWhDSyiduT\/RxiCJXrINnWEpPvycqWLOk1xcwyEmRs0EGki350E8cbdWrQoF1bZZF85yfUJ8+Gnc6\/\/OxTQeQnLMOIjqyXwM4eB+fsvquM1\/4u4SkyKPlteWuG0s3EkxgyAmkCkbYY83r+uDbDBgINQdKCCSkqN34ammH4AP9tS43j462vPZVu8AfkFfQdUVRByEKylqI2\/6cGFNjkthvgc6wK4VS8EY4g8yWmKhl3oFb\/JoYNMnRDACDu2NQhxVmnYuv\/RoIeSkdJNjA62erISp\/NSvD0JZob+UFr0J7YlVSYiq9JQUzrIvWvQMv\/yvAVtheriYErObNpobIwEqjDChjZMju4OSHG0Ti\/KWWpa9\/Rxv\/tsDKpXHHPn6ZDEx8gile53oQt3CKMecpgb3ByvAOXMKbvhuQNGvSERUYpQo9M9Za5o2risX8evHsbKyx+3ZyflifNgZiFOhie3MWH6LXguez7dRiMXUL0G5eROcc6aBCbUgJVU9IX4A6OrJfdK3C\/MmB3CRvz4oI\/r8SchJKxV1oT8TAU\/VKAZ8QEteCgh7ydbVDXIvnUsXslQ9WXCnCidFE4JhZOp+ccr4KGzyGL\/NPzdgcN6TQkb8WFEXVgnRPcAa8BJQGZZ1QB4Ihw9WK8+5H2SHHVxrV4FJE4qrqS36TTgpqGekrIQT7tFDUg8BNG36tqlgH178FzFNN0PRhRnJObRgoFnp1x5sI0tBOnWCP17DoDid4P54I6sKoUmhkI0mRdQnnPe8OqzwsqL8kQ\/jH4ubJYXtPenaxYo21EauOnFPlBe3TxrNSmGaFJIEnq92giUzERUtbjm0QuToyBm6y87hA0aav9vbkg\/r0cI4ILeToI9bq2hUoojRm8G\/HVoDP7QKr4N84xof\/cODcGAfWItymE4xv\/w8UHWEnKo2eAb1nWyvqHjwCPBBQSGGoV9OTyFV86msDpY9qPWJa6d0iPOduSBRcaAggIAHsUoWi4WRgFQpS2Tfvn37YMuWLYwSI46G2MqdO3eyQgYifoitoqIpKn2kg9iozz\/\/HA4fPszKuqgd1UYRvWbH+MuDK0X47ijYh\/YHA06I6eUXGKeLvordPbDvfOfCWf\/Nh950wBfR3NVHHy0lR32D3qLiDvUHIy5TMyo216oKUDjVJqFypKqw1NQUlvJfsmQJY8TWr18Pn332GeNziB+igorjx48zDpkoWuKOqWiCGDNiUok7psIK+qQJpMn45ptvGIdM14kbIq6IJtIHGbekY\/wIMOKEmFBfUfWxlBDhlovzlrtXLGnPH6Xh2AW7ficW6JPlhIjjpLAoCCWnyBwfDp7N62uleqjWISMjA9q0aQMBAQHsO1WKDB48GF577TX2xmliiI2lYg2j0ch7evsSWXb06FHGWdPD04ROnjyZySA+OzQ0FDp06MA47h9\/vKOTyFshHli6dAGcUyewxJ2x+wtApTVKfLhHLszY4Jk37cEdOKgo\/4MrN6lQSYg8QwrKruqMlgEnQa8DzxfbAarWU1QBUdRU7kjFIxUVFfxs40BUJU0IyduzZw87R9uHmESitCk7Qdtr6NCh1fhX5dYNcM6fCSZ6gTh2Tyia5Xh04Hqnfe6cOF7FH7VumMoHP+nOShymJEZehNgANI8doBIVo7UwA4R9Xi69JmjZE+HvAy1tWgH0lon49S3xmnmb+oIKWb744gtGJKelpbFJISKZipipdolWTFJSEkvN1MaMy2YTS+2Yifno\/Fd04NAsk1ebm3rAPbVcjU2qMx3W0tLWnnTdRPQWDRATgNr5BdTSz7EcoXj0W6\/UOkBlQVRIReQzlRLR26HtQUs7JCQEwsPD2bJvDOghST+QbiGim5QqTQZ9\/vTTT3dR\/bXC5QLX+tW4xSOAMj+OoM7o1QaDlJmw3z13upcEd2QlVuBJM9XNmVRd0UfoCPaxw0C+cpFLuQMqnyUrQSVr9EkHWQ4aDClAf39\/9uC0Cig3QTVWpAh9bav2vVemh7YbTQBZHpJLFbVUEEZ\/z+jatSt06dKFKV5Szj7lS1mApUuXstV4P1BMZEmNY8VCAinaxEiLs2xARTNHquZZT2LkdCkuyKqg+0yFZJTbsg0pAvH4nTdKD03Kr23bttCyZUt46qmnbh+tWrWC1q1bQ8eOHVl6itJVlGOjtk8\/\/XS1ttT3mWeeYQnAukCJnri4OJZ3oxVG2QUyxbT1DAYD+046grYPTRyB\/thBB72wuqDg6nBvWIMToWaJRIqOpZhAmytNM9uelXSHR7makdHKnhAzRlIHX2dbBb07UjzWwiyQ\/r6faeodqLBy0aTpdDr21mse9AY1Gg07qM6QMpq1taH9T\/+AqAv0gOSXUOKJVoGfnx9TmDQ5ZI4pNUfJK0pQkf6gOmxKz9FK8v2BpSoo8HNVLGY5BiIqXegfMc81KWqvpSBDx6fgbkB58ROulJgSSRNyHrCzNaAT3ELFY8lKBKUG7fooQA9NvgZNwq5du2DHjh3socmKfPjhh8zC1JXdlStvoUWZBSbcCowSQE+ZEmVCUuRnzkL9\/S2KD+getnD2is2WNcEnybI40dUm82pKigb3JvQxeEXqPyOkyxfBMWMSGAI7gan7815fQxPiFlJj190qzPTnj\/jgoLJcR4ouQdSEHFFwUlw4u1QiZ4wJAtealU2aY2ssKDB0lL\/K8jq0zQUME+S4YKeg1\/zNVZpbv5RZfYBarLlJr41waUL3UgmoG2ebgiRTOMYlSxY0Sb6voRBPYHyCCp+sg7lnR5AxPnHHBtk9es08R1GRt7r3YcGRk9JN0IVtQQuk0BJkwRoqJcfsqSD\/8jMf4sMH5bBsRblQ2e05thIopSRpQ41ChnbCjYbkLhsDa2pqB3d8xEolTuWh\/CfV51K9tX3iaJAve\/\/v8zAg7P6SVblSCZS554vMMki6sKt2ve5VXMGNT182BqY8\/f+JyeHzQEvOW0+WWaaQmgrfxUayXD6Qj0C1G1SUQISyg9xqmoTEiB89vfUFGBY0XQq1KWDtl9FKToqeLMepjPTPOSr7o7yfdWABiMcOkwvLH63+oLyxGxW1WRvqLVUP9Qf2r7z40GO2PmnpTZpHfhhQsrL+7EyOGSnGBd8gBspKUS8GfJbeem\/AVyU9UBcUiwWcy95m\/2E0oE4gKybjSvAkhn8t9s2MJIXOb\/frwI3iXk9Yk6MHiGp04NACkQPHuMvMRC8VUAtY6E11NCx3gqF3GPoIcUEgJMfsdBTm9cAmv65JqIld5eV\/sKVqslDTM5LIgbEPRY6WlFhwb9vC+BH6m4dj2mtgZPmV9t6smjpYlPSadcaBRZ25qN8WLGmxOo825ABNCi19AypbI7rLxqCuYA6gfGsP+suBRUjTLLs1ov9vN99aFdYUjcqjC9uJDpwkoFkmCgGDRJNHr53lGDnyv3izfy3YspNedKVrtjiyk6eYCwoaXmPVaDRr9v8TFQlpubU33AAAAABJRU5ErkJggg==\" \/><strong>GHS05 B\u012bstami<\/strong><\/p>\n<p><strong>H314<\/strong> Izraisa smagus \u0101das apdegumus un acu boj\u0101jumus.<\/p>\n<p><img decoding=\"async\" alt=\"\" src=\"data:image\/png;base64,iVBORw0KGgoAAAANSUhEUgAAAEMAAABFCAYAAAFmlGv4AAAAAXNSR0IArs4c6QAAAARnQU1BAACxjwv8YQUAAAAJcEhZcwAAFxEAABcRAcom8z8AABYpSURBVGhDzVsJfFRF0o+LitxHIOQ+ICEkgYQrHIKAgCtyiSwo64ki4oHK4aerqwK6ivsBXsAeKq6IIgrLohyyKgpyKIooSuZMMjM5Jwe5JpNkrtRXVf3eHJk7AX7f\/\/d7mff69euurqqurqruREAb1Oz7ULpzwaNS2TMr+bf+4Kf8K8NZ6cI\/34BW\/DWZGvi5Wfkb\/xK4Ut1nu7kCITYpQboDsBpL+Deido8nDQkDk6U7gFZLC1gMBaIlZUYstLaKttasXcu\/9Jw\/PZfvnTSp0gfgG4CTp07hTytoctOlN21GpxyG9GALqiwXXQSPSoS8yKukOxc8Ktkddu7KHc4KRKR6SCwoc5KdAyC4CE7pK90BqIe6aImguqqsRH54+91t8Mabb\/C9dmQq\/0aohw\/iGxk2m026Ax42d2H802Nc4I786WOYFq5A3VRt3uAkTr9oJjike9co8Krd9zGUPnK3x0CdFfzBfwVspgxpU49Ihfov90uFvuHVCNFa8cpa0GQmSSUCquEpYP7+pPTkCddY8OPqtzeDEqUiY8bMmRCfkgRZI3KkEhTGqFRoUf4iPQlwI6ZvvwTV4GgucMfZs2chDhupr6+XSgRaW+0sNEeTiZ8j7PhHlREHJY\/eywVtcUVnb40jrmsnDgPd7El4L8lOhnJoIpSvfcopmqPHjkFcchLU1NTwswMpKJwxEbSTh\/OzDJ\/SUQ2Jhup3tjoVwmF3QNGSBaBC5XSXvQyfjchQIJPLVj4AyrQobFAq9IGAjYSKgI047DRLgyNgI5qRg0CRihYmCPw2ohqWBKaTx6Dyr2tBnR4TkCKvRqiyOicFTEf\/KwoQxjVPodmI99uQVyPKnESo3b9XehJobXVA6RMPedlCGR6NqLLiofbAHukJICo+FgYkxPM9ibhk5VJQZw8EB5e4wI0QmTTxLnz4Dj060Sc6Crr26SU9iXr6exbijB7oMTRuRJUeDeWvvuA15r7YSKcunZ2aSyBTpls4G9RjMqQSbESRGQfVr7\/ik2l9o\/pB9uiR0pMn9HfOA+3YTL6PaC5Qo41I44e2WLzkPrh\/2VLpyQVHUyPqEK5IDsGdCOJ80y8\/oV6kcIE7jBVGyC8okJ4QErma0elgNwtbQnBKx\/z9CVCjgrmj14B+EHF1J+lJtJE\/cgg4GsWaLcPZCPGu\/uBnoMkZKJV4Q507GGwV5dKTCx56QlKoP7yfLV1baEakgaVAIz15wqMRGbWfvI\/zRdhcGoIKp4Gl0sjPvuCzEYcDLf8\/XgUVip8mYrNaIb3xDZ+NEIhHFZtehMafTtGTKPQDv42Eg3Y1Ik+D4kfvA0VsD\/TGxKR1nx7hIixCiN+k56WrH8Z1fhBoh6eC8fkncCVJxKU7Huq+PiwqtgOhEYIDpbFW\/u8atiTK1Cg2njx+5AL9Vrz0Z1CSQmTGgvnEsSDS9EZAQmRWV\/51HS7SCaBEFTZJo27bkVy3\/MWnkVsDkaB4MJ\/6huuFIjLfhEgfksNDzqQmMwHqDnv682fQb+kzoD90Q\/vbrVcP+Pbb49IbgZKVy1h86qFJ6BD9GpRDHoTIlev27AQ1WgLloH5Q88E2aVTinYxHHl0O\/eJiICY5AfrGDIBbFi6Q3ggQF+iT4mV3oDiTQYMitRlLxTv+6wkmBHWQ0XDkECgHD0BnPB6q393KZb4+Ihz8\/BD0Ro7EJiXC73BBOfvTT9IbT4jvW0F\/1zy0yqmsY\/bqClR6z5YjaBY0\/nACFDh60v6KDS+IN0FQWVmJnIhit3IArrNms1l64wfYbyuGI4Xzp4EG1yYy1I7mRuklEmI+fRLUSKka44PSVcu40IFrUChIHZLOhNw48yapJDhsyI3CWRNBhcQY7pjD3CE4daRFdR6U2YnMulL0h4mUYNregpHhuXPnoKWlRSrxDTtxw9IEmvHZGBANgUL0nR02q\/RWwE1ZW4Ecc\/PpU7xkqUamQdm6J8UbH\/Q0NDRA565dICoxDiJRV5qbm6U3LtBnNCDNjPHI9SGQP2UEOBrqvPSD4DV9ZS40fnuEfXKyB8b1z3OZO4dMJhPEYHAd0ekKyMjOAovFIr0h0dKQ0HGZO5V9FfX4TLDjsundvQtehLiDPjR9dZijZ1VWHFS9uYFH6A+ybulvuwltSBrqQSrYaqoDEiAjICEE2R7U7nofFGn92X2t\/fh98VKC3FHxw3ejvcApily0GApRN0IhQSAoITJksdR+8A7qUCyo0d40HPqMy0pXP4Bu8SCOhFqU57ksXIRMiBNID5FU9beN2Dmaf3ReKXRtUv8Skgj8IXxCJMgcMh0\/wr\/uitwetIsQ6pTUsu7LT8FaYghLF3whbCJkxbVWloEyIwYKpo\/lcjnv0h6ETwRelrJiUKb0xZhkMEZIaKAmi8CnvXSETAS1TyKwVleyU6QZngJlqx6EglmTcOEaDIVTc5kKhxQohYOQiGAR4GUz1YMaHSPK9hhum8OdWokrKBb1qAwonDPFWT8chEQEydtmLAc1+Z+4KusXulZWemdvQOIwXlePHgz6BTMCWlpfCEoEaX4rLlya7BTmgJ6yS3axZrjD0WTGyDKeTbj+DzOEaEJ0G\/wSQXOARukwN6LypbNPorthHJf5YjeVW0qKQJ3aH9Royg2L5zvLg8EnEfQZfWuvvQCaMYPZRyj4\/TjxMgCIOEs56giuypSELXnkblHOf\/3DNxHYWGsLimACOimj0qFwyih04VystaM4Ftx2K3Tt0Q269uzB3heVMeUIS7URZ1AMi7B4+T1cRpz1By8iWARIQP7Usewv5k\/MBgd6WO744fRpuBIdYcrPx6ckwzW9uoNCqeR3clctOg1695Gcyij7n4e4zN+s8SYCFYxkTzqgHZeFRDm8tN1gMEDnnt0hNjkRYlNEiKDX66W3AtRfc945XmUpXql48SlRzn894SSC\/USrBQpmX8dumgoNEPJEeuuNTt26sCNMV2JqCruCbUEdNimREFRWFRJStUFsWrQFE8HTEN123fwb2PpR7sVhNgWQIkBUXCzEJCYwEZnZw3yyWi4x\/3gcFCkoGvTYKja+yGXuPmgEKyH6ivpFszluoPSKrabKr\/xk3DhrJvSPFRHbddf7t5RyScOxL0GFQbhqSBxU\/+M1LpPrMyf0d93CjqoStdmOmh24e4F1L6yDXlH9MIaNguWPLZdKA6Meg3AluozKrHi4sOOfUikSobt9nshVTBgGVmMZF4ZCxNdHjkCX3j1ZQXfu2iWVBoJoteGrQyjuFPZLK15Zw2URxhefFqvimExo\/lWKPYOIgnA+L4+j+IhOv4NyXFeCgcWOv9XbNiPXB4NyYCTU79\/N71gcpX96FFTZSRy1txSI+R4I1GBZWRl06dUTIiK8ZrlfVO94C\/3SGA7QTce+kEolImjkZZSdxpBfmRaNTos+pJWwUKeDwsLCgD6EbCkv7Kb8Yhwn9xsO7+MyGUyEA6cnoejBu5AjKK8hMayg\/pqWtfpf29+Dt9\/Zxvc+IdWrP\/QfthUKNFw1n2znMiJPhpOX8rJrWLIINKioecg2W4VQVF\/Y+OpGuBINFiXGn18rFMwTggd1337B6QklTs2a9\/4mXrWBt0DtNtAtmouEYGQ1NAHsGG17ew8AWcNzIDohjo3ViNGjpVIXaEgNGOeqsXPeHti2RbzwAS8i5PVfhx4SG69hSeg51TlFIGP33n+zUtK1\/8ABqdQlqsajyAF0hlWZCVC5dQOXebbggjcnEHZaSBC62dfzdNJSsFspEh4EuaPikmLQFxn4niArYeO5H3EGYKQ\/NB4q1z\/HZbJ++IJPIgj0TavNinHFOHTtMewfm45unc3vaAgkAtrAV+IaocpOhvLnRe4jGPwSQb3JHRbS0o4cyZ88AuxNTV6iIYqJgKaz37PnTYpd9swK6VUgsgX8EyGBV1j8JQIoF1U4fTQ4TA1OAuU+WpADJH\/VsGQofVxs4IQaggQlgtDqQLfeZgPt2CHMkUL0OUg0BOqHdkXUyH7ayi5Zfr8gMAQOyAiNCLzY7bOg34mEaEei5z13MuqMnTlA2R2KOUqWL3HWDwchEUGghsletNpakBupeKVByUN3gRbjUHKCiu67VdSTs7hhIGQiZFAfjsY6dn7UozEeGYkBEYaE3HUYInBH2EQQqCvyvigoLrrjZtaL9nUv0C4iCNSp+expsFWhJ9YRChDtJuJi4rISQRZHFp3VkA+G+xZwkkVOUTJDO8jVjuCyMIOdL0l3rEV6KH\/mcTiPbibZuPwJOaBI6gP508ZCw38PMC\/4wvodVbdwcUmY4T4gGZaqSih5bhW71Bo0eVqMeCktS5c6VywK6oxYKJgyAhqPfYWmUSwOoh2+veS4NJrhJlW71Qzlz67gqEc5LJFNLQ1at\/AmaP75DNgw8qp8Yz17Qqrh6MCMSmfHVDfnejAdEadfLhMvLi4zyHuX0812NPFGDPkUFBAjI+hcBx1tMdw+h3eiZcjaY6uqAOP6Z3F9SmQfl874KVJ648o9DRpPHOU6ZG9CyYe1FxeFGUygRKP9QjX6umsw+huAWjAIL2RCVgIUzp0CDV8IJ52qumcb6dCMnL5wNDeD8c8r+FwUxWXkRVBsZpg1CczfHccOpHiEql9kxnSYGTI5DpzjVZv+whKl41VkE9QZ8WgYc6H+6JdOBzGQK0xvZBbZqqug7NmVnOFg\/39EGihRw4oWL4SmH+nMiqvvi4V2MYMGRNrAxNfXQfXWjawFyow4yB+TgdFQFGhnTOTVQUYgJniB6krVrRgklz21nA0vaQudsaD2DUv\/CE2\/nuU6vFyH074fhMwMHjgxQOrUXlcL1W9vAc24LE4batALp1PBmkk5UPvvnVyHQMuqO6F2fKZ8x6nvvoOPdn0Em157Fbbv2AEnTp4AtVoNVqvY9uapg3WdmlKLq9Ej96LdiUVDOxA0aIw1aHRLVyzFaPBXZiD10hGmhMUMvnA60BZqwfRctPoxvCxSUEap0dr9ezi05fo+iNIbDPD4ypVwdddroHOPbtCzX19ODvbqFwlXYVmv\/pFw79L7obRMSplITXA4JN1bSnTIlMWgTO4jBJCD8Rj2X47a06L1zHqHi6DMkLNVrRgm13\/0HuRPyoa8NMoF4nRIi2LNIA9SlmAgwZw5cwbmL1wA3fv25mOalDmnowKUrqUjmz2QOSPH5oJKpZK+8I+mfAUUP3A7Tp\/+wsjiCkRLtvGZx8BaUijVCg8+mcFhmDQq2hao27cLCm6awJqgGZUBKjSMmtFpcGG7K21LtYNpqLmxEV5a\/zJ0Qi2grQPeRsArDi\/SimhkzIrVq6CiwpWxaQvSODrVJnfVolWA4e75uIRH84EROlmoQc+2YsM6j5NJ8ngCwYMZPCBxSyrBR+R1N0\/lFCFtU5FNUGUncOKUdo9C7cQde\/6zFzr36sFnv+ikEzNjYBJc1aMrDMoYDHvxvctuBG6bp4903\/TzD2C482bIS+krpi7RitOn6rWXMaytdI0rAJzMoIbFB61gOv416BfOABVOB05Xp6NtQINVSQ03igOx4bHAhW+OfgOZOcOgd3QUTo04iEsS+zt0Fp+miLE8eDq9LYgWmR7TySOgW3Aj2pR+oEXt5eMhI1KhcssGPqHlXrctIpySRettOvk16BbNBOVAXMaoIVodkAl0pMxmqhX1CGFqgzvy8\/PhgQeX8YFquogRZD+69e4J8+bfAvXShhdpRTgrA1V1DgUv06lvQPeH34MCnT+a0ixYZMqFf20Bu1n00Xali3BYLNB47izoFy\/gswuUqKIdGw0aJCPOO2ulkBTZkY6e7CDQeart77\/HjOge2Yf3P7tH9sYpkg4bNm0KegotGEi\/Ze+W9t4bPt+HU30aerGxGBSi0UdvmHJhtR+\/h5rS5LE5HGF8+Tn+9yJFUm\/QTh7FxjF\/ai40njkhVbn4+OnsWYhEA3pNz+68IUwnJMdPmQQnvzsVljYEg+zi2+uqoXzNavRR0LiOwygZmXK+ewQYcDo15wnHjcA2w1JdAaVrn+B\/GKM0NmmGIjkSipfcCs3nf+aKbFM6SKj8PTlXY68dDz0i++IKEs+bC7NmzxJb9B0E9SFPfXtjA1T9fRNrO29u43Sh3TLdnCnQ+KO3sCNITeQhtqh+g9KVSzm2oKSilhpBppQ+vgRsFUVch+q2lynyd7RaHDz8OeROuBb69+8P10+9Hg4cOsjv2gM2\/di2TJaj2Yxe8EegHo\/e8RDyidL5TDf9b1PdVwfZMaSqbQXstpq4XN9mxa9QtOxOtsTk+tK5BdqDpGOxVgzNLxXay2QC0U5f1x3YA1oMCRTkGFLaIHUAZ9Fq9+6EVmtge+TyM6glvIjLMknmn3+Eogfu4KVVhVNHnZMEKlxpyv\/yNFjKJYcmjAHIdYuKDLBq9WqIR3txxTVXQ7+YaFixaiXo9LrQ28NqJFliAl10orvghnGQl9QH\/Qx0DFEjtNdlw4Vd77KmOBGgeQ+nSwYzxG36NJ0+DkV0MCETXV708ui\/wJQpkWiUngA7Rq0EWm1CGcfp06dhIhpLcr37xUaz9xmdiHbj6k4w5tproabWbQn3AWKWfKqX9qQbcO4XTBstQn1KH6RHQ8Gk4VCz\/S1wSD4Ra00IxPlkhjsoyuSu8bfxu+Ogmzcdp08cOmO4duMypcxOgvJ1T\/JhmlDw22+\/wez586BLnx58zJ20g5yviKuv5OMkdXWCucHQcOoo5N8wVpyZQNtGq6AaVwo69mqvFwyl4YcgHyeCMkMGMVZumHKTultuYKOkIZUcipEjMqh6M3p5GNoTfElCLqPz\/W9u2cxO1sRJ18Hcm+fC+x\/u4He+wNog9d545nvQozOlTOzF2wwkEM1I9DBfX8\/H8DuCkJlBECrqGqTp0KdQOH0srz60fClGJIMCvdbKjS+Bo0H8ryxX9+ZLUNB3slGnz5tVeVA4ZzIGZBilkmHMSoR87LN83dNgrxZGnbvCD9vRHSMsZsigHUx2ZeneZmNN0eA8VdHRPUrk4ipESZ7qdza7pfsEocEoZea5VWpBP6do8S0iGkUjrhqOPhC2T6d5rMZyQQNd4sMOoV3McAev1dJ9\/aF96L2iMRsUCVqMHJXpyJQJ2VCzcxufEiUEJBrfyZrXdP4X\/kchSvep6HhzTipOxRjegLIaRL6CjPbFRIeZQRASd1FWu3snJ3GVQ9HQ5qLjhvakcNoYqPvkAxEPYB2ZKfTjnp+g0wTF997KA+f\/KUPnT4XBYsmDd4OtzJWfYCvi1ufFwEVhhgySKq0+fI+Drtm9g0N\/BQ0Mpw9Z\/sJ5U6Dh0F4cjagnD4eSNKWP3QtqOrZFiV+sn4dGsmjJIrCWlnAd2X5cKlxUZsggouWDLWg04MK7W9nYkTfI+RE0grQamb8\/DhZNHpSvfRJtQixnv1mjMHoufvgeZJCaWnBOnUuNS8IM1n2ZGRIcdgtU\/\/1V1JRkDqPpf7d5o4j+ExKXZzq2pkwbAPo\/zoFmvZa\/Ed9jO5eHF5eIGW1Ac1s2dnZTHVS99ToffSVGaMcNBUViT9AvmglN+SpmgLjENLqcuCzMkOHOFKuxBEoeuw8KbrwW6veL\/5Nmm3C51MAHLisz\/n8D4P8AaQAOrDiATFIAAAAASUVORK5CYII=\" \/><strong>GHS07 Br\u012bdin\u0101jums<\/strong><\/p>\n<p><strong>H302<\/strong> Kait\u012bgs, ja norij.<\/p>\n<p>Dro&scaron;\u012bbas pras\u012bbu apz\u012bm\u0113jumi:<\/p>\n<p>P101 Medic\u012bniska padoma nepiecie&scaron;am\u012bbas gad\u012bjum\u0101 attiec\u012bg\u0101 inform\u0101cija ir nor\u0101d\u012bta uz iepakojuma vai eti\u0137etes.<\/p>\n<p>P102 Sarg\u0101t no b\u0113rniem.<\/p>\n<p>P260 Neieelpot putek\u013cus.<\/p>\n<p>P264 P\u0113c izmanto&scaron;anas rokas k\u0101rt\u012bgi nomazg\u0101t.<\/p>\n<p>P270 Ne\u0113st, nedzert un nesm\u0113\u0137\u0113t produkta izmanto&scaron;anas laik\u0101.<\/p>\n<p>P280 Izmantot aizsargcimdus\/acu aizsargus\/sejas aizsargus.<\/p>\n<p>P301+P312 NOR\u012a&Scaron;ANAS GAD\u012aJUM\u0100: Nekav\u0113joties sazinieties ar SAIND\u0112&Scaron;AN\u0100S INFORM\u0100CIJAS CENTRU\/\u0101rstu.<\/p>\n<p>P301+P330+P331 NOR\u012a&Scaron;ANAS GAD\u012aJUM\u0100: Izskalot muti. NEIZRAIS\u012aT vem&scaron;anu.<\/p>\n<p>P303+P361+P353 SASKAR\u0112 AR \u0100DU (vai matiem): Nekav\u0113joties novilkt visu pies\u0101r\u0146oto ap\u0123\u0113rbu. Noskalot \u0101du ar \u016bdeni [vai iet du&scaron;\u0101].<\/p>\n<p>P304+P340 IEELPO&Scaron;ANAS GAD\u012aJUM\u0100: nog\u0101d\u0101t cietu&scaron;o svaig\u0101 gais\u0101 un nodro&scaron;in\u0101t netrauc\u0113tu elpo&scaron;anu.<\/p>\n<p>P305+P351+P338 SASKAR\u0112 AR AC\u012aM: Uzman\u012bgi izskalot ar \u016bdeni vair\u0101kas min\u016btes. Iz\u0146emt kontaktl\u0113cas, ja t\u0101s ir ievietotas un ja to var vienk\u0101r&scaron;i izdar\u012bt. Turpin\u0101t skalot.<\/p>\n<p>P310 Nekav\u0113joties sazinieties ar SAIND\u0112&Scaron;AN\u0100S INFORM\u0100CIJAS CENTRU\/\u0101rstu.<\/p>\n<p>P501 Atbr\u012bvoties no satura\/tvertnes\/ iepakojuma saska\u0146\u0101 ar valsts noteikumiem.<\/p>\n","protected":false},"excerpt":{"rendered":"<p>Ve\u013cas pulveris piem\u0113rots gan autom\u0101tiskai mazg\u0101&scaron;anai, gan mazg\u0101&scaron;anai ar rok\u0101m. Nodro&scaron;ina augstu mazg\u0101&scaron;anas efektivit\u0101ti. Piem\u0113rots kokvilnas, lina, jauktu un sint\u0113tisko audumu mazg\u0101&scaron;anai. Nesatur fosf\u0101tus. Satur \u016bdens m\u012bkstin\u0101t\u0101ju. R\u016bp\u012bgi iev\u0113rojiet nor\u0101d\u012bjumus uz izstr\u0101d\u0101jumu eti\u0137et\u0113m. 40\u202f&deg;C &mdash; kr\u0101sainai ve\u013cai. 60\u202f&deg;C &mdash; ve\u013cai, kas neizbal\u0113. 95-100\u202f&deg;C &mdash; baltai ve\u013cai. Lieto&scaron;ana:&nbsp;Deva mazg\u0101jam\u0101m ma&scaron;\u012bn\u0101m nor\u0101d\u012bta uz 4&ndash;5 kg ve\u013cas un [&#8230;]\n","protected":false},"featured_media":102038,"template":"","meta":[],"product_cat":[1483],"product_tag":[],"class_list":{"0":"post-102036","1":"product","2":"type-product","3":"status-publish","4":"has-post-thumbnail","6":"product_brand-karapuz_ua-lt","7":"product_cat-plovikliai","9":"first","10":"instock","11":"taxable","12":"shipping-taxable","13":"product-type-simple"},"_links":{"self":[{"href":"https:\/\/e.kosmolat.eu\/lt\/wp-json\/wp\/v2\/product\/102036","targetHints":{"allow":["GET"]}}],"collection":[{"href":"https:\/\/e.kosmolat.eu\/lt\/wp-json\/wp\/v2\/product"}],"about":[{"href":"https:\/\/e.kosmolat.eu\/lt\/wp-json\/wp\/v2\/types\/product"}],"wp:featuredmedia":[{"embeddable":true,"href":"https:\/\/e.kosmolat.eu\/lt\/wp-json\/wp\/v2\/media\/102038"}],"wp:attachment":[{"href":"https:\/\/e.kosmolat.eu\/lt\/wp-json\/wp\/v2\/media?parent=102036"}],"wp:term":[{"taxonomy":"product_cat","embeddable":true,"href":"https:\/\/e.kosmolat.eu\/lt\/wp-json\/wp\/v2\/product_cat?post=102036"},{"taxonomy":"product_tag","embeddable":true,"href":"https:\/\/e.kosmolat.eu\/lt\/wp-json\/wp\/v2\/product_tag?post=102036"}],"curies":[{"name":"wp","href":"https:\/\/api.w.org\/{rel}","templated":true}]}}