{"id":102012,"date":"2025-10-28T16:08:27","date_gmt":"2025-10-28T16:08:27","guid":{"rendered":"https:\/\/e.kosmolat.eu\/product\/r-o-c-s-pro-colors-zobu-birste-pieaugusajiem-videji-cieta\/"},"modified":"2025-10-28T16:08:34","modified_gmt":"2025-10-28T16:08:34","slug":"r-o-c-s-pro-colors-zobu-birste-pieaugusajiem-videji-cieta","status":"publish","type":"product","link":"https:\/\/e.kosmolat.eu\/lt\/produktas\/r-o-c-s-pro-colors-zobu-birste-pieaugusajiem-videji-cieta\/","title":{"rendered":"R.O.C.S. mediumDant\u0173 \u0161epet\u0117lis, mink\u0161tas"},"content":{"rendered":"<p>SUKURTA BENDRADARBIAUJANT SU ODONTOLOGAIS.<\/p>\n<p>Auk\u0161tos kokyb\u0117s \u0161ereliai su tekst\u016bruotu pavir\u0161iumi u\u017etikrina didesn\u012f valymo pavir\u0161i\u0173 ir puik\u0173 apna\u0161\u0173 \u0161alinim\u0105. Apval\u016bs ir poliruoti galiukai u\u017etikrina, kad \u0161ereliai b\u016bt\u0173 \u0161veln\u016bs dantims, dantenoms ar implantams. Specialiai sukurta plona, lenkta rankena. Patogus valymas ir apsauga nuo per didelio spaudimo. Dant\u0173 \u0161epet\u0117lis yra higieni\u0161kas ir lengvai valomas.<\/p>\n<p>Kaip pri\u017ei\u016br\u0117ti dant\u0173 \u0161epet\u0117l\u012f:<br \/>\nPrie\u0161 ir po kiekvieno naudojimo nuplaukite \u0161erelius \u0161iltu vandeniu. I\u0161d\u017eiovinkite ir laikykite dant\u0173 \u0161epet\u0117l\u012f vertikaliai. Nelaikykite \u0161epet\u0117li\u0173 per arti vienas kito.<\/p>\n<p>Sud\u0117tis:<br \/>\n\u0161ereliai &#8211; poliamido si\u016blai<br \/>\nranken\u0117l\u0117 \u2013 PET<\/p>\n<p>Galiojimo laikas neribojamas.<\/p>\n<p>Odontologai rekomenduoja keisti dant\u0173 \u0161epet\u0117l\u012f kas 3 m\u0117nesius arba da\u017eniau, jei jis susid\u0117vi.<\/p>\n","protected":false},"excerpt":{"rendered":"<p>SUKURTA BENDRADARBIAUJANT SU ODONTOLOGAIS. Auk\u0161tos kokyb\u0117s \u0161ereliai su tekst\u016bruotu pavir\u0161iumi u\u017etikrina didesn\u012f valymo pavir\u0161i\u0173 ir puik\u0173 apna\u0161\u0173 \u0161alinim\u0105. Apval\u016bs ir poliruoti galiukai u\u017etikrina, kad \u0161ereliai b\u016bt\u0173 \u0161veln\u016bs dantims, dantenoms ar implantams. Specialiai sukurta plona, lenkta rankena. Patogus valymas ir apsauga nuo per didelio spaudimo. Dant\u0173 \u0161epet\u0117lis yra higieni\u0161kas ir lengvai valomas. Kaip pri\u017ei\u016br\u0117ti dant\u0173 \u0161epet\u0117l\u012f: [&#8230;]\n","protected":false},"featured_media":102014,"template":"","meta":[],"product_cat":[1354],"product_tag":[],"class_list":{"0":"post-102012","1":"product","2":"type-product","3":"status-publish","4":"has-post-thumbnail","6":"product_brand-rocs-lt","7":"product_cat-dantu-sepeteliai","9":"first","10":"instock","11":"taxable","12":"shipping-taxable","13":"product-type-simple"},"_links":{"self":[{"href":"https:\/\/e.kosmolat.eu\/lt\/wp-json\/wp\/v2\/product\/102012","targetHints":{"allow":["GET"]}}],"collection":[{"href":"https:\/\/e.kosmolat.eu\/lt\/wp-json\/wp\/v2\/product"}],"about":[{"href":"https:\/\/e.kosmolat.eu\/lt\/wp-json\/wp\/v2\/types\/product"}],"wp:featuredmedia":[{"embeddable":true,"href":"https:\/\/e.kosmolat.eu\/lt\/wp-json\/wp\/v2\/media\/102014"}],"wp:attachment":[{"href":"https:\/\/e.kosmolat.eu\/lt\/wp-json\/wp\/v2\/media?parent=102012"}],"wp:term":[{"taxonomy":"product_cat","embeddable":true,"href":"https:\/\/e.kosmolat.eu\/lt\/wp-json\/wp\/v2\/product_cat?post=102012"},{"taxonomy":"product_tag","embeddable":true,"href":"https:\/\/e.kosmolat.eu\/lt\/wp-json\/wp\/v2\/product_tag?post=102012"}],"curies":[{"name":"wp","href":"https:\/\/api.w.org\/{rel}","templated":true}]}}