{"id":101972,"date":"2025-10-28T16:07:18","date_gmt":"2025-10-28T16:07:18","guid":{"rendered":"https:\/\/e.kosmolat.eu\/product\/shagun-gold-dabiga-indijas-henna-matu-krasosanai-25-g\/"},"modified":"2025-10-28T16:07:25","modified_gmt":"2025-10-28T16:07:25","slug":"shagun-gold-dabiga-indijas-henna-matu-krasosanai-25-g","status":"publish","type":"product","link":"https:\/\/e.kosmolat.eu\/lt\/produktas\/shagun-gold-dabiga-indijas-henna-matu-krasosanai-25-g\/","title":{"rendered":"SHAGUN GOLD Henna Powder 25G \/ SHAGUN GOLD \u041d\u0105\u0442\u0443\u0161\u0105\u0117\u00fc\u043d\u0105 \u013c\u043d\u00e4\u0145\u0439\u0441\u00fc\u043a\u0105 \u00d5\u043d\u0105 \u00e4\u0117\u044f \u0432\u043e\u0117\u043e\u0441\u0441\u044f 25 \u0146"},"content":{"rendered":"<p>SHAGUN GOLD HENNA yra viena geriausi\u0173 plauk\u0173 prie\u017ei\u016bros priemoni\u0173 rinkoje. Ji ne tik da\u017eo plaukus, suteikdama jiems ry\u0161ki\u0105 ir sodri\u0105 spalv\u0105, bet ir stabdo plauk\u0173 slinkim\u0105, stiprina \u0161aknis ir skatina sveik\u0105 plauk\u0173 augim\u0105. SHAGUN GOLD Chna yra nat\u016bral\u016bs, ilgai i\u0161liekantys da\u017eai, kurie \u012fsiskverbia \u012f plauk\u0173 strukt\u016br\u0105 ir suteikia nat\u016bral\u0173 blizges\u012f. Indi\u0161ka chna pasi\u017eymi i\u0161skirtin\u0117mis \u017eil\u0173 plauk\u0173 maskavimo savyb\u0117mis. Po da\u017eymo, plaukams augant, tereikia pataisyti \u0161aknis. Naudojant chn\u0105 kartu su basma, galima i\u0161gauti tamsesnius atspalvius.<\/p>\n<p>Naudojimas:<br \/>\nPrie\u0161 da\u017eym\u0105 i\u0161plaukite ir lengvai nusausinkite plaukus. Atidarykite mai\u0161el\u012f ir supilkite turin\u012f \u012f patog\u0173 nemetalin\u012f ind\u0105. \u012epilkite \u0161ilto vandens ir gerai i\u0161mai\u0161ykite iki vientisos mas\u0117s (chna ir vandens santykis 1:3), kol mi\u0161inys pasieks grietin\u0117s konsistencij\u0105. U\u017etepkite \u0161iek tiek atv\u0117sus\u012f mi\u0161in\u012f ant plauk\u0173. Da\u017eymo laikas yra nuo 25 iki 45 minu\u010di\u0173, priklausomai nuo norimos spalvos. Po da\u017eymo plaukus gausiai i\u0161skalaukite vandeniu be \u0161amp\u016bno. Galutin\u0117 spalva pasirodys per 24 valandas.<\/p>\n<p>Atsargumo priemon\u0117s: Niekada nenaudokite \u0161ios chnos blakstienoms ar antakiams da\u017eyti.<\/p>\n<p>Laikymo s\u0105lygos: nuo +5 \u00b0C iki +25 \u00b0C.<\/p>\n<p>Geriausias: 48 m\u0117nesiai nuo pagaminimo datos.<\/p>\n","protected":false},"excerpt":{"rendered":"<p>SHAGUN GOLD HENNA yra viena geriausi\u0173 plauk\u0173 prie\u017ei\u016bros priemoni\u0173 rinkoje. Ji ne tik da\u017eo plaukus, suteikdama jiems ry\u0161ki\u0105 ir sodri\u0105 spalv\u0105, bet ir stabdo plauk\u0173 slinkim\u0105, stiprina \u0161aknis ir skatina sveik\u0105 plauk\u0173 augim\u0105. SHAGUN GOLD Chna yra nat\u016bral\u016bs, ilgai i\u0161liekantys da\u017eai, kurie \u012fsiskverbia \u012f plauk\u0173 strukt\u016br\u0105 ir suteikia nat\u016bral\u0173 blizges\u012f. Indi\u0161ka chna pasi\u017eymi i\u0161skirtin\u0117mis \u017eil\u0173 [&#8230;]\n","protected":false},"featured_media":101974,"template":"","meta":[],"product_cat":[1660],"product_tag":[],"class_list":{"0":"post-101972","1":"product","2":"type-product","3":"status-publish","4":"has-post-thumbnail","6":"product_brand-replay_kr-lt","7":"product_cat-chna-ir-basma","9":"first","10":"outofstock","11":"taxable","12":"shipping-taxable","13":"product-type-simple"},"_links":{"self":[{"href":"https:\/\/e.kosmolat.eu\/lt\/wp-json\/wp\/v2\/product\/101972","targetHints":{"allow":["GET"]}}],"collection":[{"href":"https:\/\/e.kosmolat.eu\/lt\/wp-json\/wp\/v2\/product"}],"about":[{"href":"https:\/\/e.kosmolat.eu\/lt\/wp-json\/wp\/v2\/types\/product"}],"wp:featuredmedia":[{"embeddable":true,"href":"https:\/\/e.kosmolat.eu\/lt\/wp-json\/wp\/v2\/media\/101974"}],"wp:attachment":[{"href":"https:\/\/e.kosmolat.eu\/lt\/wp-json\/wp\/v2\/media?parent=101972"}],"wp:term":[{"taxonomy":"product_cat","embeddable":true,"href":"https:\/\/e.kosmolat.eu\/lt\/wp-json\/wp\/v2\/product_cat?post=101972"},{"taxonomy":"product_tag","embeddable":true,"href":"https:\/\/e.kosmolat.eu\/lt\/wp-json\/wp\/v2\/product_tag?post=101972"}],"curies":[{"name":"wp","href":"https:\/\/api.w.org\/{rel}","templated":true}]}}