{"id":101780,"date":"2025-10-28T16:01:50","date_gmt":"2025-10-28T16:01:50","guid":{"rendered":"https:\/\/e.kosmolat.eu\/product\/gp-mikstinoss-kaju-krems-75-ml\/"},"modified":"2025-10-28T16:01:50","modified_gmt":"2025-10-28T16:01:50","slug":"gp-mikstinoss-kaju-krems-75-ml","status":"publish","type":"product","link":"https:\/\/e.kosmolat.eu\/lt\/produktas\/gp-mikstinoss-kaju-krems-75-ml\/","title":{"rendered":"GP M\u012bkstino\u0161s k\u0101ju kr\u0113ms, 75 ml"},"content":{"rendered":"<p>Kr\u0113ms efekt\u012bvi m\u012bkstina tulznas un sabiez\u0113ju\u0161\u0101s \u0101das zonas, samazinot t\u0101s raupjumu un plaisu veido\u0161anos. Regul\u0101ri lietojot 21 dienas laik\u0101, iev\u0113rojami samazina sabiez\u0113ju\u0161o sl\u0101ni, padarot \u0101du m\u012bkstu un gludu.Kr\u0113ms mitrina p\u0113du \u0101du, nov\u0113r\u0161 sausumu, mazina plaisu par\u0101d\u012b\u0161anos pap\u0113\u017eos un pal\u012bdz nov\u0113rst to veido\u0161anos n\u0101kotn\u0113. Atst\u0101j pat\u012bkamu arom\u0101tu un svaiguma saj\u016btu, sniedz komfortu un p\u0101rliec\u012bbu. Veg\u0101nisks produkts.<\/p>\n<p>Akt\u012bvo sast\u0101vda\u013cu komplekss:<br \/>\n\u2022 Ur\u012bnviela \u2013 intens\u012bvi mitrina, m\u012bkstina sabiez\u0113ju\u0161o \u0101das sl\u0101ni un atvieglo t\u0101 no\u0146em\u0161anu.<br \/>\n\u2022 AHA sk\u0101bes \u2013 maigi noloba, veicina \u0101das atjauno\u0161anos un uzlabo t\u0101s tekst\u016bru.<br \/>\n\u2022 Glicer\u012bns \u2013 mitrina, uztur \u0101das elast\u012bbu un nov\u0113r\u0161 sausumu.<br \/>\n\u2022 Rozmar\u012bna e\u013c\u013ca \u2013 baro, toniz\u0113 un pal\u012bdz mazin\u0101t diskomfortu.<\/p>\n<p>Lieto\u0161ana: uzkl\u0101jiet ar viegl\u0101m mas\u0113jo\u0161\u0101m kust\u012bb\u0101m uz t\u012bras, sausas p\u0113du \u0101das l\u012bdz piln\u012bgai uzs\u016bk\u0161anai.<\/p>\n<p>Pieardz\u012bbas pas\u0101kumi: iesp\u0113jama individu\u0101la jut\u012bba pret atsevi\u0161\u0137\u0101m sast\u0101vda\u013c\u0101m.<\/p>\n<p>Der\u012bguma termi\u0146\u0161: 30 m\u0113ne\u0161i no izgatavo\u0161anas datuma.<\/p>\n<p>Uzglab\u0101\u0161anas temperat\u016bra: no +5 \u00b0C l\u012bdz +25 \u00b0C.<\/p>\n","protected":false},"excerpt":{"rendered":"<p>Kr\u0113ms efekt\u012bvi m\u012bkstina tulznas un sabiez\u0113ju\u0161\u0101s \u0101das zonas, samazinot t\u0101s raupjumu un plaisu veido\u0161anos. Regul\u0101ri lietojot 21 dienas laik\u0101, iev\u0113rojami samazina sabiez\u0113ju\u0161o sl\u0101ni, padarot \u0101du m\u012bkstu un gludu.Kr\u0113ms mitrina p\u0113du \u0101du, nov\u0113r\u0161 sausumu, mazina plaisu par\u0101d\u012b\u0161anos pap\u0113\u017eos un pal\u012bdz nov\u0113rst to veido\u0161anos n\u0101kotn\u0113. Atst\u0101j pat\u012bkamu arom\u0101tu un svaiguma saj\u016btu, sniedz komfortu un p\u0101rliec\u012bbu. Veg\u0101nisks produkts. [&#8230;]\n","protected":false},"featured_media":101782,"template":"","meta":[],"product_cat":[1763],"product_tag":[],"class_list":{"0":"post-101780","1":"product","2":"type-product","3":"status-publish","4":"has-post-thumbnail","6":"product_brand-elfa_ua-lt","7":"product_cat-koju-prieziuros-kosmetika","9":"first","10":"instock","11":"taxable","12":"shipping-taxable","13":"product-type-simple"},"_links":{"self":[{"href":"https:\/\/e.kosmolat.eu\/lt\/wp-json\/wp\/v2\/product\/101780","targetHints":{"allow":["GET"]}}],"collection":[{"href":"https:\/\/e.kosmolat.eu\/lt\/wp-json\/wp\/v2\/product"}],"about":[{"href":"https:\/\/e.kosmolat.eu\/lt\/wp-json\/wp\/v2\/types\/product"}],"wp:featuredmedia":[{"embeddable":true,"href":"https:\/\/e.kosmolat.eu\/lt\/wp-json\/wp\/v2\/media\/101782"}],"wp:attachment":[{"href":"https:\/\/e.kosmolat.eu\/lt\/wp-json\/wp\/v2\/media?parent=101780"}],"wp:term":[{"taxonomy":"product_cat","embeddable":true,"href":"https:\/\/e.kosmolat.eu\/lt\/wp-json\/wp\/v2\/product_cat?post=101780"},{"taxonomy":"product_tag","embeddable":true,"href":"https:\/\/e.kosmolat.eu\/lt\/wp-json\/wp\/v2\/product_tag?post=101780"}],"curies":[{"name":"wp","href":"https:\/\/api.w.org\/{rel}","templated":true}]}}